{"id":155,"date":"2025-12-10T16:19:13","date_gmt":"2025-12-10T16:19:13","guid":{"rendered":"https:\/\/30th.ma\/terminos-y-condiciones\/"},"modified":"2025-12-10T16:19:23","modified_gmt":"2025-12-10T16:19:23","slug":"terms-and-conditions","status":"publish","type":"page","link":"https:\/\/30th.ma\/en\/terminos-y-condiciones\/","title":{"rendered":"Terms and Conditions"},"content":{"rendered":"\t\t<div data-elementor-type=\"wp-page\" data-elementor-id=\"155\" class=\"elementor elementor-155\" data-elementor-post-type=\"page\">\n\t\t\t\t<div class=\"elementor-element elementor-element-v6icu54b twbb_section e-con-boxed e-flex e-con e-parent\" data-id=\"v6icu54b\" data-element_type=\"container\" data-e-type=\"container\">\n\t\t\t\t\t<div class=\"e-con-inner\">\n\t\t\t\t<div class=\"elementor-element elementor-element-qrxuxoxu elementor-widget__width-initial elementor-widget-mobile__width-inherit elementor-widget-tablet__width-initial elementor-invisible elementor-widget elementor-widget-heading\" data-id=\"qrxuxoxu\" data-element_type=\"widget\" data-e-type=\"widget\" data-settings=\"{&quot;_animation&quot;:&quot;fadeInUp&quot;}\" data-widget_type=\"heading.default\">\n\t\t\t\t\t<h1 class=\"elementor-heading-title elementor-size-default\">T\u00e9rminos y condiciones<\/h1>\t\t\t\t<\/div>\n\t\t\t\t\t<\/div>\n\t\t\t\t<\/div>\n\t\t<div class=\"elementor-element elementor-element-5ck2ogq1 twbb_section e-con-boxed e-flex e-con e-parent\" data-id=\"5ck2ogq1\" data-element_type=\"container\" data-e-type=\"container\">\n\t\t\t\t\t<div class=\"e-con-inner\">\n\t\t\t\t<div class=\"elementor-element elementor-element-wtiurg7f elementor-widget__width-initial elementor-widget-mobile__width-inherit elementor-widget-tablet__width-initial elementor-invisible elementor-widget elementor-widget-text-editor\" data-id=\"wtiurg7f\" data-element_type=\"widget\" data-e-type=\"widget\" data-settings=\"{&quot;_animation&quot;:&quot;fadeInUp&quot;}\" data-widget_type=\"text-editor.default\">\n\t\t\t\t\t\t\t\t\t<p>\u00a1Bienvenido a 3.0th! Estos t\u00e9rminos y condiciones describen las reglas y regulaciones para el uso de nuestro sitio web y la compra de nuestros productos.<\/p>\n\n<p>Al acceder a este sitio web y\/o realizar un pedido, usted acepta estos t\u00e9rminos y condiciones en su totalidad. Si no est\u00e1 de acuerdo con estos t\u00e9rminos y condiciones o con alguna parte de estos t\u00e9rminos y condiciones, no debe utilizar este sitio web.<\/p>\n\n<p><b>1. Propiedad intelectual<\/b><\/p>\n\n<p>A menos que se indique lo contrario, 3.0th y\/o sus licenciantes son propietarios de los derechos de propiedad intelectual de todo el material de este sitio web. Todos los derechos de propiedad intelectual est\u00e1n reservados. Puede ver, descargar para fines de almacenamiento en cach\u00e9 \u00fanicamente e imprimir p\u00e1ginas del sitio web para su uso personal, sujeto a las restricciones que se establecen a continuaci\u00f3n y en otras partes de estos t\u00e9rminos y condiciones.<\/p>\n\n<p>No debe:<\/p>\n\n<ul>\n <li>Republicar material de este sitio web (incluida la republicaci\u00f3n en otro sitio web).<\/li>\n <li>Vender, alquilar o sublicenciar material del sitio web.<\/li>\n <li>Mostrar cualquier material del sitio web en p\u00fablico.<\/li>\n <li>Reproducir, duplicar, copiar o explotar de otro modo material de este sitio web con fines comerciales.<\/li>\n <li>Editar o modificar de otro modo cualquier material del sitio web.<\/li>\n <li>Redistribuir material de este sitio web, excepto el contenido que se haya puesto a disposici\u00f3n espec\u00edficamente y de forma expresa para su redistribuci\u00f3n.<\/li>\n<\/ul>\n\n<p><b>2. Uso aceptable<\/b><\/p>\n\n<p>No debe utilizar este sitio web de ninguna manera que cause o pueda causar da\u00f1os al sitio web o menoscabo de la disponibilidad o accesibilidad del sitio web; o de cualquier manera que sea ilegal, fraudulenta o perjudicial, o en relaci\u00f3n con cualquier prop\u00f3sito o actividad ilegal, fraudulenta o perjudicial.<\/p>\n\n<p>No debe utilizar este sitio web para copiar, almacenar, alojar, transmitir, enviar, utilizar, publicar o distribuir ning\u00fan material que consista en (o est\u00e9 vinculado a) cualquier software esp\u00eda, virus inform\u00e1tico, caballo de Troya, gusano, registrador de pulsaciones de teclas, rootkit u otro software inform\u00e1tico malicioso.<\/p>\n\n<p>No debe llevar a cabo ninguna actividad sistem\u00e1tica o automatizada de recopilaci\u00f3n de datos (incluida, entre otras, la extracci\u00f3n, la miner\u00eda, la extracci\u00f3n y la recopilaci\u00f3n de datos) en o en relaci\u00f3n con este sitio web sin el consentimiento expreso por escrito de 3.0th.<\/p>\n\n<p><b>3. Pedidos y pago<\/b><\/p>\n\n<p>Todos los pedidos est\u00e1n sujetos a aceptaci\u00f3n y disponibilidad. 3.0th se reserva el derecho de rechazar cualquier pedido.<\/p>\n\n<p>Los precios de los productos est\u00e1n sujetos a cambios sin previo aviso. Nos reservamos el derecho de modificar o interrumpir el producto (o cualquier parte o contenido del mismo) en cualquier momento sin previo aviso.<\/p>\n\n<p>El pago debe recibirse en su totalidad antes de que se env\u00ede un pedido. Aceptamos varias formas de pago como se indica en nuestro sitio web.<\/p>\n\n<p><b>4. Env\u00edo y entrega<\/b><\/p>\n\n<p>Nuestro objetivo es enviar los pedidos con prontitud. Los plazos de entrega pueden variar en funci\u00f3n de su ubicaci\u00f3n y del m\u00e9todo de env\u00edo seleccionado. 3.0th no se hace responsable de los retrasos causados por los servicios postales o las aduanas.<\/p>\n\n<p><b>5. Devoluciones y reembolsos<\/b><\/p>\n\n<p>Nuestra pol\u00edtica de devoluciones y reembolsos tiene una duraci\u00f3n de 30 d\u00edas. Si han transcurrido 30 d\u00edas desde su compra, lamentablemente no podemos ofrecerle un reembolso o cambio.<\/p>\n\n<p>Para poder optar a una devoluci\u00f3n, su art\u00edculo debe estar sin usar y en las mismas condiciones en que lo recibi\u00f3. Tambi\u00e9n debe estar en el embalaje original.<\/p>\n\n<p><b>6. Limitaci\u00f3n de responsabilidad<\/b><\/p>\n\n<p>3.0th no ser\u00e1 responsable de ninguna p\u00e9rdida o da\u00f1o indirecto, especial o consecuente que surja en relaci\u00f3n con el uso de este sitio web o la compra de nuestros productos.<\/p>\n\n<p>Nuestra responsabilidad hacia usted en relaci\u00f3n con cualquier pedido no exceder\u00e1 el precio total cobrado por los art\u00edculos correspondientes.<\/p>\n\n<p><b>7. Certificaciones Halal y Ecol\u00f3gicas<\/b><\/p>\n\n<p>Garantizamos que nuestros productos cumplen con los est\u00e1ndares de las certificaciones Halal y Ecol\u00f3gicas como se indica en nuestro sitio web. Estas certificaciones son proporcionadas por entidades reconocidas y garantizan que nuestros productos se adhieren a directrices \u00e9ticas y de calidad espec\u00edficas.<\/p>\n\n<p><b>8. Variaci\u00f3n<\/b><\/p>\n\n<p>3.0th puede revisar estos t\u00e9rminos y condiciones de vez en cuando. Los t\u00e9rminos y condiciones revisados se aplicar\u00e1n al uso de este sitio web a partir de la fecha de publicaci\u00f3n de los t\u00e9rminos y condiciones revisados en este sitio web. Por favor, revise esta p\u00e1gina regularmente para asegurarse de que est\u00e1 familiarizado con la versi\u00f3n actual.<\/p>\n\n<p><b>9. Cesi\u00f3n<\/b><\/p>\n\n<p>3.0th puede transferir, subcontratar o negociar de otro modo los derechos y\/u obligaciones de 3.0th en virtud de estos t\u00e9rminos y condiciones sin notificarle ni obtener su consentimiento.<\/p>\n\n<p>Usted no puede transferir, subcontratar o negociar de otro modo sus derechos y\/u obligaciones en virtud de estos t\u00e9rminos y condiciones.<\/p>\n\n<p><b>10. Divisibilidad<\/b><\/p>\n\n<p>Si una disposici\u00f3n de estos t\u00e9rminos y condiciones es determinada por cualquier tribunal u otra autoridad competente como ilegal y\/o inaplicable, las dem\u00e1s disposiciones seguir\u00e1n en vigor. Si alguna disposici\u00f3n ilegal y\/o inaplicable fuera legal o aplicable si se eliminara parte de ella, esa parte se considerar\u00e1 eliminada y el resto de la disposici\u00f3n seguir\u00e1 en vigor.<\/p>\n\n<p><b>11. Acuerdo completo<\/b><\/p>\n\n<p>Estos t\u00e9rminos y condiciones, junto con nuestra pol\u00edtica de privacidad, constituyen el acuerdo completo entre usted y 3.0th en relaci\u00f3n con su uso de este sitio web y sustituyen a todos los acuerdos anteriores con respecto a su uso de este sitio web.<\/p>\n\n<p><b>12. Ley y jurisdicci\u00f3n<\/b><\/p>\n\n<p>Estos t\u00e9rminos y condiciones se regir\u00e1n e interpretar\u00e1n de acuerdo con las leyes de Espa\u00f1a, y cualquier disputa relacionada con estos t\u00e9rminos y condiciones estar\u00e1 sujeta a la jurisdicci\u00f3n exclusiva de los tribunales de Espa\u00f1a.<\/p>\n\n<p><b>13. Informaci\u00f3n de contacto<\/b><\/p>\n\n<p>Si tiene alguna pregunta sobre estos t\u00e9rminos y condiciones, p\u00f3ngase en contacto con nosotros en [Su informaci\u00f3n de contacto].<\/p>\t\t\t\t\t\t\t\t<\/div>\n\t\t\t\t\t<\/div>\n\t\t\t\t<\/div>\n\t\t\t\t<\/div>\n\t\t","protected":false},"excerpt":{"rendered":"","protected":false},"author":0,"featured_media":0,"parent":0,"menu_order":0,"comment_status":"closed","ping_status":"publish","template":"","meta":{"two_page_speed":[],"_joinchat":[],"footnotes":""},"class_list":["post-155","page","type-page","status-publish","hentry"],"yoast_head":"<!-- This site is optimized with the Yoast SEO plugin v27.1.1 - https:\/\/yoast.com\/product\/yoast-seo-wordpress\/ -->\n<title>T\u00e9rminos y condiciones - 3.0th Miel Pura, Polen y Prop\u00f3leo Online<\/title>\n<meta name=\"robots\" content=\"index, follow, max-snippet:-1, max-image-preview:large, max-video-preview:-1\" \/>\n<link rel=\"canonical\" href=\"https:\/\/30th.ma\/en\/terms-and-conditions\/\" \/>\n<meta property=\"og:locale\" content=\"en_US\" \/>\n<meta property=\"og:type\" content=\"article\" \/>\n<meta property=\"og:title\" content=\"T\u00e9rminos y condiciones - 3.0th Miel Pura, Polen y Prop\u00f3leo Online\" \/>\n<meta property=\"og:url\" content=\"https:\/\/30th.ma\/en\/terms-and-conditions\/\" \/>\n<meta property=\"og:site_name\" content=\"3.0th Miel Pura, Polen y Prop\u00f3leo Online\" \/>\n<meta property=\"article:publisher\" content=\"https:\/\/www.facebook.com\/spanish.morocco.food\" \/>\n<meta property=\"article:modified_time\" content=\"2025-12-10T16:19:23+00:00\" \/>\n<meta name=\"twitter:card\" content=\"summary_large_image\" \/>\n<script type=\"application\/ld+json\" class=\"yoast-schema-graph\">{\"@context\":\"https:\/\/schema.org\",\"@graph\":[{\"@type\":\"WebPage\",\"@id\":\"https:\/\/30th.ma\/terminos-y-condiciones\/\",\"url\":\"https:\/\/30th.ma\/terminos-y-condiciones\/\",\"name\":\"T\u00e9rminos y condiciones - 3.0th Miel Pura, Polen y Prop\u00f3leo Online\",\"isPartOf\":{\"@id\":\"https:\/\/30th.ma\/#website\"},\"datePublished\":\"2025-12-10T16:19:13+00:00\",\"dateModified\":\"2025-12-10T16:19:23+00:00\",\"breadcrumb\":{\"@id\":\"https:\/\/30th.ma\/terminos-y-condiciones\/#breadcrumb\"},\"inLanguage\":\"en-US\",\"potentialAction\":[{\"@type\":\"ReadAction\",\"target\":[\"https:\/\/30th.ma\/terminos-y-condiciones\/\"]}]},{\"@type\":\"BreadcrumbList\",\"@id\":\"https:\/\/30th.ma\/terminos-y-condiciones\/#breadcrumb\",\"itemListElement\":[{\"@type\":\"ListItem\",\"position\":1,\"name\":\"Home\",\"item\":\"https:\/\/30th.ma\/\"},{\"@type\":\"ListItem\",\"position\":2,\"name\":\"T\u00e9rminos y condiciones\"}]},{\"@type\":\"WebSite\",\"@id\":\"https:\/\/30th.ma\/#website\",\"url\":\"https:\/\/30th.ma\/\",\"name\":\"3.0th Miel Pura, Polen y Prop\u00f3leo Online\",\"description\":\"Miel, polen y prop\u00f3leo 100% naturales y artesanos. Descubre los beneficios de los tesoros de la colmena para tu salud y vitalidad\",\"publisher\":{\"@id\":\"https:\/\/30th.ma\/#organization\"},\"potentialAction\":[{\"@type\":\"SearchAction\",\"target\":{\"@type\":\"EntryPoint\",\"urlTemplate\":\"https:\/\/30th.ma\/?s={search_term_string}\"},\"query-input\":{\"@type\":\"PropertyValueSpecification\",\"valueRequired\":true,\"valueName\":\"search_term_string\"}}],\"inLanguage\":\"en-US\"},{\"@type\":\"Organization\",\"@id\":\"https:\/\/30th.ma\/#organization\",\"name\":\"3.0th Miel Pura, Polen y Prop\u00f3leo Online\",\"url\":\"https:\/\/30th.ma\/\",\"logo\":{\"@type\":\"ImageObject\",\"inLanguage\":\"en-US\",\"@id\":\"https:\/\/30th.ma\/#\/schema\/logo\/image\/\",\"url\":\"https:\/\/30th.ma\/wp-content\/uploads\/2025\/12\/cropped-82d0a305-434e-415f-9d9c-3867d4362c2b.png\",\"contentUrl\":\"https:\/\/30th.ma\/wp-content\/uploads\/2025\/12\/cropped-82d0a305-434e-415f-9d9c-3867d4362c2b.png\",\"width\":457,\"height\":296,\"caption\":\"3.0th Miel Pura, Polen y Prop\u00f3leo Online\"},\"image\":{\"@id\":\"https:\/\/30th.ma\/#\/schema\/logo\/image\/\"},\"sameAs\":[\"https:\/\/www.facebook.com\/spanish.morocco.food\"]}]}<\/script>\n<!-- \/ Yoast SEO plugin. -->","yoast_head_json":{"title":"Terms and Conditions - 3.0th Pure Honey, Pollen and Propolis Online","robots":{"index":"index","follow":"follow","max-snippet":"max-snippet:-1","max-image-preview":"max-image-preview:large","max-video-preview":"max-video-preview:-1"},"canonical":"https:\/\/30th.ma\/en\/terms-and-conditions\/","og_locale":"en_US","og_type":"article","og_title":"T\u00e9rminos y condiciones - 3.0th Miel Pura, Polen y Prop\u00f3leo Online","og_url":"https:\/\/30th.ma\/en\/terms-and-conditions\/","og_site_name":"3.0th Miel Pura, Polen y Prop\u00f3leo Online","article_publisher":"https:\/\/www.facebook.com\/spanish.morocco.food","article_modified_time":"2025-12-10T16:19:23+00:00","twitter_card":"summary_large_image","schema":{"@context":"https:\/\/schema.org","@graph":[{"@type":"WebPage","@id":"https:\/\/30th.ma\/terminos-y-condiciones\/","url":"https:\/\/30th.ma\/terminos-y-condiciones\/","name":"Terms and Conditions - 3.0th Pure Honey, Pollen and Propolis Online","isPartOf":{"@id":"https:\/\/30th.ma\/#website"},"datePublished":"2025-12-10T16:19:13+00:00","dateModified":"2025-12-10T16:19:23+00:00","breadcrumb":{"@id":"https:\/\/30th.ma\/terminos-y-condiciones\/#breadcrumb"},"inLanguage":"en-US","potentialAction":[{"@type":"ReadAction","target":["https:\/\/30th.ma\/terminos-y-condiciones\/"]}]},{"@type":"BreadcrumbList","@id":"https:\/\/30th.ma\/terminos-y-condiciones\/#breadcrumb","itemListElement":[{"@type":"ListItem","position":1,"name":"Home","item":"https:\/\/30th.ma\/"},{"@type":"ListItem","position":2,"name":"T\u00e9rminos y condiciones"}]},{"@type":"WebSite","@id":"https:\/\/30th.ma\/#website","url":"https:\/\/30th.ma\/","name":"3.0th Pure Honey, Pollen and Propolis Online","description":"Natural and artisan honey, pollen and propolis 100%. Discover the benefits of the treasures of the beehive for your health and vitality.","publisher":{"@id":"https:\/\/30th.ma\/#organization"},"potentialAction":[{"@type":"SearchAction","target":{"@type":"EntryPoint","urlTemplate":"https:\/\/30th.ma\/?s={search_term_string}"},"query-input":{"@type":"PropertyValueSpecification","valueRequired":true,"valueName":"search_term_string"}}],"inLanguage":"en-US"},{"@type":"Organization","@id":"https:\/\/30th.ma\/#organization","name":"3.0th Pure Honey, Pollen and Propolis Online","url":"https:\/\/30th.ma\/","logo":{"@type":"ImageObject","inLanguage":"en-US","@id":"https:\/\/30th.ma\/#\/schema\/logo\/image\/","url":"https:\/\/30th.ma\/wp-content\/uploads\/2025\/12\/cropped-82d0a305-434e-415f-9d9c-3867d4362c2b.png","contentUrl":"https:\/\/30th.ma\/wp-content\/uploads\/2025\/12\/cropped-82d0a305-434e-415f-9d9c-3867d4362c2b.png","width":457,"height":296,"caption":"3.0th Miel Pura, Polen y Prop\u00f3leo Online"},"image":{"@id":"https:\/\/30th.ma\/#\/schema\/logo\/image\/"},"sameAs":["https:\/\/www.facebook.com\/spanish.morocco.food"]}]}},"_links":{"self":[{"href":"https:\/\/30th.ma\/en\/wp-json\/wp\/v2\/pages\/155","targetHints":{"allow":["GET"]}}],"collection":[{"href":"https:\/\/30th.ma\/en\/wp-json\/wp\/v2\/pages"}],"about":[{"href":"https:\/\/30th.ma\/en\/wp-json\/wp\/v2\/types\/page"}],"replies":[{"embeddable":true,"href":"https:\/\/30th.ma\/en\/wp-json\/wp\/v2\/comments?post=155"}],"version-history":[{"count":0,"href":"https:\/\/30th.ma\/en\/wp-json\/wp\/v2\/pages\/155\/revisions"}],"wp:attachment":[{"href":"https:\/\/30th.ma\/en\/wp-json\/wp\/v2\/media?parent=155"}],"curies":[{"name":"wp","href":"https:\/\/api.w.org\/{rel}","templated":true}]}}