{"id":136,"date":"2025-12-10T16:19:07","date_gmt":"2025-12-10T16:19:07","guid":{"rendered":"https:\/\/30th.ma\/product\/miel-de-acacia-espanola\/"},"modified":"2026-01-12T18:06:58","modified_gmt":"2026-01-12T18:06:58","slug":"30th-ma-pure-multifloral-honey","status":"publish","type":"product","link":"https:\/\/30th.ma\/en\/product\/30th-ma-miel-multifloral-pura\/","title":{"rendered":"Multifloral Biological and Halal Honey - Origin Spain 3.0th"},"content":{"rendered":"<p data-path-to-node=\"4,0\"><b data-path-to-node=\"4,0\" data-index-in-node=\"0\">Authentic Spanish Multifloral Honey (450 g)<\/b><\/p>\n<ul data-path-to-node=\"4,1\">\n<li>\n<p data-path-to-node=\"4,1,0,0\"><img decoding=\"async\" class=\"emoji\" role=\"img\" draggable=\"false\" src=\"https:\/\/s.w.org\/images\/core\/emoji\/17.0.2\/svg\/2705.svg\" alt=\"\u2705\" \/>\u00a0<b data-path-to-node=\"4,1,0,0\" data-index-in-node=\"2\">Halal certified:<\/b>\u00a0Total guarantee of purity and legality.<\/p>\n<\/li>\n<li>\n<p data-path-to-node=\"4,1,1,0\"><img decoding=\"async\" class=\"emoji\" role=\"img\" draggable=\"false\" src=\"https:\/\/s.w.org\/images\/core\/emoji\/17.0.2\/svg\/1f1ea-1f1f8.svg\" alt=\"\ud83c\uddea\ud83c\uddf8\" \/>\u00a0<b data-path-to-node=\"4,1,1,0\" data-index-in-node=\"5\">Origin Spain:<\/b>\u00a0Premium European quality.<\/p>\n<\/li>\n<li>\n<p data-path-to-node=\"4,1,2,0\"><img decoding=\"async\" class=\"emoji\" role=\"img\" draggable=\"false\" src=\"https:\/\/s.w.org\/images\/core\/emoji\/17.0.2\/svg\/1f33f.svg\" alt=\"\ud83c\udf3f\" \/>\u00a0<b data-path-to-node=\"4,1,2,0\" data-index-in-node=\"3\">100% Sustainable:<\/b>\u00a0Produced under strict environmental controls.<\/p>\n<\/li>\n<li>\n<p data-path-to-node=\"4,1,3,0\"><img decoding=\"async\" class=\"emoji\" role=\"img\" draggable=\"false\" src=\"https:\/\/s.w.org\/images\/core\/emoji\/17.0.2\/svg\/1f36f.svg\" alt=\"\ud83c\udf6f\" \/>\u00a0<b data-path-to-node=\"4,1,3,0\" data-index-in-node=\"3\">Intense flavor:<\/b>\u00a0Dark honey, dense and rich in minerals.<\/p>\n<\/li>\n<\/ul>\n<p>Replace processed sugar with nature's best. Our <strong>Multifloral Honey<\/strong> is a superfood loaded with energy, enzymes and antioxidants. Because it comes from a wide variety of flowers, it gathers multiple beneficial properties in a single jar. It is a raw, unpasteurized honey, which ensures that it retains all its vitamins intact. It's the healthy fuel your body needs and the sweet taste you love.<\/p>\n<p data-path-to-node=\"16\"><b data-path-to-node=\"16\" data-index-in-node=\"0\">\ud83e\udd44 How to enjoy it:<\/b> Integrate honey into your daily wellness routine:<\/p>\n<ul data-path-to-node=\"17\">\n<li>\n<p data-path-to-node=\"17,0,0\"><b data-path-to-node=\"17,0,0\" data-index-in-node=\"0\">Pre-workout:<\/b> One scoop before exercise for an immediate energy boost.<\/p>\n<\/li>\n<li>\n<p data-path-to-node=\"17,1,0\"><b data-path-to-node=\"17,1,0\" data-index-in-node=\"0\">Healthy Snacks:<\/b> Mix it with Greek yogurt, nuts and fruits.<\/p>\n<\/li>\n<li>\n<p data-path-to-node=\"17,2,0\"><b data-path-to-node=\"17,2,0\" data-index-in-node=\"0\">Remedios:<\/b> The classic companion to soothe the throat with lemon and warm water.<\/p>\n<\/li>\n<li>\n<p data-path-to-node=\"17,3,0\"><b data-path-to-node=\"17,3,0\" data-index-in-node=\"0\">Desserts:<\/b> Use it in home baking as a natural substitute for white sugar.<\/p>\n<\/li>\n<\/ul>\n<p data-path-to-node=\"18\"><b data-path-to-node=\"18\" data-index-in-node=\"0\">\ud83d\udee1\ufe0f Conservation and Care:<\/b><\/p>\n<ul data-path-to-node=\"19\">\n<li>\n<p data-path-to-node=\"19,0,0\">Honey is a food that does not expire if it is well preserved.<\/p>\n<\/li>\n<li>\n<p data-path-to-node=\"19,1,0\">Store at room temperature (pantry is ideal). No refrigeration required.<\/p>\n<\/li>\n<li>\n<p data-path-to-node=\"19,2,0\">Avoid introducing wet spoons or spoons with food remains inside the jar to avoid fermentation.<\/p>\n<\/li>\n<\/ul>\n<p style=\"text-align: center;\"><strong>Now all you have to do is add to your shopping cart!<\/strong><\/p>","protected":false},"excerpt":{"rendered":"<p data-path-to-node=\"4,0\"><b data-path-to-node=\"4,0\" data-index-in-node=\"0\">Multifloral Honey 100% Natural<\/b><\/p>\n<p data-path-to-node=\"4,1\">Enjoy the authentic taste of the countryside with our honey of a thousand flowers.<\/p>\n<ul data-path-to-node=\"4,2\">\n<li>\n<p data-path-to-node=\"4,2,0,0\">\ud83c\udf3f <b data-path-to-node=\"4,2,0,0\" data-index-in-node=\"3\">Origin:<\/b> Own and sustainable harvest.<\/p>\n<\/li>\n<li>\n<p data-path-to-node=\"4,2,1,0\">\ud83c\udf6f <b data-path-to-node=\"4,2,1,0\" data-index-in-node=\"3\">Flavor:<\/b> Balanced, sweet and with floral notes.<\/p>\n<\/li>\n<li>\n<p data-path-to-node=\"4,2,2,0\">\u2728 <b data-path-to-node=\"4,2,2,0\" data-index-in-node=\"2\">Texture:<\/b> Bright amber and smooth consistency.<\/p>\n<\/li>\n<li>\n<p data-path-to-node=\"4,2,3,0\">\ud83d\udeab <b data-path-to-node=\"4,2,3,0\" data-index-in-node=\"3\">No additives:<\/b> Free of preservatives and added sugars.<\/p>\n<\/li>\n<\/ul>\n<p data-path-to-node=\"4,3\"><b data-path-to-node=\"4,3\" data-index-in-node=\"0\">Weight: 450 g<\/b><\/p>","protected":false},"featured_media":271,"comment_status":"open","ping_status":"closed","template":"","meta":{"_joinchat":[]},"product_brand":[],"product_cat":[17],"product_tag":[21,20,22],"class_list":{"0":"post-136","1":"product","2":"type-product","3":"status-publish","4":"has-post-thumbnail","6":"product_cat-miel-biologique-halal-espagne-maroc","7":"product_tag-ecologic","8":"product_tag-halal","9":"product_tag-premium","11":"first","12":"instock","13":"taxable","14":"shipping-taxable","15":"purchasable","16":"product-type-simple"},"yoast_head":"<!-- This site is optimized with the Yoast SEO plugin v27.1.1 - https:\/\/yoast.com\/product\/yoast-seo-wordpress\/ -->\n<title>Miel Multifloral Biol\u00f3gica y Halal - Origen Espa\u00f1a 3.0th - 3.0th Miel Pura, Polen y Prop\u00f3leo Online<\/title>\n<meta name=\"description\" content=\"Disfruta de la mejor miel multifloral pura 100% natural. Cosecha propia con sabor equilibrado y textura perfecta. \u00a1Compra online y rec\u00edbela en casa!\" \/>\n<meta name=\"robots\" content=\"index, follow, max-snippet:-1, max-image-preview:large, max-video-preview:-1\" \/>\n<link rel=\"canonical\" href=\"https:\/\/30th.ma\/en\/product\/30th-ma-pure-multifloral-honey\/\" \/>\n<meta property=\"og:locale\" content=\"en_US\" \/>\n<meta property=\"og:type\" content=\"article\" \/>\n<meta property=\"og:title\" content=\"Miel Multifloral Biol\u00f3gica y Halal - Origen Espa\u00f1a 3.0th - 3.0th Miel Pura, Polen y Prop\u00f3leo Online\" \/>\n<meta property=\"og:description\" content=\"Disfruta de la mejor miel multifloral pura 100% natural. Cosecha propia con sabor equilibrado y textura perfecta. \u00a1Compra online y rec\u00edbela en casa!\" \/>\n<meta property=\"og:url\" content=\"https:\/\/30th.ma\/en\/product\/30th-ma-pure-multifloral-honey\/\" \/>\n<meta property=\"og:site_name\" content=\"3.0th Miel Pura, Polen y Prop\u00f3leo Online\" \/>\n<meta property=\"article:publisher\" content=\"https:\/\/www.facebook.com\/spanish.morocco.food\" \/>\n<meta property=\"article:modified_time\" content=\"2026-01-12T18:06:58+00:00\" \/>\n<meta property=\"og:image\" content=\"https:\/\/30th.ma\/wp-content\/uploads\/2025\/12\/Miel-multifloral-tienda-Marruecos-scaled.jpg\" \/>\n\t<meta property=\"og:image:width\" content=\"2048\" \/>\n\t<meta property=\"og:image:height\" content=\"2560\" \/>\n\t<meta property=\"og:image:type\" content=\"image\/jpeg\" \/>\n<meta name=\"twitter:card\" content=\"summary_large_image\" \/>\n<meta name=\"twitter:label1\" content=\"Est. reading time\" \/>\n\t<meta name=\"twitter:data1\" content=\"2 minutes\" \/>\n<script type=\"application\/ld+json\" class=\"yoast-schema-graph\">{\"@context\":\"https:\/\/schema.org\",\"@graph\":[{\"@type\":\"WebPage\",\"@id\":\"https:\/\/30th.ma\/product\/30th-ma-miel-multifloral-pura\/\",\"url\":\"https:\/\/30th.ma\/product\/30th-ma-miel-multifloral-pura\/\",\"name\":\"Miel Multifloral Biol\u00f3gica y Halal - Origen Espa\u00f1a 3.0th - 3.0th Miel Pura, Polen y Prop\u00f3leo Online\",\"isPartOf\":{\"@id\":\"https:\/\/30th.ma\/#website\"},\"primaryImageOfPage\":{\"@id\":\"https:\/\/30th.ma\/product\/30th-ma-miel-multifloral-pura\/#primaryimage\"},\"image\":{\"@id\":\"https:\/\/30th.ma\/product\/30th-ma-miel-multifloral-pura\/#primaryimage\"},\"thumbnailUrl\":\"https:\/\/30th.ma\/wp-content\/uploads\/2025\/12\/Miel-multifloral-tienda-Marruecos-scaled.jpg\",\"datePublished\":\"2025-12-10T16:19:07+00:00\",\"dateModified\":\"2026-01-12T18:06:58+00:00\",\"description\":\"Disfruta de la mejor miel multifloral pura 100% natural. Cosecha propia con sabor equilibrado y textura perfecta. \u00a1Compra online y rec\u00edbela en casa!\",\"breadcrumb\":{\"@id\":\"https:\/\/30th.ma\/product\/30th-ma-miel-multifloral-pura\/#breadcrumb\"},\"inLanguage\":\"en-US\",\"potentialAction\":[{\"@type\":\"ReadAction\",\"target\":[\"https:\/\/30th.ma\/product\/30th-ma-miel-multifloral-pura\/\"]}]},{\"@type\":\"ImageObject\",\"inLanguage\":\"en-US\",\"@id\":\"https:\/\/30th.ma\/product\/30th-ma-miel-multifloral-pura\/#primaryimage\",\"url\":\"https:\/\/30th.ma\/wp-content\/uploads\/2025\/12\/Miel-multifloral-tienda-Marruecos-scaled.jpg\",\"contentUrl\":\"https:\/\/30th.ma\/wp-content\/uploads\/2025\/12\/Miel-multifloral-tienda-Marruecos-scaled.jpg\",\"width\":2048,\"height\":2560,\"caption\":\"Miel de mil flores cosechada de forma sostenible.\"},{\"@type\":\"BreadcrumbList\",\"@id\":\"https:\/\/30th.ma\/product\/30th-ma-miel-multifloral-pura\/#breadcrumb\",\"itemListElement\":[{\"@type\":\"ListItem\",\"position\":1,\"name\":\"Home\",\"item\":\"https:\/\/30th.ma\/\"},{\"@type\":\"ListItem\",\"position\":2,\"name\":\"Ver todo\",\"item\":\"https:\/\/30th.ma\/ver-todo\/\"},{\"@type\":\"ListItem\",\"position\":3,\"name\":\"Miel Multifloral Biol\u00f3gica y Halal &#8211; Origen Espa\u00f1a 3.0th\"}]},{\"@type\":\"WebSite\",\"@id\":\"https:\/\/30th.ma\/#website\",\"url\":\"https:\/\/30th.ma\/\",\"name\":\"3.0th Miel Pura, Polen y Prop\u00f3leo Online\",\"description\":\"Miel, polen y prop\u00f3leo 100% naturales y artesanos. Descubre los beneficios de los tesoros de la colmena para tu salud y vitalidad\",\"publisher\":{\"@id\":\"https:\/\/30th.ma\/#organization\"},\"potentialAction\":[{\"@type\":\"SearchAction\",\"target\":{\"@type\":\"EntryPoint\",\"urlTemplate\":\"https:\/\/30th.ma\/?s={search_term_string}\"},\"query-input\":{\"@type\":\"PropertyValueSpecification\",\"valueRequired\":true,\"valueName\":\"search_term_string\"}}],\"inLanguage\":\"en-US\"},{\"@type\":\"Organization\",\"@id\":\"https:\/\/30th.ma\/#organization\",\"name\":\"3.0th Miel Pura, Polen y Prop\u00f3leo Online\",\"url\":\"https:\/\/30th.ma\/\",\"logo\":{\"@type\":\"ImageObject\",\"inLanguage\":\"en-US\",\"@id\":\"https:\/\/30th.ma\/#\/schema\/logo\/image\/\",\"url\":\"https:\/\/30th.ma\/wp-content\/uploads\/2025\/12\/cropped-82d0a305-434e-415f-9d9c-3867d4362c2b.png\",\"contentUrl\":\"https:\/\/30th.ma\/wp-content\/uploads\/2025\/12\/cropped-82d0a305-434e-415f-9d9c-3867d4362c2b.png\",\"width\":457,\"height\":296,\"caption\":\"3.0th Miel Pura, Polen y Prop\u00f3leo Online\"},\"image\":{\"@id\":\"https:\/\/30th.ma\/#\/schema\/logo\/image\/\"},\"sameAs\":[\"https:\/\/www.facebook.com\/spanish.morocco.food\"]}]}<\/script>\n<!-- \/ Yoast SEO plugin. -->","yoast_head_json":{"title":"Multifloral Biological and Halal Honey - Origin Spain 3.0th - 3.0th Pure Honey, Pollen and Propolis Online","description":"Enjoy the best pure multifloral honey 100% natural. Homegrown with balanced flavor and perfect texture, buy online and receive it at home!","robots":{"index":"index","follow":"follow","max-snippet":"max-snippet:-1","max-image-preview":"max-image-preview:large","max-video-preview":"max-video-preview:-1"},"canonical":"https:\/\/30th.ma\/en\/product\/30th-ma-pure-multifloral-honey\/","og_locale":"en_US","og_type":"article","og_title":"Miel Multifloral Biol\u00f3gica y Halal - Origen Espa\u00f1a 3.0th - 3.0th Miel Pura, Polen y Prop\u00f3leo Online","og_description":"Disfruta de la mejor miel multifloral pura 100% natural. Cosecha propia con sabor equilibrado y textura perfecta. \u00a1Compra online y rec\u00edbela en casa!","og_url":"https:\/\/30th.ma\/en\/product\/30th-ma-pure-multifloral-honey\/","og_site_name":"3.0th Miel Pura, Polen y Prop\u00f3leo Online","article_publisher":"https:\/\/www.facebook.com\/spanish.morocco.food","article_modified_time":"2026-01-12T18:06:58+00:00","og_image":[{"width":2048,"height":2560,"url":"https:\/\/30th.ma\/wp-content\/uploads\/2025\/12\/Miel-multifloral-tienda-Marruecos-scaled.jpg","type":"image\/jpeg"}],"twitter_card":"summary_large_image","twitter_misc":{"Est. reading time":"2 minutes"},"schema":{"@context":"https:\/\/schema.org","@graph":[{"@type":"WebPage","@id":"https:\/\/30th.ma\/product\/30th-ma-miel-multifloral-pura\/","url":"https:\/\/30th.ma\/product\/30th-ma-miel-multifloral-pura\/","name":"Multifloral Biological and Halal Honey - Origin Spain 3.0th - 3.0th Pure Honey, Pollen and Propolis Online","isPartOf":{"@id":"https:\/\/30th.ma\/#website"},"primaryImageOfPage":{"@id":"https:\/\/30th.ma\/product\/30th-ma-miel-multifloral-pura\/#primaryimage"},"image":{"@id":"https:\/\/30th.ma\/product\/30th-ma-miel-multifloral-pura\/#primaryimage"},"thumbnailUrl":"https:\/\/30th.ma\/wp-content\/uploads\/2025\/12\/Miel-multifloral-tienda-Marruecos-scaled.jpg","datePublished":"2025-12-10T16:19:07+00:00","dateModified":"2026-01-12T18:06:58+00:00","description":"Enjoy the best pure multifloral honey 100% natural. Homegrown with balanced flavor and perfect texture, buy online and receive it at home!","breadcrumb":{"@id":"https:\/\/30th.ma\/product\/30th-ma-miel-multifloral-pura\/#breadcrumb"},"inLanguage":"en-US","potentialAction":[{"@type":"ReadAction","target":["https:\/\/30th.ma\/product\/30th-ma-miel-multifloral-pura\/"]}]},{"@type":"ImageObject","inLanguage":"en-US","@id":"https:\/\/30th.ma\/product\/30th-ma-miel-multifloral-pura\/#primaryimage","url":"https:\/\/30th.ma\/wp-content\/uploads\/2025\/12\/Miel-multifloral-tienda-Marruecos-scaled.jpg","contentUrl":"https:\/\/30th.ma\/wp-content\/uploads\/2025\/12\/Miel-multifloral-tienda-Marruecos-scaled.jpg","width":2048,"height":2560,"caption":"Miel de mil flores cosechada de forma sostenible."},{"@type":"BreadcrumbList","@id":"https:\/\/30th.ma\/product\/30th-ma-miel-multifloral-pura\/#breadcrumb","itemListElement":[{"@type":"ListItem","position":1,"name":"Home","item":"https:\/\/30th.ma\/"},{"@type":"ListItem","position":2,"name":"Ver todo","item":"https:\/\/30th.ma\/ver-todo\/"},{"@type":"ListItem","position":3,"name":"Miel Multifloral Biol\u00f3gica y Halal &#8211; Origen Espa\u00f1a 3.0th"}]},{"@type":"WebSite","@id":"https:\/\/30th.ma\/#website","url":"https:\/\/30th.ma\/","name":"3.0th Pure Honey, Pollen and Propolis Online","description":"Natural and artisan honey, pollen and propolis 100%. Discover the benefits of the treasures of the beehive for your health and vitality.","publisher":{"@id":"https:\/\/30th.ma\/#organization"},"potentialAction":[{"@type":"SearchAction","target":{"@type":"EntryPoint","urlTemplate":"https:\/\/30th.ma\/?s={search_term_string}"},"query-input":{"@type":"PropertyValueSpecification","valueRequired":true,"valueName":"search_term_string"}}],"inLanguage":"en-US"},{"@type":"Organization","@id":"https:\/\/30th.ma\/#organization","name":"3.0th Pure Honey, Pollen and Propolis Online","url":"https:\/\/30th.ma\/","logo":{"@type":"ImageObject","inLanguage":"en-US","@id":"https:\/\/30th.ma\/#\/schema\/logo\/image\/","url":"https:\/\/30th.ma\/wp-content\/uploads\/2025\/12\/cropped-82d0a305-434e-415f-9d9c-3867d4362c2b.png","contentUrl":"https:\/\/30th.ma\/wp-content\/uploads\/2025\/12\/cropped-82d0a305-434e-415f-9d9c-3867d4362c2b.png","width":457,"height":296,"caption":"3.0th Miel Pura, Polen y Prop\u00f3leo Online"},"image":{"@id":"https:\/\/30th.ma\/#\/schema\/logo\/image\/"},"sameAs":["https:\/\/www.facebook.com\/spanish.morocco.food"]}]}},"_links":{"self":[{"href":"https:\/\/30th.ma\/en\/wp-json\/wp\/v2\/product\/136","targetHints":{"allow":["GET"]}}],"collection":[{"href":"https:\/\/30th.ma\/en\/wp-json\/wp\/v2\/product"}],"about":[{"href":"https:\/\/30th.ma\/en\/wp-json\/wp\/v2\/types\/product"}],"replies":[{"embeddable":true,"href":"https:\/\/30th.ma\/en\/wp-json\/wp\/v2\/comments?post=136"}],"wp:featuredmedia":[{"embeddable":true,"href":"https:\/\/30th.ma\/en\/wp-json\/wp\/v2\/media\/271"}],"wp:attachment":[{"href":"https:\/\/30th.ma\/en\/wp-json\/wp\/v2\/media?parent=136"}],"wp:term":[{"taxonomy":"product_brand","embeddable":true,"href":"https:\/\/30th.ma\/en\/wp-json\/wp\/v2\/product_brand?post=136"},{"taxonomy":"product_cat","embeddable":true,"href":"https:\/\/30th.ma\/en\/wp-json\/wp\/v2\/product_cat?post=136"},{"taxonomy":"product_tag","embeddable":true,"href":"https:\/\/30th.ma\/en\/wp-json\/wp\/v2\/product_tag?post=136"}],"curies":[{"name":"wp","href":"https:\/\/api.w.org\/{rel}","templated":true}]}}