{"id":137,"date":"2025-12-10T16:19:07","date_gmt":"2025-12-10T16:19:07","guid":{"rendered":"https:\/\/30th.ma\/product\/tarro-de-miel-de-flores-silvestres\/"},"modified":"2026-03-05T00:24:17","modified_gmt":"2026-03-05T00:24:17","slug":"halal-spanish-forest-honey-450g","status":"publish","type":"product","link":"https:\/\/30th.ma\/en\/product\/miel-bosque-espanola-halal-450g\/","title":{"rendered":"Forest Honey from Spain 450 g - Sustainable and Halal Certified 3.0th"},"content":{"rendered":"<p>Discover the pure essence of the Spanish mountains with our <b data-path-to-node=\"9\" data-index-in-node=\"86\">Organic Forest Honey<\/b>. A liquid jewel of dark amber color and intense aroma, harvested in an artisanal way in preserved environments. This honey is not just a sweetener, it is the result of a deep commitment to nature and supreme quality.<\/p>\n<p data-path-to-node=\"10\"><b data-path-to-node=\"10\" data-index-in-node=\"0\">Why choose our Forest Honey].<\/b><\/p>\n<ul data-path-to-node=\"11\">\n<li>\n<p data-path-to-node=\"11,0,0\"><b data-path-to-node=\"11,0,0\" data-index-in-node=\"0\">Double Certification:<\/b> We are one of the few honeys in Spain that simultaneously have the seal of approval. <b data-path-to-node=\"11,0,0\" data-index-in-node=\"98\">Ecological (Euroleaf)<\/b> and the <b data-path-to-node=\"11,0,0\" data-index-in-node=\"124\">Halal Certification<\/b>, The process is pure, ethical and free of additives at every stage.<\/p>\n<\/li>\n<li>\n<p data-path-to-node=\"11,1,0\"><b data-path-to-node=\"11,1,0\" data-index-in-node=\"0\">Origin 100% Spain:<\/b> Produced and packaged at origin, supporting the biodiversity of our local forests and guaranteeing full traceability of the product.<\/p>\n<\/li>\n<li>\n<p data-path-to-node=\"11,2,0\"><b data-path-to-node=\"11,2,0\" data-index-in-node=\"0\">Real Sustainability:<\/b> This product is part of our <b data-path-to-node=\"11,2,0\" data-index-in-node=\"58\">Integral Sustainability Plan<\/b>. From responsible hive management to low environmental impact packaging, we take care of the planet while taking care of you.<\/p>\n<\/li>\n<\/ul>\n<p data-path-to-node=\"12\">Our forest honey stands out for its toasted nuances and lower acidity than floral honeys. It is naturally rich in antioxidants and minerals, which makes it the perfect ally to strengthen the immune system and bring natural energy to your daily life.<\/p>\n<p data-path-to-node=\"13\"><b data-path-to-node=\"13\" data-index-in-node=\"0\">Technical Characteristics<\/b><\/p>\n<ul data-path-to-node=\"14\">\n<li>\n<p data-path-to-node=\"14,0,0\"><b data-path-to-node=\"14,0,0\" data-index-in-node=\"0\">Ingredients:<\/b> 100% Organically produced forest honey.<\/p>\n<\/li>\n<li>\n<p data-path-to-node=\"14,1,0\"><b data-path-to-node=\"14,1,0\" data-index-in-node=\"0\">Certifications:<\/b> Organic (EU), Halal Certified.<\/p>\n<\/li>\n<li>\n<p data-path-to-node=\"14,2,0\"><b data-path-to-node=\"14,2,0\" data-index-in-node=\"0\">Commitment:<\/b> Product included in the Corporate Sustainability Plan.<\/p>\n<\/li>\n<li>\n<p data-path-to-node=\"14,3,0\"><b data-path-to-node=\"14,3,0\" data-index-in-node=\"0\">Format:<\/b> Glass jar 450 g and 255 g recyclable.<\/p>\n<\/li>\n<\/ul>\n<h4 data-path-to-node=\"3\">Consumption and Pairing Suggestions<\/h4>\n<p data-path-to-node=\"4\">The <b data-path-to-node=\"4\" data-index-in-node=\"3\">Forest Honey<\/b> is denser and less sweet than other honeys, with salty and malty notes that make it incredibly versatile. Here are some ideas to enjoy it to the fullest:<\/p>\n<h4 data-path-to-node=\"5\">\ud83c\udf6f Therapeutic Use &amp; Wellness<\/h4>\n<ul data-path-to-node=\"6\">\n<li>\n<p data-path-to-node=\"6,0,0\"><b data-path-to-node=\"6,0,0\" data-index-in-node=\"0\"><span class=\"citation-161\">Ally of your throat:<\/span><\/b><span class=\"citation-161 citation-end-161\"> Take a tablespoon on an empty stomach or before bedtime to soothe the throat.<\/span> <span class=\"citation-160 citation-end-160\">Being forest honey, it has a higher content of mineral salts and antioxidants.<\/span><\/p>\n<\/li>\n<li>\n<p data-path-to-node=\"6,1,0\"><b data-path-to-node=\"6,1,0\" data-index-in-node=\"0\">Repairing infusion:<\/b> Add a teaspoon to your tea or warm water with lemon.  Wait until the drink is lukewarm (less than 40\u00b0C) so as not to lose the enzymatic properties of organic honey.<\/p>\n<\/li>\n<\/ul>\n<h4 data-path-to-node=\"7\">In the Kitchen (Gourmet)<\/h4>\n<ul data-path-to-node=\"8\">\n<li>\n<p data-path-to-node=\"8,0,0\"><b data-path-to-node=\"8,0,0\" data-index-in-node=\"0\">Pairing with Cheese:<\/b> Its intense flavor combines perfectly with strong cheeses, cured cheeses or goat cheeses. It is the ideal contrast for a premium cheese board.<\/p>\n<\/li>\n<li>\n<p data-path-to-node=\"8,1,0\"><b data-path-to-node=\"8,1,0\" data-index-in-node=\"0\">Energetic breakfasts:<\/b> Add it to a bowl of Greek yogurt, kefir or muesli. Provides slow-release energy ideal for athletes.<\/p>\n<\/li>\n<li>\n<p data-path-to-node=\"8,2,0\"><b data-path-to-node=\"8,2,0\" data-index-in-node=\"0\">Vinaigrettes and Glazes:<\/b> Mix it with mustard or Modena vinegar to dress green sprout salads or to glaze baked meats (such as lamb or chicken), providing a unique brightness and aroma.<\/p>\n<\/li>\n<\/ul>\n<h4 data-path-to-node=\"3\">Product Care and Preservation<\/h4>\n<p data-path-to-node=\"4\">In order for our <b data-path-to-node=\"4\" data-index-in-node=\"17\">Organic Forest Honey<\/b> keep all its biological properties, aroma and flavor as the first day, follow these simple tips:<\/p>\n<h4 data-path-to-node=\"5\">\ud83c\udf21\ufe0f Temperature and Location<\/h4>\n<ul data-path-to-node=\"6\">\n<li>\n<p data-path-to-node=\"6,0,0\"><b data-path-to-node=\"6,0,0\" data-index-in-node=\"0\">Cool and dry place:<\/b> Keep the jar in a place away from direct sunlight and heat sources (such as ovens or radiators). The ideal temperature is between <b data-path-to-node=\"6,0,0\" data-index-in-node=\"161\">15\u00b0C and 25\u00b0C<\/b>.<\/p>\n<\/li>\n<li>\n<p data-path-to-node=\"6,1,0\"><b data-path-to-node=\"6,1,0\" data-index-in-node=\"0\">Hermetic seal:<\/b> Be sure to close the lid tightly after each use. Honey is hygroscopic, which means that it absorbs moisture from the air, and this could alter its quality.<\/p>\n<\/li>\n<\/ul>\n<h4 data-path-to-node=\"7\">\ud83d\udc8e The Crystallization Process<\/h4>\n<p data-path-to-node=\"8\">It is important for you to know that the <b data-path-to-node=\"8\" data-index-in-node=\"31\">crystallization is a natural process<\/b> of pure honey. If your honey becomes more dense or grainy, this is the best proof that it is a raw, organic honey that has not been thermally processed.<\/p>\n<ul data-path-to-node=\"9\">\n<li>\n<p data-path-to-node=\"9,0,0\"><b data-path-to-node=\"9,0,0\" data-index-in-node=\"0\">Do you prefer it liquid?<\/b> If you want it to regain its fluid state, gently heat it to the <b data-path-to-node=\"9,0,0\" data-index-in-node=\"89\">bain-marie<\/b> (without bringing the water to a boil, maximum 40\u00b0C) for a few minutes. Avoid microwaving, as excessive heat destroys natural enzymes and vitamins.<\/p>\n<\/li>\n<\/ul>\n<h4 data-path-to-node=\"10\">\ud83e\udd44 Hygiene<\/h4>\n<ul data-path-to-node=\"11\">\n<li>\n<p data-path-to-node=\"11,0,0\">Always use a honey spoon or paddle. <b data-path-to-node=\"11,0,0\" data-index-in-node=\"41\">clean and dry<\/b>. Getting leftover food or water into the jar may shorten the shelf life of the product.<\/p>\n<\/li>\n<\/ul>\n<p style=\"text-align: center;\"><strong><em>Now just add to cart!<\/em><\/strong><\/p>","protected":false},"excerpt":{"rendered":"<blockquote data-path-to-node=\"4\">\n<p data-path-to-node=\"4,0\"><b data-path-to-node=\"4,0\" data-index-in-node=\"0\">Authentic Spanish Forest Honey (450 g)<\/b><\/p>\n<p data-path-to-node=\"4,1,0,0\">\ud83d\ude9a <b data-path-to-node=\"13,0,0\" data-index-in-node=\"3\">\u00abLivraison Gratuite partout au Maroc\u00bb.\u00bb<\/b><\/p>\n<p data-path-to-node=\"4,1,0,0\">\ud83e\udd1d <b data-path-to-node=\"13,1,0\" data-index-in-node=\"3\">\u00abPaiement \u00e0 la livraison\u00bb.\u00bb<\/b><\/p>\n<ul data-path-to-node=\"4,1\">\n<li>\n<p data-path-to-node=\"4,1,1,0\">\ud83c\uddea\ud83c\uddf8 Origine Espagne : Premium European quality.<\/p>\n<\/li>\n<li>\n<p data-path-to-node=\"4,1,2,0\">100 % durable : Produced under strict environmental controls.<\/p>\n<\/li>\n<li>\n<p data-path-to-node=\"4,1,3,0\">Saveur intense : Honey dark and dense, rich in minerals.<\/p>\n<\/li>\n<\/ul>\n<\/blockquote>","protected":false},"featured_media":270,"comment_status":"open","ping_status":"closed","template":"","meta":{"_joinchat":[]},"product_brand":[],"product_cat":[17],"product_tag":[21,20,39,22],"class_list":{"0":"post-137","1":"product","2":"type-product","3":"status-publish","4":"has-post-thumbnail","6":"product_cat-miel-biologique-halal-espagne-maroc","7":"product_tag-ecologic","8":"product_tag-halal","9":"product_tag-miel","10":"product_tag-premium","12":"first","13":"instock","14":"taxable","15":"shipping-taxable","16":"purchasable","17":"product-type-simple"},"yoast_head":"<!-- This site is optimized with the Yoast SEO plugin v27.1.1 - https:\/\/yoast.com\/product\/yoast-seo-wordpress\/ -->\n<title>Miel de Bosque de Espa\u00f1a 450 g \u2013 Sostenible y con Certificado Halal 3.0th - 3.0th Miel Pura, Polen y Prop\u00f3leo Online<\/title>\n<meta name=\"description\" content=\"Compra aut\u00e9ntica Miel de Bosque Espa\u00f1ola Certificada Halal. Producci\u00f3n sostenible y sabor intenso en envase de 450 g. \u00a1Calidad premium garantizada!\" \/>\n<meta name=\"robots\" content=\"index, follow, max-snippet:-1, max-image-preview:large, max-video-preview:-1\" \/>\n<link rel=\"canonical\" href=\"https:\/\/30th.ma\/en\/product\/halal-spanish-forest-honey-450g\/\" \/>\n<meta property=\"og:locale\" content=\"en_US\" \/>\n<meta property=\"og:type\" content=\"article\" \/>\n<meta property=\"og:title\" content=\"Miel de Bosque de Espa\u00f1a 450 g \u2013 Sostenible y con Certificado Halal 3.0th - 3.0th Miel Pura, Polen y Prop\u00f3leo Online\" \/>\n<meta property=\"og:description\" content=\"Compra aut\u00e9ntica Miel de Bosque Espa\u00f1ola Certificada Halal. Producci\u00f3n sostenible y sabor intenso en envase de 450 g. \u00a1Calidad premium garantizada!\" \/>\n<meta property=\"og:url\" content=\"https:\/\/30th.ma\/en\/product\/halal-spanish-forest-honey-450g\/\" \/>\n<meta property=\"og:site_name\" content=\"3.0th Miel Pura, Polen y Prop\u00f3leo Online\" \/>\n<meta property=\"article:publisher\" content=\"https:\/\/www.facebook.com\/spanish.morocco.food\" \/>\n<meta property=\"article:modified_time\" content=\"2026-03-05T00:24:17+00:00\" \/>\n<meta property=\"og:image\" content=\"https:\/\/30th.ma\/wp-content\/uploads\/2025\/12\/Miel-bosque-tienda-Marruecos-scaled.jpg\" \/>\n\t<meta property=\"og:image:width\" content=\"2048\" \/>\n\t<meta property=\"og:image:height\" content=\"2560\" \/>\n\t<meta property=\"og:image:type\" content=\"image\/jpeg\" \/>\n<meta name=\"twitter:card\" content=\"summary_large_image\" \/>\n<meta name=\"twitter:label1\" content=\"Est. reading time\" \/>\n\t<meta name=\"twitter:data1\" content=\"4 minutes\" \/>\n<script type=\"application\/ld+json\" class=\"yoast-schema-graph\">{\"@context\":\"https:\/\/schema.org\",\"@graph\":[{\"@type\":\"WebPage\",\"@id\":\"https:\/\/30th.ma\/product\/miel-bosque-espanola-halal-450g\/\",\"url\":\"https:\/\/30th.ma\/product\/miel-bosque-espanola-halal-450g\/\",\"name\":\"Miel de Bosque de Espa\u00f1a 450 g \u2013 Sostenible y con Certificado Halal 3.0th - 3.0th Miel Pura, Polen y Prop\u00f3leo Online\",\"isPartOf\":{\"@id\":\"https:\/\/30th.ma\/#website\"},\"primaryImageOfPage\":{\"@id\":\"https:\/\/30th.ma\/product\/miel-bosque-espanola-halal-450g\/#primaryimage\"},\"image\":{\"@id\":\"https:\/\/30th.ma\/product\/miel-bosque-espanola-halal-450g\/#primaryimage\"},\"thumbnailUrl\":\"https:\/\/30th.ma\/wp-content\/uploads\/2025\/12\/Miel-bosque-tienda-Marruecos-scaled.jpg\",\"datePublished\":\"2025-12-10T16:19:07+00:00\",\"dateModified\":\"2026-03-05T00:24:17+00:00\",\"description\":\"Compra aut\u00e9ntica Miel de Bosque Espa\u00f1ola Certificada Halal. Producci\u00f3n sostenible y sabor intenso en envase de 450 g. \u00a1Calidad premium garantizada!\",\"breadcrumb\":{\"@id\":\"https:\/\/30th.ma\/product\/miel-bosque-espanola-halal-450g\/#breadcrumb\"},\"inLanguage\":\"en-US\",\"potentialAction\":[{\"@type\":\"ReadAction\",\"target\":[\"https:\/\/30th.ma\/product\/miel-bosque-espanola-halal-450g\/\"]}]},{\"@type\":\"ImageObject\",\"inLanguage\":\"en-US\",\"@id\":\"https:\/\/30th.ma\/product\/miel-bosque-espanola-halal-450g\/#primaryimage\",\"url\":\"https:\/\/30th.ma\/wp-content\/uploads\/2025\/12\/Miel-bosque-tienda-Marruecos-scaled.jpg\",\"contentUrl\":\"https:\/\/30th.ma\/wp-content\/uploads\/2025\/12\/Miel-bosque-tienda-Marruecos-scaled.jpg\",\"width\":2048,\"height\":2560},{\"@type\":\"BreadcrumbList\",\"@id\":\"https:\/\/30th.ma\/product\/miel-bosque-espanola-halal-450g\/#breadcrumb\",\"itemListElement\":[{\"@type\":\"ListItem\",\"position\":1,\"name\":\"Home\",\"item\":\"https:\/\/30th.ma\/\"},{\"@type\":\"ListItem\",\"position\":2,\"name\":\"Ver todo\",\"item\":\"https:\/\/30th.ma\/ver-todo\/\"},{\"@type\":\"ListItem\",\"position\":3,\"name\":\"Miel de Bosque de Espa\u00f1a 450 g \u2013 Sostenible y con Certificado Halal 3.0th\"}]},{\"@type\":\"WebSite\",\"@id\":\"https:\/\/30th.ma\/#website\",\"url\":\"https:\/\/30th.ma\/\",\"name\":\"3.0th Miel Pura, Polen y Prop\u00f3leo Online\",\"description\":\"Miel, polen y prop\u00f3leo 100% naturales y artesanos. Descubre los beneficios de los tesoros de la colmena para tu salud y vitalidad\",\"publisher\":{\"@id\":\"https:\/\/30th.ma\/#organization\"},\"potentialAction\":[{\"@type\":\"SearchAction\",\"target\":{\"@type\":\"EntryPoint\",\"urlTemplate\":\"https:\/\/30th.ma\/?s={search_term_string}\"},\"query-input\":{\"@type\":\"PropertyValueSpecification\",\"valueRequired\":true,\"valueName\":\"search_term_string\"}}],\"inLanguage\":\"en-US\"},{\"@type\":\"Organization\",\"@id\":\"https:\/\/30th.ma\/#organization\",\"name\":\"3.0th Miel Pura, Polen y Prop\u00f3leo Online\",\"url\":\"https:\/\/30th.ma\/\",\"logo\":{\"@type\":\"ImageObject\",\"inLanguage\":\"en-US\",\"@id\":\"https:\/\/30th.ma\/#\/schema\/logo\/image\/\",\"url\":\"https:\/\/30th.ma\/wp-content\/uploads\/2025\/12\/cropped-82d0a305-434e-415f-9d9c-3867d4362c2b.png\",\"contentUrl\":\"https:\/\/30th.ma\/wp-content\/uploads\/2025\/12\/cropped-82d0a305-434e-415f-9d9c-3867d4362c2b.png\",\"width\":457,\"height\":296,\"caption\":\"3.0th Miel Pura, Polen y Prop\u00f3leo Online\"},\"image\":{\"@id\":\"https:\/\/30th.ma\/#\/schema\/logo\/image\/\"},\"sameAs\":[\"https:\/\/www.facebook.com\/spanish.morocco.food\"]}]}<\/script>\n<!-- \/ Yoast SEO plugin. -->","yoast_head_json":{"title":"Spanish Forest Honey 450 g - Sustainable and Halal Certified 3.0th - 3.0th Pure Honey, Pollen and Propolis Online","description":"Buy authentic Halal Certified Spanish Forest Honey. Sustainable production and intense flavor in 450 g. Premium quality guaranteed!","robots":{"index":"index","follow":"follow","max-snippet":"max-snippet:-1","max-image-preview":"max-image-preview:large","max-video-preview":"max-video-preview:-1"},"canonical":"https:\/\/30th.ma\/en\/product\/halal-spanish-forest-honey-450g\/","og_locale":"en_US","og_type":"article","og_title":"Miel de Bosque de Espa\u00f1a 450 g \u2013 Sostenible y con Certificado Halal 3.0th - 3.0th Miel Pura, Polen y Prop\u00f3leo Online","og_description":"Compra aut\u00e9ntica Miel de Bosque Espa\u00f1ola Certificada Halal. Producci\u00f3n sostenible y sabor intenso en envase de 450 g. \u00a1Calidad premium garantizada!","og_url":"https:\/\/30th.ma\/en\/product\/halal-spanish-forest-honey-450g\/","og_site_name":"3.0th Miel Pura, Polen y Prop\u00f3leo Online","article_publisher":"https:\/\/www.facebook.com\/spanish.morocco.food","article_modified_time":"2026-03-05T00:24:17+00:00","og_image":[{"width":2048,"height":2560,"url":"https:\/\/30th.ma\/wp-content\/uploads\/2025\/12\/Miel-bosque-tienda-Marruecos-scaled.jpg","type":"image\/jpeg"}],"twitter_card":"summary_large_image","twitter_misc":{"Est. reading time":"4 minutes"},"schema":{"@context":"https:\/\/schema.org","@graph":[{"@type":"WebPage","@id":"https:\/\/30th.ma\/product\/miel-bosque-espanola-halal-450g\/","url":"https:\/\/30th.ma\/product\/miel-bosque-espanola-halal-450g\/","name":"Spanish Forest Honey 450 g - Sustainable and Halal Certified 3.0th - 3.0th Pure Honey, Pollen and Propolis Online","isPartOf":{"@id":"https:\/\/30th.ma\/#website"},"primaryImageOfPage":{"@id":"https:\/\/30th.ma\/product\/miel-bosque-espanola-halal-450g\/#primaryimage"},"image":{"@id":"https:\/\/30th.ma\/product\/miel-bosque-espanola-halal-450g\/#primaryimage"},"thumbnailUrl":"https:\/\/30th.ma\/wp-content\/uploads\/2025\/12\/Miel-bosque-tienda-Marruecos-scaled.jpg","datePublished":"2025-12-10T16:19:07+00:00","dateModified":"2026-03-05T00:24:17+00:00","description":"Buy authentic Halal Certified Spanish Forest Honey. Sustainable production and intense flavor in 450 g. Premium quality guaranteed!","breadcrumb":{"@id":"https:\/\/30th.ma\/product\/miel-bosque-espanola-halal-450g\/#breadcrumb"},"inLanguage":"en-US","potentialAction":[{"@type":"ReadAction","target":["https:\/\/30th.ma\/product\/miel-bosque-espanola-halal-450g\/"]}]},{"@type":"ImageObject","inLanguage":"en-US","@id":"https:\/\/30th.ma\/product\/miel-bosque-espanola-halal-450g\/#primaryimage","url":"https:\/\/30th.ma\/wp-content\/uploads\/2025\/12\/Miel-bosque-tienda-Marruecos-scaled.jpg","contentUrl":"https:\/\/30th.ma\/wp-content\/uploads\/2025\/12\/Miel-bosque-tienda-Marruecos-scaled.jpg","width":2048,"height":2560},{"@type":"BreadcrumbList","@id":"https:\/\/30th.ma\/product\/miel-bosque-espanola-halal-450g\/#breadcrumb","itemListElement":[{"@type":"ListItem","position":1,"name":"Home","item":"https:\/\/30th.ma\/"},{"@type":"ListItem","position":2,"name":"Ver todo","item":"https:\/\/30th.ma\/ver-todo\/"},{"@type":"ListItem","position":3,"name":"Miel de Bosque de Espa\u00f1a 450 g \u2013 Sostenible y con Certificado Halal 3.0th"}]},{"@type":"WebSite","@id":"https:\/\/30th.ma\/#website","url":"https:\/\/30th.ma\/","name":"3.0th Pure Honey, Pollen and Propolis Online","description":"Natural and artisan honey, pollen and propolis 100%. Discover the benefits of the treasures of the beehive for your health and vitality.","publisher":{"@id":"https:\/\/30th.ma\/#organization"},"potentialAction":[{"@type":"SearchAction","target":{"@type":"EntryPoint","urlTemplate":"https:\/\/30th.ma\/?s={search_term_string}"},"query-input":{"@type":"PropertyValueSpecification","valueRequired":true,"valueName":"search_term_string"}}],"inLanguage":"en-US"},{"@type":"Organization","@id":"https:\/\/30th.ma\/#organization","name":"3.0th Pure Honey, Pollen and Propolis Online","url":"https:\/\/30th.ma\/","logo":{"@type":"ImageObject","inLanguage":"en-US","@id":"https:\/\/30th.ma\/#\/schema\/logo\/image\/","url":"https:\/\/30th.ma\/wp-content\/uploads\/2025\/12\/cropped-82d0a305-434e-415f-9d9c-3867d4362c2b.png","contentUrl":"https:\/\/30th.ma\/wp-content\/uploads\/2025\/12\/cropped-82d0a305-434e-415f-9d9c-3867d4362c2b.png","width":457,"height":296,"caption":"3.0th Miel Pura, Polen y Prop\u00f3leo Online"},"image":{"@id":"https:\/\/30th.ma\/#\/schema\/logo\/image\/"},"sameAs":["https:\/\/www.facebook.com\/spanish.morocco.food"]}]}},"_links":{"self":[{"href":"https:\/\/30th.ma\/en\/wp-json\/wp\/v2\/product\/137","targetHints":{"allow":["GET"]}}],"collection":[{"href":"https:\/\/30th.ma\/en\/wp-json\/wp\/v2\/product"}],"about":[{"href":"https:\/\/30th.ma\/en\/wp-json\/wp\/v2\/types\/product"}],"replies":[{"embeddable":true,"href":"https:\/\/30th.ma\/en\/wp-json\/wp\/v2\/comments?post=137"}],"wp:featuredmedia":[{"embeddable":true,"href":"https:\/\/30th.ma\/en\/wp-json\/wp\/v2\/media\/270"}],"wp:attachment":[{"href":"https:\/\/30th.ma\/en\/wp-json\/wp\/v2\/media?parent=137"}],"wp:term":[{"taxonomy":"product_brand","embeddable":true,"href":"https:\/\/30th.ma\/en\/wp-json\/wp\/v2\/product_brand?post=137"},{"taxonomy":"product_cat","embeddable":true,"href":"https:\/\/30th.ma\/en\/wp-json\/wp\/v2\/product_cat?post=137"},{"taxonomy":"product_tag","embeddable":true,"href":"https:\/\/30th.ma\/en\/wp-json\/wp\/v2\/product_tag?post=137"}],"curies":[{"name":"wp","href":"https:\/\/api.w.org\/{rel}","templated":true}]}}