{"id":138,"date":"2025-12-10T16:19:08","date_gmt":"2025-12-10T16:19:08","guid":{"rendered":"https:\/\/30th.ma\/product\/miel-de-brezo-cremosa\/"},"modified":"2026-01-12T18:05:15","modified_gmt":"2026-01-12T18:05:15","slug":"organic-and-halal-lavender-honey-from-sustainable-spanish-origin","status":"publish","type":"product","link":"https:\/\/30th.ma\/en\/product\/miel-de-lavanda-ecologica-y-halal-origen-espana-sostenible\/","title":{"rendered":"Organic and Halal Lavender Honey - 100% Origin Spain 3.0th"},"content":{"rendered":"<p data-path-to-node=\"4,0\"><b data-path-to-node=\"4,0\" data-index-in-node=\"0\">Authentic Spanish Lavender Honey (450 g)<\/b><\/p>\n<ul data-path-to-node=\"4,1\">\n<li>\n<p data-path-to-node=\"4,1,0,0\"><img decoding=\"async\" class=\"emoji\" role=\"img\" draggable=\"false\" src=\"https:\/\/s.w.org\/images\/core\/emoji\/17.0.2\/svg\/2705.svg\" alt=\"\u2705\" \/>\u00a0<b data-path-to-node=\"4,1,0,0\" data-index-in-node=\"2\">Halal certified:<\/b>\u00a0Total guarantee of purity and legality.<\/p>\n<\/li>\n<li>\n<p data-path-to-node=\"4,1,1,0\"><img decoding=\"async\" class=\"emoji\" role=\"img\" draggable=\"false\" src=\"https:\/\/s.w.org\/images\/core\/emoji\/17.0.2\/svg\/1f1ea-1f1f8.svg\" alt=\"\ud83c\uddea\ud83c\uddf8\" \/>\u00a0<b data-path-to-node=\"4,1,1,0\" data-index-in-node=\"5\">Origin Spain:<\/b>\u00a0Premium European quality.<\/p>\n<\/li>\n<li>\n<p data-path-to-node=\"4,1,2,0\"><img decoding=\"async\" class=\"emoji\" role=\"img\" draggable=\"false\" src=\"https:\/\/s.w.org\/images\/core\/emoji\/17.0.2\/svg\/1f33f.svg\" alt=\"\ud83c\udf3f\" \/>\u00a0<b data-path-to-node=\"4,1,2,0\" data-index-in-node=\"3\">100% Sustainable:<\/b>\u00a0Produced under strict environmental controls.<\/p>\n<\/li>\n<li>\n<p data-path-to-node=\"4,1,3,0\"><img decoding=\"async\" class=\"emoji\" role=\"img\" draggable=\"false\" src=\"https:\/\/s.w.org\/images\/core\/emoji\/17.0.2\/svg\/1f36f.svg\" alt=\"\ud83c\udf6f\" \/>\u00a0<b data-path-to-node=\"4,1,3,0\" data-index-in-node=\"3\">Intense flavor:<\/b>\u00a0Dark honey, dense and rich in minerals.<\/p>\n<\/li>\n<\/ul>\n<p data-path-to-node=\"14\">Due to its specific properties, lavender honey is the queen of well-being:<\/p>\n<ul data-path-to-node=\"15\">\n<li>\n<p data-path-to-node=\"15,0,0\"><b data-path-to-node=\"15,0,0\" data-index-in-node=\"0\">\ud83c\udf6f The \u00abDream Corner.\u00bb<\/b> It is famous for its natural sedative properties. Take a teaspoon in an infusion of lime blossom or warm milk half an hour before going to sleep to facilitate a deep rest.<\/p>\n<\/li>\n<li>\n<p data-path-to-node=\"15,1,0\"><b data-path-to-node=\"15,1,0\" data-index-in-node=\"0\">\ud83c\udf73 Delicate pairings:<\/b> Its floral flavor combines masterfully with dairy desserts, curds, natural yogurts and fresh fruits such as peach or apricot.<\/p>\n<\/li>\n<li>\n<p data-path-to-node=\"15,2,0\"><b data-path-to-node=\"15,2,0\" data-index-in-node=\"0\">\ud83e\ude79 Natural Topical Use:<\/b> Thanks to its high content of phenolic compounds, it is excellent to apply on small burns or skin irritations (as long as it is raw honey like ours).<\/p>\n<\/li>\n<\/ul>\n<p data-path-to-node=\"17\">Conservation<\/p>\n<ul data-path-to-node=\"18\">\n<li>\n<p data-path-to-node=\"18,0,0\"><b data-path-to-node=\"18,0,0\" data-index-in-node=\"0\">Texture:<\/b> Lavender honey tends to crystallize with a very fine and pleasant granulation. If you prefer a more liquid texture, remember to use the <b data-path-to-node=\"18,0,0\" data-index-in-node=\"146\">mild bain-marie (max. 40\u00b0C)<\/b> to protect its delicate floral aroma, which is more sensitive to heat than that of forest honey.<\/p>\n<\/li>\n<li>\n<p data-path-to-node=\"18,1,0\"><b data-path-to-node=\"18,1,0\" data-index-in-node=\"0\">Storage:<\/b> Store in a cool place. As it is a clear honey, it is especially important to keep it in a cool place. <b data-path-to-node=\"18,1,0\" data-index-in-node=\"99\">protected from light<\/b> to prevent darkening and loss of freshness.<\/p>\n<\/li>\n<\/ul>\n<blockquote>\n<p style=\"text-align: center;\">\u00abNow you can add to cart\u00bb<\/p>\n<\/blockquote>","protected":false},"excerpt":{"rendered":"<p>Certified Halal Organic Lavender Honey.<\/p>","protected":false},"featured_media":263,"comment_status":"open","ping_status":"closed","template":"","meta":{"_joinchat":[]},"product_brand":[],"product_cat":[17],"product_tag":[22],"class_list":{"0":"post-138","1":"product","2":"type-product","3":"status-publish","4":"has-post-thumbnail","6":"product_cat-miel-biologique-halal-espagne-maroc","7":"product_tag-premium","9":"first","10":"instock","11":"taxable","12":"shipping-taxable","13":"purchasable","14":"product-type-simple"},"yoast_head":"<!-- This site is optimized with the Yoast SEO plugin v27.1.1 - https:\/\/yoast.com\/product\/yoast-seo-wordpress\/ -->\n<title>Miel de Lavanda Ecol\u00f3gica y Halal - 100% Origen Espa\u00f1a 3.0th - 3.0th Miel Pura, Polen y Prop\u00f3leo Online<\/title>\n<meta name=\"description\" content=\"Compra la mejor Miel de Lavanda ecol\u00f3gica de Espa\u00f1a. Certificaci\u00f3n Halal y producci\u00f3n sostenible. Ideal para relajarse y endulzar tus momentos gourmet. 100% Pura.\" \/>\n<meta name=\"robots\" content=\"index, follow, max-snippet:-1, max-image-preview:large, max-video-preview:-1\" \/>\n<link rel=\"canonical\" href=\"https:\/\/30th.ma\/en\/product\/organic-and-halal-lavender-honey-from-sustainable-spanish-origin\/\" \/>\n<meta property=\"og:locale\" content=\"en_US\" \/>\n<meta property=\"og:type\" content=\"article\" \/>\n<meta property=\"og:title\" content=\"Miel de Lavanda Ecol\u00f3gica y Halal - 100% Origen Espa\u00f1a 3.0th - 3.0th Miel Pura, Polen y Prop\u00f3leo Online\" \/>\n<meta property=\"og:description\" content=\"Compra la mejor Miel de Lavanda ecol\u00f3gica de Espa\u00f1a. Certificaci\u00f3n Halal y producci\u00f3n sostenible. Ideal para relajarse y endulzar tus momentos gourmet. 100% Pura.\" \/>\n<meta property=\"og:url\" content=\"https:\/\/30th.ma\/en\/product\/organic-and-halal-lavender-honey-from-sustainable-spanish-origin\/\" \/>\n<meta property=\"og:site_name\" content=\"3.0th Miel Pura, Polen y Prop\u00f3leo Online\" \/>\n<meta property=\"article:publisher\" content=\"https:\/\/www.facebook.com\/spanish.morocco.food\" \/>\n<meta property=\"article:modified_time\" content=\"2026-01-12T18:05:15+00:00\" \/>\n<meta property=\"og:image\" content=\"https:\/\/30th.ma\/wp-content\/uploads\/2025\/12\/7a4fc12e-de13-4004-9ae6-b47b61ce76de-1-scaled.jpg\" \/>\n\t<meta property=\"og:image:width\" content=\"2048\" \/>\n\t<meta property=\"og:image:height\" content=\"2560\" \/>\n\t<meta property=\"og:image:type\" content=\"image\/jpeg\" \/>\n<meta name=\"twitter:card\" content=\"summary_large_image\" \/>\n<meta name=\"twitter:label1\" content=\"Est. reading time\" \/>\n\t<meta name=\"twitter:data1\" content=\"2 minutes\" \/>\n<script type=\"application\/ld+json\" class=\"yoast-schema-graph\">{\"@context\":\"https:\/\/schema.org\",\"@graph\":[{\"@type\":\"WebPage\",\"@id\":\"https:\/\/30th.ma\/product\/miel-de-lavanda-ecologica-y-halal-origen-espana-sostenible\/\",\"url\":\"https:\/\/30th.ma\/product\/miel-de-lavanda-ecologica-y-halal-origen-espana-sostenible\/\",\"name\":\"Miel de Lavanda Ecol\u00f3gica y Halal - 100% Origen Espa\u00f1a 3.0th - 3.0th Miel Pura, Polen y Prop\u00f3leo Online\",\"isPartOf\":{\"@id\":\"https:\/\/30th.ma\/#website\"},\"primaryImageOfPage\":{\"@id\":\"https:\/\/30th.ma\/product\/miel-de-lavanda-ecologica-y-halal-origen-espana-sostenible\/#primaryimage\"},\"image\":{\"@id\":\"https:\/\/30th.ma\/product\/miel-de-lavanda-ecologica-y-halal-origen-espana-sostenible\/#primaryimage\"},\"thumbnailUrl\":\"https:\/\/30th.ma\/wp-content\/uploads\/2025\/12\/7a4fc12e-de13-4004-9ae6-b47b61ce76de-1-scaled.jpg\",\"datePublished\":\"2025-12-10T16:19:08+00:00\",\"dateModified\":\"2026-01-12T18:05:15+00:00\",\"description\":\"Compra la mejor Miel de Lavanda ecol\u00f3gica de Espa\u00f1a. Certificaci\u00f3n Halal y producci\u00f3n sostenible. Ideal para relajarse y endulzar tus momentos gourmet. 100% Pura.\",\"breadcrumb\":{\"@id\":\"https:\/\/30th.ma\/product\/miel-de-lavanda-ecologica-y-halal-origen-espana-sostenible\/#breadcrumb\"},\"inLanguage\":\"en-US\",\"potentialAction\":[{\"@type\":\"ReadAction\",\"target\":[\"https:\/\/30th.ma\/product\/miel-de-lavanda-ecologica-y-halal-origen-espana-sostenible\/\"]}]},{\"@type\":\"ImageObject\",\"inLanguage\":\"en-US\",\"@id\":\"https:\/\/30th.ma\/product\/miel-de-lavanda-ecologica-y-halal-origen-espana-sostenible\/#primaryimage\",\"url\":\"https:\/\/30th.ma\/wp-content\/uploads\/2025\/12\/7a4fc12e-de13-4004-9ae6-b47b61ce76de-1-scaled.jpg\",\"contentUrl\":\"https:\/\/30th.ma\/wp-content\/uploads\/2025\/12\/7a4fc12e-de13-4004-9ae6-b47b61ce76de-1-scaled.jpg\",\"width\":2048,\"height\":2560,\"caption\":\"Tarro de miel de lavanda ecol\u00f3gica con certificaci\u00f3n Halal, etiqueta de papel reciclado y color \u00e1mbar claro\"},{\"@type\":\"BreadcrumbList\",\"@id\":\"https:\/\/30th.ma\/product\/miel-de-lavanda-ecologica-y-halal-origen-espana-sostenible\/#breadcrumb\",\"itemListElement\":[{\"@type\":\"ListItem\",\"position\":1,\"name\":\"Home\",\"item\":\"https:\/\/30th.ma\/\"},{\"@type\":\"ListItem\",\"position\":2,\"name\":\"Ver todo\",\"item\":\"https:\/\/30th.ma\/ver-todo\/\"},{\"@type\":\"ListItem\",\"position\":3,\"name\":\"Miel de Lavanda Ecol\u00f3gica y Halal &#8211; 100% Origen Espa\u00f1a 3.0th\"}]},{\"@type\":\"WebSite\",\"@id\":\"https:\/\/30th.ma\/#website\",\"url\":\"https:\/\/30th.ma\/\",\"name\":\"3.0th Miel Pura, Polen y Prop\u00f3leo Online\",\"description\":\"Miel, polen y prop\u00f3leo 100% naturales y artesanos. Descubre los beneficios de los tesoros de la colmena para tu salud y vitalidad\",\"publisher\":{\"@id\":\"https:\/\/30th.ma\/#organization\"},\"potentialAction\":[{\"@type\":\"SearchAction\",\"target\":{\"@type\":\"EntryPoint\",\"urlTemplate\":\"https:\/\/30th.ma\/?s={search_term_string}\"},\"query-input\":{\"@type\":\"PropertyValueSpecification\",\"valueRequired\":true,\"valueName\":\"search_term_string\"}}],\"inLanguage\":\"en-US\"},{\"@type\":\"Organization\",\"@id\":\"https:\/\/30th.ma\/#organization\",\"name\":\"3.0th Miel Pura, Polen y Prop\u00f3leo Online\",\"url\":\"https:\/\/30th.ma\/\",\"logo\":{\"@type\":\"ImageObject\",\"inLanguage\":\"en-US\",\"@id\":\"https:\/\/30th.ma\/#\/schema\/logo\/image\/\",\"url\":\"https:\/\/30th.ma\/wp-content\/uploads\/2025\/12\/cropped-82d0a305-434e-415f-9d9c-3867d4362c2b.png\",\"contentUrl\":\"https:\/\/30th.ma\/wp-content\/uploads\/2025\/12\/cropped-82d0a305-434e-415f-9d9c-3867d4362c2b.png\",\"width\":457,\"height\":296,\"caption\":\"3.0th Miel Pura, Polen y Prop\u00f3leo Online\"},\"image\":{\"@id\":\"https:\/\/30th.ma\/#\/schema\/logo\/image\/\"},\"sameAs\":[\"https:\/\/www.facebook.com\/spanish.morocco.food\"]}]}<\/script>\n<!-- \/ Yoast SEO plugin. -->","yoast_head_json":{"title":"Organic and Halal Lavender Honey - 100% Origin Spain 3.0th - 3.0th Pure Honey, Pollen and Propolis Online","description":"Buy the best organic Lavender Honey in Spain. Halal Certification and sustainable production. Ideal to relax and sweeten your gourmet moments. 100% Pure.","robots":{"index":"index","follow":"follow","max-snippet":"max-snippet:-1","max-image-preview":"max-image-preview:large","max-video-preview":"max-video-preview:-1"},"canonical":"https:\/\/30th.ma\/en\/product\/organic-and-halal-lavender-honey-from-sustainable-spanish-origin\/","og_locale":"en_US","og_type":"article","og_title":"Miel de Lavanda Ecol\u00f3gica y Halal - 100% Origen Espa\u00f1a 3.0th - 3.0th Miel Pura, Polen y Prop\u00f3leo Online","og_description":"Compra la mejor Miel de Lavanda ecol\u00f3gica de Espa\u00f1a. Certificaci\u00f3n Halal y producci\u00f3n sostenible. Ideal para relajarse y endulzar tus momentos gourmet. 100% Pura.","og_url":"https:\/\/30th.ma\/en\/product\/organic-and-halal-lavender-honey-from-sustainable-spanish-origin\/","og_site_name":"3.0th Miel Pura, Polen y Prop\u00f3leo Online","article_publisher":"https:\/\/www.facebook.com\/spanish.morocco.food","article_modified_time":"2026-01-12T18:05:15+00:00","og_image":[{"width":2048,"height":2560,"url":"https:\/\/30th.ma\/wp-content\/uploads\/2025\/12\/7a4fc12e-de13-4004-9ae6-b47b61ce76de-1-scaled.jpg","type":"image\/jpeg"}],"twitter_card":"summary_large_image","twitter_misc":{"Est. reading time":"2 minutes"},"schema":{"@context":"https:\/\/schema.org","@graph":[{"@type":"WebPage","@id":"https:\/\/30th.ma\/product\/miel-de-lavanda-ecologica-y-halal-origen-espana-sostenible\/","url":"https:\/\/30th.ma\/product\/miel-de-lavanda-ecologica-y-halal-origen-espana-sostenible\/","name":"Organic and Halal Lavender Honey - 100% Origin Spain 3.0th - 3.0th Pure Honey, Pollen and Propolis Online","isPartOf":{"@id":"https:\/\/30th.ma\/#website"},"primaryImageOfPage":{"@id":"https:\/\/30th.ma\/product\/miel-de-lavanda-ecologica-y-halal-origen-espana-sostenible\/#primaryimage"},"image":{"@id":"https:\/\/30th.ma\/product\/miel-de-lavanda-ecologica-y-halal-origen-espana-sostenible\/#primaryimage"},"thumbnailUrl":"https:\/\/30th.ma\/wp-content\/uploads\/2025\/12\/7a4fc12e-de13-4004-9ae6-b47b61ce76de-1-scaled.jpg","datePublished":"2025-12-10T16:19:08+00:00","dateModified":"2026-01-12T18:05:15+00:00","description":"Buy the best organic Lavender Honey in Spain. Halal Certification and sustainable production. Ideal to relax and sweeten your gourmet moments. 100% Pure.","breadcrumb":{"@id":"https:\/\/30th.ma\/product\/miel-de-lavanda-ecologica-y-halal-origen-espana-sostenible\/#breadcrumb"},"inLanguage":"en-US","potentialAction":[{"@type":"ReadAction","target":["https:\/\/30th.ma\/product\/miel-de-lavanda-ecologica-y-halal-origen-espana-sostenible\/"]}]},{"@type":"ImageObject","inLanguage":"en-US","@id":"https:\/\/30th.ma\/product\/miel-de-lavanda-ecologica-y-halal-origen-espana-sostenible\/#primaryimage","url":"https:\/\/30th.ma\/wp-content\/uploads\/2025\/12\/7a4fc12e-de13-4004-9ae6-b47b61ce76de-1-scaled.jpg","contentUrl":"https:\/\/30th.ma\/wp-content\/uploads\/2025\/12\/7a4fc12e-de13-4004-9ae6-b47b61ce76de-1-scaled.jpg","width":2048,"height":2560,"caption":"Tarro de miel de lavanda ecol\u00f3gica con certificaci\u00f3n Halal, etiqueta de papel reciclado y color \u00e1mbar claro"},{"@type":"BreadcrumbList","@id":"https:\/\/30th.ma\/product\/miel-de-lavanda-ecologica-y-halal-origen-espana-sostenible\/#breadcrumb","itemListElement":[{"@type":"ListItem","position":1,"name":"Home","item":"https:\/\/30th.ma\/"},{"@type":"ListItem","position":2,"name":"Ver todo","item":"https:\/\/30th.ma\/ver-todo\/"},{"@type":"ListItem","position":3,"name":"Miel de Lavanda Ecol\u00f3gica y Halal &#8211; 100% Origen Espa\u00f1a 3.0th"}]},{"@type":"WebSite","@id":"https:\/\/30th.ma\/#website","url":"https:\/\/30th.ma\/","name":"3.0th Pure Honey, Pollen and Propolis Online","description":"Natural and artisan honey, pollen and propolis 100%. Discover the benefits of the treasures of the beehive for your health and vitality.","publisher":{"@id":"https:\/\/30th.ma\/#organization"},"potentialAction":[{"@type":"SearchAction","target":{"@type":"EntryPoint","urlTemplate":"https:\/\/30th.ma\/?s={search_term_string}"},"query-input":{"@type":"PropertyValueSpecification","valueRequired":true,"valueName":"search_term_string"}}],"inLanguage":"en-US"},{"@type":"Organization","@id":"https:\/\/30th.ma\/#organization","name":"3.0th Pure Honey, Pollen and Propolis Online","url":"https:\/\/30th.ma\/","logo":{"@type":"ImageObject","inLanguage":"en-US","@id":"https:\/\/30th.ma\/#\/schema\/logo\/image\/","url":"https:\/\/30th.ma\/wp-content\/uploads\/2025\/12\/cropped-82d0a305-434e-415f-9d9c-3867d4362c2b.png","contentUrl":"https:\/\/30th.ma\/wp-content\/uploads\/2025\/12\/cropped-82d0a305-434e-415f-9d9c-3867d4362c2b.png","width":457,"height":296,"caption":"3.0th Miel Pura, Polen y Prop\u00f3leo Online"},"image":{"@id":"https:\/\/30th.ma\/#\/schema\/logo\/image\/"},"sameAs":["https:\/\/www.facebook.com\/spanish.morocco.food"]}]}},"_links":{"self":[{"href":"https:\/\/30th.ma\/en\/wp-json\/wp\/v2\/product\/138","targetHints":{"allow":["GET"]}}],"collection":[{"href":"https:\/\/30th.ma\/en\/wp-json\/wp\/v2\/product"}],"about":[{"href":"https:\/\/30th.ma\/en\/wp-json\/wp\/v2\/types\/product"}],"replies":[{"embeddable":true,"href":"https:\/\/30th.ma\/en\/wp-json\/wp\/v2\/comments?post=138"}],"wp:featuredmedia":[{"embeddable":true,"href":"https:\/\/30th.ma\/en\/wp-json\/wp\/v2\/media\/263"}],"wp:attachment":[{"href":"https:\/\/30th.ma\/en\/wp-json\/wp\/v2\/media?parent=138"}],"wp:term":[{"taxonomy":"product_brand","embeddable":true,"href":"https:\/\/30th.ma\/en\/wp-json\/wp\/v2\/product_brand?post=138"},{"taxonomy":"product_cat","embeddable":true,"href":"https:\/\/30th.ma\/en\/wp-json\/wp\/v2\/product_cat?post=138"},{"taxonomy":"product_tag","embeddable":true,"href":"https:\/\/30th.ma\/en\/wp-json\/wp\/v2\/product_tag?post=138"}],"curies":[{"name":"wp","href":"https:\/\/api.w.org\/{rel}","templated":true}]}}