{"id":139,"date":"2025-12-10T16:19:08","date_gmt":"2025-12-10T16:19:08","guid":{"rendered":"https:\/\/30th.ma\/product\/miel-de-manuka-organica\/"},"modified":"2026-01-13T12:14:14","modified_gmt":"2026-01-13T12:14:14","slug":"avocado-honey","status":"publish","type":"product","link":"https:\/\/30th.ma\/en\/product\/miel-de-aguacate\/","title":{"rendered":"Organic and Halal Avocado Honey - Origin Spain 3.0th"},"content":{"rendered":"<p data-path-to-node=\"4,0\"><b data-path-to-node=\"4,0\" data-index-in-node=\"0\">Authentic Spanish Avocado Honey (450 g)<\/b><\/p>\n<ul data-path-to-node=\"4,1\">\n<li>\n<p data-path-to-node=\"4,1,0,0\"><img decoding=\"async\" class=\"emoji\" role=\"img\" draggable=\"false\" src=\"https:\/\/s.w.org\/images\/core\/emoji\/17.0.2\/svg\/2705.svg\" alt=\"\u2705\" \/>\u00a0<b data-path-to-node=\"4,1,0,0\" data-index-in-node=\"2\">Halal certified:<\/b>\u00a0Total guarantee of purity and legality.<\/p>\n<\/li>\n<li>\n<p data-path-to-node=\"4,1,1,0\"><img decoding=\"async\" class=\"emoji\" role=\"img\" draggable=\"false\" src=\"https:\/\/s.w.org\/images\/core\/emoji\/17.0.2\/svg\/1f1ea-1f1f8.svg\" alt=\"\ud83c\uddea\ud83c\uddf8\" \/>\u00a0<b data-path-to-node=\"4,1,1,0\" data-index-in-node=\"5\">Origin Spain:<\/b>\u00a0Premium European quality.<\/p>\n<\/li>\n<li>\n<p data-path-to-node=\"4,1,2,0\"><img decoding=\"async\" class=\"emoji\" role=\"img\" draggable=\"false\" src=\"https:\/\/s.w.org\/images\/core\/emoji\/17.0.2\/svg\/1f33f.svg\" alt=\"\ud83c\udf3f\" \/>\u00a0<b data-path-to-node=\"4,1,2,0\" data-index-in-node=\"3\">100% Sustainable:<\/b>\u00a0Produced under strict environmental controls.<\/p>\n<\/li>\n<li>\n<p data-path-to-node=\"4,1,3,0\"><img decoding=\"async\" class=\"emoji\" role=\"img\" draggable=\"false\" src=\"https:\/\/s.w.org\/images\/core\/emoji\/17.0.2\/svg\/1f36f.svg\" alt=\"\ud83c\udf6f\" \/>\u00a0<b data-path-to-node=\"4,1,3,0\" data-index-in-node=\"3\">Intense flavor:<\/b>\u00a0Dark honey, dense and rich in minerals.<\/p>\n<\/li>\n<\/ul>\n<p data-path-to-node=\"4\"><i data-path-to-node=\"4\" data-index-in-node=\"0\">Due to its less sweet profile, with salty, licorice and malty notes, it works as a sophisticated substitute for molasses or balsamic vinegar.<\/i><\/p>\n<ul data-path-to-node=\"5\">\n<li>\n<p data-path-to-node=\"5,0,0\"><b data-path-to-node=\"5,0,0\" data-index-in-node=\"0\">Pairing with Cheese:<\/b> It is the perfect partner for cheeses with strong flavor and personality, such as the <b data-path-to-node=\"5,0,0\" data-index-in-node=\"96\">cured goat cheese<\/b>, the <b data-path-to-node=\"5,0,0\" data-index-in-node=\"122\">blue cheese<\/b> or the <b data-path-to-node=\"5,0,0\" data-index-in-node=\"138\">Roquefort<\/b>. Its density balances the potency of the cheese.<\/p>\n<\/li>\n<li>\n<p data-path-to-node=\"5,1,0\"><b data-path-to-node=\"5,1,0\" data-index-in-node=\"0\">Dressings and Vinaigrettes:<\/b> Use it to create signature vinaigrettes. It combines wonderfully with extra virgin olive oil, old mustard and a touch of lemon for salads of tender sprouts or dried fruits.<\/p>\n<\/li>\n<li>\n<p data-path-to-node=\"5,2,0\"><b data-path-to-node=\"5,2,0\" data-index-in-node=\"0\">Glazes for meats:<\/b> It is spectacular for lacquering white or fatty meats. Try brushing <b data-path-to-node=\"5,2,0\" data-index-in-node=\"93\">duck, lamb ribs or a duck breast<\/b> in the last minutes of cooking to obtain a dark, caramelized and umami crust.<\/p>\n<\/li>\n<li>\n<p data-path-to-node=\"5,3,0\"><b data-path-to-node=\"5,3,0\" data-index-in-node=\"0\">Legumes and Stews:<\/b> A drizzle of avocado honey at the end of cooking lentils or a meat stew adds a surprising depth of color and velvety flavor.<\/p>\n<\/li>\n<li>\n<p data-path-to-node=\"5,4,0\"><b data-path-to-node=\"5,4,0\" data-index-in-node=\"0\">Chocolate Desserts:<\/b> The roasted notes enhance the flavor of the <b data-path-to-node=\"5,4,0\" data-index-in-node=\"67\">dark chocolate<\/b> and roasted nuts (almonds or walnuts).<\/p>\n<\/li>\n<\/ul>\n<p>\u00abOur avocado honey is the chefs\u00bb secret for dishes with character, while our lavender honey is a favorite for lovers of delicate pastries.\"<\/p>\n<p data-path-to-node=\"3\">\u26a0\ufe0f Consumption Recommendations<\/p>\n<p data-path-to-node=\"4\">Our honeys are live, raw and unfiltered products, which guarantees that they maintain all their enzymes, pollen and medicinal properties.<\/p>\n<ul data-path-to-node=\"5\">\n<li>\n<p data-path-to-node=\"5,0,0\"><b data-path-to-node=\"5,0,0\" data-index-in-node=\"0\">Natural crystallization:<\/b> If your honey hardens or forms crystals, that's a good sign! This is the natural process of pure, unprocessed honey. To return it to its liquid state while maintaining its properties, heat it gently in the oven. <b data-path-to-node=\"5,0,0\" data-index-in-node=\"225\">bain-marie<\/b> (maximum 40\u00b0C). Never use the microwave if you want to preserve its ecological benefits.<\/p>\n<\/li>\n<li>\n<p data-path-to-node=\"5,1,0\"><b data-path-to-node=\"5,1,0\" data-index-in-node=\"0\">Sweetness with Sense:<\/b> As they are very intense honeys (especially avocado), we recommend starting with a small amount. A teaspoon is enough to transform a dish.<\/p>\n<\/li>\n<li>\n<p data-path-to-node=\"5,2,0\"><b data-path-to-node=\"5,2,0\" data-index-in-node=\"0\">Food Safety:<\/b> Following pediatric recommendations, honey consumption is not recommended for children under 12 months of age.<\/p>\n<\/li>\n<li>\n<p data-path-to-node=\"5,3,0\"><b data-path-to-node=\"5,3,0\" data-index-in-node=\"0\">Utensils:<\/b> We recommend using wooden, ceramic or stainless steel spoons to avoid altering the flavor of the product.<\/p>\n<\/li>\n<\/ul>\n<p><b data-path-to-node=\"12,0\" data-index-in-node=\"0\">Conservation:<\/b> Store in a cool, dry place away from sunlight. Do not refrigerate. <b data-path-to-node=\"12,0\" data-index-in-node=\"75\">Consumption:<\/b> Raw honey. If it crystallizes, heat gently in a bain-marie. <b data-path-to-node=\"12,0\" data-index-in-node=\"146\">Useful life:<\/b> The honey does not expire, but we recommend its consumption preferably before 2 years to enjoy its maximum aromatic potency.<\/p>\n<p style=\"text-align: center;\">\u00ab<strong>All that remains is to include in the shopping basket with the rest of the honeys.<\/strong>\u00ab<\/p>","protected":false},"excerpt":{"rendered":"<p>Discover a honey with character. Our <b data-path-to-node=\"7,0\" data-index-in-node=\"40\">organic avocado honey<\/b> offers you an intense and unique flavor, free of additives. A product <b data-path-to-node=\"7,0\" data-index-in-node=\"137\">Premium and Sustainable<\/b> which respects the cycles of nature and has <b data-path-to-node=\"7,0\" data-index-in-node=\"211\">Halal guarantee<\/b>, ensuring maximum purity from the hive to your table.<\/p>","protected":false},"featured_media":267,"comment_status":"open","ping_status":"closed","template":"","meta":{"_joinchat":[]},"product_brand":[],"product_cat":[17],"product_tag":[42,21,38,39,22],"class_list":{"0":"post-139","1":"product","2":"type-product","3":"status-publish","4":"has-post-thumbnail","6":"product_cat-miel-biologique-halal-espagne-maroc","7":"product_tag-biologico","8":"product_tag-ecologic","9":"product_tag-gourmet","10":"product_tag-miel","11":"product_tag-premium","13":"first","14":"instock","15":"taxable","16":"shipping-taxable","17":"purchasable","18":"product-type-simple"},"yoast_head":"<!-- This site is optimized with the Yoast SEO plugin v27.1.1 - https:\/\/yoast.com\/product\/yoast-seo-wordpress\/ -->\n<title>Miel de Aguacate Biologica y Halal - Origen Espa\u00f1a 3.0th - 3.0th Miel Pura, Polen y Prop\u00f3leo Online<\/title>\n<meta name=\"description\" content=\"Descubre nuestra miel de aguacate ecol\u00f3gica. Producci\u00f3n sostenible, 100% pura y con certificaci\u00f3n Halal. \u00a1Sabor gourmet directo de la colmena a tu mesa!&quot;\" \/>\n<meta name=\"robots\" content=\"index, follow, max-snippet:-1, max-image-preview:large, max-video-preview:-1\" \/>\n<link rel=\"canonical\" href=\"https:\/\/30th.ma\/en\/product\/avocado-honey\/\" \/>\n<meta property=\"og:locale\" content=\"en_US\" \/>\n<meta property=\"og:type\" content=\"article\" \/>\n<meta property=\"og:title\" content=\"Miel de Aguacate Biologica y Halal - Origen Espa\u00f1a 3.0th - 3.0th Miel Pura, Polen y Prop\u00f3leo Online\" \/>\n<meta property=\"og:description\" content=\"Descubre nuestra miel de aguacate ecol\u00f3gica. Producci\u00f3n sostenible, 100% pura y con certificaci\u00f3n Halal. \u00a1Sabor gourmet directo de la colmena a tu mesa!&quot;\" \/>\n<meta property=\"og:url\" content=\"https:\/\/30th.ma\/en\/product\/avocado-honey\/\" \/>\n<meta property=\"og:site_name\" content=\"3.0th Miel Pura, Polen y Prop\u00f3leo Online\" \/>\n<meta property=\"article:publisher\" content=\"https:\/\/www.facebook.com\/spanish.morocco.food\" \/>\n<meta property=\"article:modified_time\" content=\"2026-01-13T12:14:14+00:00\" \/>\n<meta property=\"og:image\" content=\"https:\/\/30th.ma\/wp-content\/uploads\/2025\/12\/15128499-8fd1-421f-bfcd-99073514d4bc-scaled.jpg\" \/>\n\t<meta property=\"og:image:width\" content=\"2048\" \/>\n\t<meta property=\"og:image:height\" content=\"2560\" \/>\n\t<meta property=\"og:image:type\" content=\"image\/jpeg\" \/>\n<meta name=\"twitter:card\" content=\"summary_large_image\" \/>\n<meta name=\"twitter:label1\" content=\"Est. reading time\" \/>\n\t<meta name=\"twitter:data1\" content=\"4 minutes\" \/>\n<script type=\"application\/ld+json\" class=\"yoast-schema-graph\">{\"@context\":\"https:\/\/schema.org\",\"@graph\":[{\"@type\":\"WebPage\",\"@id\":\"https:\/\/30th.ma\/product\/miel-de-aguacate\/\",\"url\":\"https:\/\/30th.ma\/product\/miel-de-aguacate\/\",\"name\":\"Miel de Aguacate Biologica y Halal - Origen Espa\u00f1a 3.0th - 3.0th Miel Pura, Polen y Prop\u00f3leo Online\",\"isPartOf\":{\"@id\":\"https:\/\/30th.ma\/#website\"},\"primaryImageOfPage\":{\"@id\":\"https:\/\/30th.ma\/product\/miel-de-aguacate\/#primaryimage\"},\"image\":{\"@id\":\"https:\/\/30th.ma\/product\/miel-de-aguacate\/#primaryimage\"},\"thumbnailUrl\":\"https:\/\/30th.ma\/wp-content\/uploads\/2025\/12\/15128499-8fd1-421f-bfcd-99073514d4bc-scaled.jpg\",\"datePublished\":\"2025-12-10T16:19:08+00:00\",\"dateModified\":\"2026-01-13T12:14:14+00:00\",\"description\":\"Descubre nuestra miel de aguacate ecol\u00f3gica. Producci\u00f3n sostenible, 100% pura y con certificaci\u00f3n Halal. \u00a1Sabor gourmet directo de la colmena a tu mesa!\\\"\",\"breadcrumb\":{\"@id\":\"https:\/\/30th.ma\/product\/miel-de-aguacate\/#breadcrumb\"},\"inLanguage\":\"en-US\",\"potentialAction\":[{\"@type\":\"ReadAction\",\"target\":[\"https:\/\/30th.ma\/product\/miel-de-aguacate\/\"]}]},{\"@type\":\"ImageObject\",\"inLanguage\":\"en-US\",\"@id\":\"https:\/\/30th.ma\/product\/miel-de-aguacate\/#primaryimage\",\"url\":\"https:\/\/30th.ma\/wp-content\/uploads\/2025\/12\/15128499-8fd1-421f-bfcd-99073514d4bc-scaled.jpg\",\"contentUrl\":\"https:\/\/30th.ma\/wp-content\/uploads\/2025\/12\/15128499-8fd1-421f-bfcd-99073514d4bc-scaled.jpg\",\"width\":2048,\"height\":2560,\"caption\":\"Tarro de miel de aguacate ecol\u00f3gica y sostenible, color \u00e1mbar oscuro intenso, con certificaci\u00f3n Hala\"},{\"@type\":\"BreadcrumbList\",\"@id\":\"https:\/\/30th.ma\/product\/miel-de-aguacate\/#breadcrumb\",\"itemListElement\":[{\"@type\":\"ListItem\",\"position\":1,\"name\":\"Home\",\"item\":\"https:\/\/30th.ma\/\"},{\"@type\":\"ListItem\",\"position\":2,\"name\":\"Ver todo\",\"item\":\"https:\/\/30th.ma\/ver-todo\/\"},{\"@type\":\"ListItem\",\"position\":3,\"name\":\"Miel de Aguacate Biologica y Halal &#8211; Origen Espa\u00f1a 3.0th\"}]},{\"@type\":\"WebSite\",\"@id\":\"https:\/\/30th.ma\/#website\",\"url\":\"https:\/\/30th.ma\/\",\"name\":\"3.0th Miel Pura, Polen y Prop\u00f3leo Online\",\"description\":\"Miel, polen y prop\u00f3leo 100% naturales y artesanos. Descubre los beneficios de los tesoros de la colmena para tu salud y vitalidad\",\"publisher\":{\"@id\":\"https:\/\/30th.ma\/#organization\"},\"potentialAction\":[{\"@type\":\"SearchAction\",\"target\":{\"@type\":\"EntryPoint\",\"urlTemplate\":\"https:\/\/30th.ma\/?s={search_term_string}\"},\"query-input\":{\"@type\":\"PropertyValueSpecification\",\"valueRequired\":true,\"valueName\":\"search_term_string\"}}],\"inLanguage\":\"en-US\"},{\"@type\":\"Organization\",\"@id\":\"https:\/\/30th.ma\/#organization\",\"name\":\"3.0th Miel Pura, Polen y Prop\u00f3leo Online\",\"url\":\"https:\/\/30th.ma\/\",\"logo\":{\"@type\":\"ImageObject\",\"inLanguage\":\"en-US\",\"@id\":\"https:\/\/30th.ma\/#\/schema\/logo\/image\/\",\"url\":\"https:\/\/30th.ma\/wp-content\/uploads\/2025\/12\/cropped-82d0a305-434e-415f-9d9c-3867d4362c2b.png\",\"contentUrl\":\"https:\/\/30th.ma\/wp-content\/uploads\/2025\/12\/cropped-82d0a305-434e-415f-9d9c-3867d4362c2b.png\",\"width\":457,\"height\":296,\"caption\":\"3.0th Miel Pura, Polen y Prop\u00f3leo Online\"},\"image\":{\"@id\":\"https:\/\/30th.ma\/#\/schema\/logo\/image\/\"},\"sameAs\":[\"https:\/\/www.facebook.com\/spanish.morocco.food\"]}]}<\/script>\n<!-- \/ Yoast SEO plugin. -->","yoast_head_json":{"title":"Avocado Honey Organic and Halal - Origin Spain 3.0th - 3.0th Pure Honey, Pollen and Propolis Online","description":"Discover our organic avocado honey. Sustainably produced, 100% pure and Halal certified. gourmet taste straight from the hive to your table!\"","robots":{"index":"index","follow":"follow","max-snippet":"max-snippet:-1","max-image-preview":"max-image-preview:large","max-video-preview":"max-video-preview:-1"},"canonical":"https:\/\/30th.ma\/en\/product\/avocado-honey\/","og_locale":"en_US","og_type":"article","og_title":"Miel de Aguacate Biologica y Halal - Origen Espa\u00f1a 3.0th - 3.0th Miel Pura, Polen y Prop\u00f3leo Online","og_description":"Descubre nuestra miel de aguacate ecol\u00f3gica. Producci\u00f3n sostenible, 100% pura y con certificaci\u00f3n Halal. \u00a1Sabor gourmet directo de la colmena a tu mesa!\"","og_url":"https:\/\/30th.ma\/en\/product\/avocado-honey\/","og_site_name":"3.0th Miel Pura, Polen y Prop\u00f3leo Online","article_publisher":"https:\/\/www.facebook.com\/spanish.morocco.food","article_modified_time":"2026-01-13T12:14:14+00:00","og_image":[{"width":2048,"height":2560,"url":"https:\/\/30th.ma\/wp-content\/uploads\/2025\/12\/15128499-8fd1-421f-bfcd-99073514d4bc-scaled.jpg","type":"image\/jpeg"}],"twitter_card":"summary_large_image","twitter_misc":{"Est. reading time":"4 minutes"},"schema":{"@context":"https:\/\/schema.org","@graph":[{"@type":"WebPage","@id":"https:\/\/30th.ma\/product\/miel-de-aguacate\/","url":"https:\/\/30th.ma\/product\/miel-de-aguacate\/","name":"Avocado Honey Organic and Halal - Origin Spain 3.0th - 3.0th Pure Honey, Pollen and Propolis Online","isPartOf":{"@id":"https:\/\/30th.ma\/#website"},"primaryImageOfPage":{"@id":"https:\/\/30th.ma\/product\/miel-de-aguacate\/#primaryimage"},"image":{"@id":"https:\/\/30th.ma\/product\/miel-de-aguacate\/#primaryimage"},"thumbnailUrl":"https:\/\/30th.ma\/wp-content\/uploads\/2025\/12\/15128499-8fd1-421f-bfcd-99073514d4bc-scaled.jpg","datePublished":"2025-12-10T16:19:08+00:00","dateModified":"2026-01-13T12:14:14+00:00","description":"Discover our organic avocado honey. Sustainably produced, 100% pure and Halal certified. gourmet taste straight from the hive to your table!\"","breadcrumb":{"@id":"https:\/\/30th.ma\/product\/miel-de-aguacate\/#breadcrumb"},"inLanguage":"en-US","potentialAction":[{"@type":"ReadAction","target":["https:\/\/30th.ma\/product\/miel-de-aguacate\/"]}]},{"@type":"ImageObject","inLanguage":"en-US","@id":"https:\/\/30th.ma\/product\/miel-de-aguacate\/#primaryimage","url":"https:\/\/30th.ma\/wp-content\/uploads\/2025\/12\/15128499-8fd1-421f-bfcd-99073514d4bc-scaled.jpg","contentUrl":"https:\/\/30th.ma\/wp-content\/uploads\/2025\/12\/15128499-8fd1-421f-bfcd-99073514d4bc-scaled.jpg","width":2048,"height":2560,"caption":"Tarro de miel de aguacate ecol\u00f3gica y sostenible, color \u00e1mbar oscuro intenso, con certificaci\u00f3n Hala"},{"@type":"BreadcrumbList","@id":"https:\/\/30th.ma\/product\/miel-de-aguacate\/#breadcrumb","itemListElement":[{"@type":"ListItem","position":1,"name":"Home","item":"https:\/\/30th.ma\/"},{"@type":"ListItem","position":2,"name":"Ver todo","item":"https:\/\/30th.ma\/ver-todo\/"},{"@type":"ListItem","position":3,"name":"Miel de Aguacate Biologica y Halal &#8211; Origen Espa\u00f1a 3.0th"}]},{"@type":"WebSite","@id":"https:\/\/30th.ma\/#website","url":"https:\/\/30th.ma\/","name":"3.0th Pure Honey, Pollen and Propolis Online","description":"Natural and artisan honey, pollen and propolis 100%. Discover the benefits of the treasures of the beehive for your health and vitality.","publisher":{"@id":"https:\/\/30th.ma\/#organization"},"potentialAction":[{"@type":"SearchAction","target":{"@type":"EntryPoint","urlTemplate":"https:\/\/30th.ma\/?s={search_term_string}"},"query-input":{"@type":"PropertyValueSpecification","valueRequired":true,"valueName":"search_term_string"}}],"inLanguage":"en-US"},{"@type":"Organization","@id":"https:\/\/30th.ma\/#organization","name":"3.0th Pure Honey, Pollen and Propolis Online","url":"https:\/\/30th.ma\/","logo":{"@type":"ImageObject","inLanguage":"en-US","@id":"https:\/\/30th.ma\/#\/schema\/logo\/image\/","url":"https:\/\/30th.ma\/wp-content\/uploads\/2025\/12\/cropped-82d0a305-434e-415f-9d9c-3867d4362c2b.png","contentUrl":"https:\/\/30th.ma\/wp-content\/uploads\/2025\/12\/cropped-82d0a305-434e-415f-9d9c-3867d4362c2b.png","width":457,"height":296,"caption":"3.0th Miel Pura, Polen y Prop\u00f3leo Online"},"image":{"@id":"https:\/\/30th.ma\/#\/schema\/logo\/image\/"},"sameAs":["https:\/\/www.facebook.com\/spanish.morocco.food"]}]}},"_links":{"self":[{"href":"https:\/\/30th.ma\/en\/wp-json\/wp\/v2\/product\/139","targetHints":{"allow":["GET"]}}],"collection":[{"href":"https:\/\/30th.ma\/en\/wp-json\/wp\/v2\/product"}],"about":[{"href":"https:\/\/30th.ma\/en\/wp-json\/wp\/v2\/types\/product"}],"replies":[{"embeddable":true,"href":"https:\/\/30th.ma\/en\/wp-json\/wp\/v2\/comments?post=139"}],"wp:featuredmedia":[{"embeddable":true,"href":"https:\/\/30th.ma\/en\/wp-json\/wp\/v2\/media\/267"}],"wp:attachment":[{"href":"https:\/\/30th.ma\/en\/wp-json\/wp\/v2\/media?parent=139"}],"wp:term":[{"taxonomy":"product_brand","embeddable":true,"href":"https:\/\/30th.ma\/en\/wp-json\/wp\/v2\/product_brand?post=139"},{"taxonomy":"product_cat","embeddable":true,"href":"https:\/\/30th.ma\/en\/wp-json\/wp\/v2\/product_cat?post=139"},{"taxonomy":"product_tag","embeddable":true,"href":"https:\/\/30th.ma\/en\/wp-json\/wp\/v2\/product_tag?post=139"}],"curies":[{"name":"wp","href":"https:\/\/api.w.org\/{rel}","templated":true}]}}