{"id":144,"date":"2025-12-10T16:19:10","date_gmt":"2025-12-10T16:19:10","guid":{"rendered":"https:\/\/30th.ma\/product\/tintura-de-propoleo-espanol\/"},"modified":"2026-01-12T18:12:09","modified_gmt":"2026-01-12T18:12:09","slug":"tintura-de-propoleo-sin-alcohol","status":"publish","type":"product","link":"https:\/\/30th.ma\/en\/product\/tintura-de-propoleo-sin-alcohol\/","title":{"rendered":"Alcohol Free Propolis Tincture 30 ml"},"content":{"rendered":"<p>Discover our exclusive <b>Alcohol Free Propolis Tincture<\/b>, the purest and most accessible way to take advantage of the extraordinary benefits of propolis. Ethically harvested and produced with a deep respect for nature, this tincture is the ideal complement to your daily well-being.<\/p>\n<h4 data-path-to-node=\"5\"><b>Outstanding Features<\/b><\/h4>\n<ul>\n<li>\n<p data-path-to-node=\"6,0,0\"><b>100% Alcohol Free:<\/b> Perfect for the whole family, including children over three years old, people with alcohol sensitivities or those following specific diets.<\/p>\n<\/li>\n<li>\n<p data-path-to-node=\"6,1,0\"><b>High Purity Propolis:<\/b> We extract the raw propolis resin to capture all its bioactive compounds, known for their properties. <b>immunomodulators<\/b>, <b>antiseptic<\/b> y <b>healing agents<\/b>.<\/p>\n<\/li>\n<li>\n<p data-path-to-node=\"6,2,0\"><b>Natural and Ecological:<\/b> It comes from hives located in environments free of contaminants and pesticides. A genuine product <b>ecological<\/b> that takes care of you and the planet.<\/p>\n<\/li>\n<li>\n<p data-path-to-node=\"6,3,0\"><b>Halal Certification:<\/b> We guarantee a 100% production process and composition. <b>Halal<\/b>, free of any prohibited ingredient or contaminant.<\/p>\n<\/li>\n<li data-path-to-node=\"6,4,0\"><b>Sustainable Production:<\/b> Our commitment to the <b>sustainability<\/b> ensures that propolis is harvested in a responsible manner, preserving the health of the bees and the balance of the ecosystem.<\/li>\n<\/ul>\n<h4 data-path-to-node=\"6,4,0\"><b>Suggested Mode of Use<\/b><\/h4>\n<p data-path-to-node=\"10\"><em>Take 5 to 10 drops diluted in a little water, juice or infusion, 2 to 3 times a day. For topical use, apply on a gauze directly on the desired area. Shake well before use.<\/em><\/p>\n<p style=\"text-align: center;\" data-path-to-node=\"10\">Choose wellness with a conscience. Add our Alcohol-Free Propolis Tincture to your cart today!<\/p>","protected":false},"excerpt":{"rendered":"<p><b>Tintura de Prop\u00f3leo Sin Alcohol Gotas<\/b><\/p>","protected":false},"featured_media":237,"comment_status":"closed","ping_status":"closed","template":"","meta":{"_joinchat":[]},"product_brand":[],"product_cat":[19],"product_tag":[21,20,22,36],"class_list":{"0":"post-144","1":"product","2":"type-product","3":"status-publish","4":"has-post-thumbnail","6":"product_cat-propoleo-natural","7":"product_tag-ecologic","8":"product_tag-halal","9":"product_tag-premium","10":"product_tag-propoleo","12":"first","13":"instock","14":"sale","15":"taxable","16":"shipping-taxable","17":"purchasable","18":"product-type-simple"},"yoast_head":"<!-- This site is optimized with the Yoast SEO plugin v27.1.1 - https:\/\/yoast.com\/product\/yoast-seo-wordpress\/ -->\n<title>Tintura de Prop\u00f3leo Sin Alcohol 30 ml - 3.0th Miel Pura, Polen y Prop\u00f3leo Online<\/title>\n<meta name=\"description\" content=\"Tintura de prop\u00f3leo sin alcohol, 100% natural y ecol\u00f3gica. Refuerza tu inmunidad. \u00a1Certificado Halal y de producci\u00f3n sostenible! Ideal para toda la familia. %\" \/>\n<meta name=\"robots\" content=\"index, follow, max-snippet:-1, max-image-preview:large, max-video-preview:-1\" \/>\n<link rel=\"canonical\" href=\"https:\/\/30th.ma\/en\/product\/tintura-de-propoleo-sin-alcohol\/\" \/>\n<meta property=\"og:locale\" content=\"en_US\" \/>\n<meta property=\"og:type\" content=\"article\" \/>\n<meta property=\"og:title\" content=\"Tintura de Prop\u00f3leo Sin Alcohol 30 ml - 3.0th Miel Pura, Polen y Prop\u00f3leo Online\" \/>\n<meta property=\"og:description\" content=\"Tintura de prop\u00f3leo sin alcohol, 100% natural y ecol\u00f3gica. Refuerza tu inmunidad. \u00a1Certificado Halal y de producci\u00f3n sostenible! Ideal para toda la familia. %\" \/>\n<meta property=\"og:url\" content=\"https:\/\/30th.ma\/en\/product\/tintura-de-propoleo-sin-alcohol\/\" \/>\n<meta property=\"og:site_name\" content=\"3.0th Miel Pura, Polen y Prop\u00f3leo Online\" \/>\n<meta property=\"article:publisher\" content=\"https:\/\/www.facebook.com\/spanish.morocco.food\" \/>\n<meta property=\"article:modified_time\" content=\"2026-01-12T18:12:09+00:00\" \/>\n<meta property=\"og:image\" content=\"https:\/\/30th.ma\/wp-content\/uploads\/2025\/12\/Principal-gotero-arabe-fondo-2-1.jpg\" \/>\n\t<meta property=\"og:image:width\" content=\"2344\" \/>\n\t<meta property=\"og:image:height\" content=\"2494\" \/>\n\t<meta property=\"og:image:type\" content=\"image\/jpeg\" \/>\n<meta name=\"twitter:card\" content=\"summary_large_image\" \/>\n<meta name=\"twitter:label1\" content=\"Est. reading time\" \/>\n\t<meta name=\"twitter:data1\" content=\"2 minutes\" \/>\n<script type=\"application\/ld+json\" class=\"yoast-schema-graph\">{\"@context\":\"https:\/\/schema.org\",\"@graph\":[{\"@type\":\"WebPage\",\"@id\":\"https:\/\/30th.ma\/product\/tintura-de-propoleo-sin-alcohol\/\",\"url\":\"https:\/\/30th.ma\/product\/tintura-de-propoleo-sin-alcohol\/\",\"name\":\"Tintura de Prop\u00f3leo Sin Alcohol 30 ml - 3.0th Miel Pura, Polen y Prop\u00f3leo Online\",\"isPartOf\":{\"@id\":\"https:\/\/30th.ma\/#website\"},\"primaryImageOfPage\":{\"@id\":\"https:\/\/30th.ma\/product\/tintura-de-propoleo-sin-alcohol\/#primaryimage\"},\"image\":{\"@id\":\"https:\/\/30th.ma\/product\/tintura-de-propoleo-sin-alcohol\/#primaryimage\"},\"thumbnailUrl\":\"https:\/\/30th.ma\/wp-content\/uploads\/2025\/12\/Principal-gotero-arabe-fondo-2-1.jpg\",\"datePublished\":\"2025-12-10T16:19:10+00:00\",\"dateModified\":\"2026-01-12T18:12:09+00:00\",\"description\":\"Tintura de prop\u00f3leo sin alcohol, 100% natural y ecol\u00f3gica. Refuerza tu inmunidad. \u00a1Certificado Halal y de producci\u00f3n sostenible! Ideal para toda la familia. %\",\"breadcrumb\":{\"@id\":\"https:\/\/30th.ma\/product\/tintura-de-propoleo-sin-alcohol\/#breadcrumb\"},\"inLanguage\":\"en-US\",\"potentialAction\":[{\"@type\":\"ReadAction\",\"target\":[\"https:\/\/30th.ma\/product\/tintura-de-propoleo-sin-alcohol\/\"]}]},{\"@type\":\"ImageObject\",\"inLanguage\":\"en-US\",\"@id\":\"https:\/\/30th.ma\/product\/tintura-de-propoleo-sin-alcohol\/#primaryimage\",\"url\":\"https:\/\/30th.ma\/wp-content\/uploads\/2025\/12\/Principal-gotero-arabe-fondo-2-1.jpg\",\"contentUrl\":\"https:\/\/30th.ma\/wp-content\/uploads\/2025\/12\/Principal-gotero-arabe-fondo-2-1.jpg\",\"width\":2344,\"height\":2494},{\"@type\":\"BreadcrumbList\",\"@id\":\"https:\/\/30th.ma\/product\/tintura-de-propoleo-sin-alcohol\/#breadcrumb\",\"itemListElement\":[{\"@type\":\"ListItem\",\"position\":1,\"name\":\"Home\",\"item\":\"https:\/\/30th.ma\/\"},{\"@type\":\"ListItem\",\"position\":2,\"name\":\"Ver todo\",\"item\":\"https:\/\/30th.ma\/ver-todo\/\"},{\"@type\":\"ListItem\",\"position\":3,\"name\":\"Tintura de Prop\u00f3leo Sin Alcohol 30 ml\"}]},{\"@type\":\"WebSite\",\"@id\":\"https:\/\/30th.ma\/#website\",\"url\":\"https:\/\/30th.ma\/\",\"name\":\"3.0th Miel Pura, Polen y Prop\u00f3leo Online\",\"description\":\"Miel, polen y prop\u00f3leo 100% naturales y artesanos. Descubre los beneficios de los tesoros de la colmena para tu salud y vitalidad\",\"publisher\":{\"@id\":\"https:\/\/30th.ma\/#organization\"},\"potentialAction\":[{\"@type\":\"SearchAction\",\"target\":{\"@type\":\"EntryPoint\",\"urlTemplate\":\"https:\/\/30th.ma\/?s={search_term_string}\"},\"query-input\":{\"@type\":\"PropertyValueSpecification\",\"valueRequired\":true,\"valueName\":\"search_term_string\"}}],\"inLanguage\":\"en-US\"},{\"@type\":\"Organization\",\"@id\":\"https:\/\/30th.ma\/#organization\",\"name\":\"3.0th Miel Pura, Polen y Prop\u00f3leo Online\",\"url\":\"https:\/\/30th.ma\/\",\"logo\":{\"@type\":\"ImageObject\",\"inLanguage\":\"en-US\",\"@id\":\"https:\/\/30th.ma\/#\/schema\/logo\/image\/\",\"url\":\"https:\/\/30th.ma\/wp-content\/uploads\/2025\/12\/cropped-82d0a305-434e-415f-9d9c-3867d4362c2b.png\",\"contentUrl\":\"https:\/\/30th.ma\/wp-content\/uploads\/2025\/12\/cropped-82d0a305-434e-415f-9d9c-3867d4362c2b.png\",\"width\":457,\"height\":296,\"caption\":\"3.0th Miel Pura, Polen y Prop\u00f3leo Online\"},\"image\":{\"@id\":\"https:\/\/30th.ma\/#\/schema\/logo\/image\/\"},\"sameAs\":[\"https:\/\/www.facebook.com\/spanish.morocco.food\"]}]}<\/script>\n<!-- \/ Yoast SEO plugin. -->","yoast_head_json":{"title":"Tintura de Prop\u00f3leo Sin Alcohol 30 ml - 3.0th Miel Pura, Polen y Prop\u00f3leo Online","description":"Tintura de prop\u00f3leo sin alcohol, 100% natural y ecol\u00f3gica. Refuerza tu inmunidad. \u00a1Certificado Halal y de producci\u00f3n sostenible! Ideal para toda la familia. %","robots":{"index":"index","follow":"follow","max-snippet":"max-snippet:-1","max-image-preview":"max-image-preview:large","max-video-preview":"max-video-preview:-1"},"canonical":"https:\/\/30th.ma\/en\/product\/tintura-de-propoleo-sin-alcohol\/","og_locale":"en_US","og_type":"article","og_title":"Tintura de Prop\u00f3leo Sin Alcohol 30 ml - 3.0th Miel Pura, Polen y Prop\u00f3leo Online","og_description":"Tintura de prop\u00f3leo sin alcohol, 100% natural y ecol\u00f3gica. Refuerza tu inmunidad. \u00a1Certificado Halal y de producci\u00f3n sostenible! Ideal para toda la familia. %","og_url":"https:\/\/30th.ma\/en\/product\/tintura-de-propoleo-sin-alcohol\/","og_site_name":"3.0th Miel Pura, Polen y Prop\u00f3leo Online","article_publisher":"https:\/\/www.facebook.com\/spanish.morocco.food","article_modified_time":"2026-01-12T18:12:09+00:00","og_image":[{"width":2344,"height":2494,"url":"https:\/\/30th.ma\/wp-content\/uploads\/2025\/12\/Principal-gotero-arabe-fondo-2-1.jpg","type":"image\/jpeg"}],"twitter_card":"summary_large_image","twitter_misc":{"Est. reading time":"2 minutes"},"schema":{"@context":"https:\/\/schema.org","@graph":[{"@type":"WebPage","@id":"https:\/\/30th.ma\/product\/tintura-de-propoleo-sin-alcohol\/","url":"https:\/\/30th.ma\/product\/tintura-de-propoleo-sin-alcohol\/","name":"Tintura de Prop\u00f3leo Sin Alcohol 30 ml - 3.0th Miel Pura, Polen y Prop\u00f3leo Online","isPartOf":{"@id":"https:\/\/30th.ma\/#website"},"primaryImageOfPage":{"@id":"https:\/\/30th.ma\/product\/tintura-de-propoleo-sin-alcohol\/#primaryimage"},"image":{"@id":"https:\/\/30th.ma\/product\/tintura-de-propoleo-sin-alcohol\/#primaryimage"},"thumbnailUrl":"https:\/\/30th.ma\/wp-content\/uploads\/2025\/12\/Principal-gotero-arabe-fondo-2-1.jpg","datePublished":"2025-12-10T16:19:10+00:00","dateModified":"2026-01-12T18:12:09+00:00","description":"Tintura de prop\u00f3leo sin alcohol, 100% natural y ecol\u00f3gica. Refuerza tu inmunidad. \u00a1Certificado Halal y de producci\u00f3n sostenible! Ideal para toda la familia. %","breadcrumb":{"@id":"https:\/\/30th.ma\/product\/tintura-de-propoleo-sin-alcohol\/#breadcrumb"},"inLanguage":"en-US","potentialAction":[{"@type":"ReadAction","target":["https:\/\/30th.ma\/product\/tintura-de-propoleo-sin-alcohol\/"]}]},{"@type":"ImageObject","inLanguage":"en-US","@id":"https:\/\/30th.ma\/product\/tintura-de-propoleo-sin-alcohol\/#primaryimage","url":"https:\/\/30th.ma\/wp-content\/uploads\/2025\/12\/Principal-gotero-arabe-fondo-2-1.jpg","contentUrl":"https:\/\/30th.ma\/wp-content\/uploads\/2025\/12\/Principal-gotero-arabe-fondo-2-1.jpg","width":2344,"height":2494},{"@type":"BreadcrumbList","@id":"https:\/\/30th.ma\/product\/tintura-de-propoleo-sin-alcohol\/#breadcrumb","itemListElement":[{"@type":"ListItem","position":1,"name":"Home","item":"https:\/\/30th.ma\/"},{"@type":"ListItem","position":2,"name":"Ver todo","item":"https:\/\/30th.ma\/ver-todo\/"},{"@type":"ListItem","position":3,"name":"Tintura de Prop\u00f3leo Sin Alcohol 30 ml"}]},{"@type":"WebSite","@id":"https:\/\/30th.ma\/#website","url":"https:\/\/30th.ma\/","name":"3.0th Pure Honey, Pollen and Propolis Online","description":"Natural and artisan honey, pollen and propolis 100%. Discover the benefits of the treasures of the beehive for your health and vitality.","publisher":{"@id":"https:\/\/30th.ma\/#organization"},"potentialAction":[{"@type":"SearchAction","target":{"@type":"EntryPoint","urlTemplate":"https:\/\/30th.ma\/?s={search_term_string}"},"query-input":{"@type":"PropertyValueSpecification","valueRequired":true,"valueName":"search_term_string"}}],"inLanguage":"en-US"},{"@type":"Organization","@id":"https:\/\/30th.ma\/#organization","name":"3.0th Pure Honey, Pollen and Propolis Online","url":"https:\/\/30th.ma\/","logo":{"@type":"ImageObject","inLanguage":"en-US","@id":"https:\/\/30th.ma\/#\/schema\/logo\/image\/","url":"https:\/\/30th.ma\/wp-content\/uploads\/2025\/12\/cropped-82d0a305-434e-415f-9d9c-3867d4362c2b.png","contentUrl":"https:\/\/30th.ma\/wp-content\/uploads\/2025\/12\/cropped-82d0a305-434e-415f-9d9c-3867d4362c2b.png","width":457,"height":296,"caption":"3.0th Miel Pura, Polen y Prop\u00f3leo Online"},"image":{"@id":"https:\/\/30th.ma\/#\/schema\/logo\/image\/"},"sameAs":["https:\/\/www.facebook.com\/spanish.morocco.food"]}]}},"_links":{"self":[{"href":"https:\/\/30th.ma\/en\/wp-json\/wp\/v2\/product\/144","targetHints":{"allow":["GET"]}}],"collection":[{"href":"https:\/\/30th.ma\/en\/wp-json\/wp\/v2\/product"}],"about":[{"href":"https:\/\/30th.ma\/en\/wp-json\/wp\/v2\/types\/product"}],"replies":[{"embeddable":true,"href":"https:\/\/30th.ma\/en\/wp-json\/wp\/v2\/comments?post=144"}],"wp:featuredmedia":[{"embeddable":true,"href":"https:\/\/30th.ma\/en\/wp-json\/wp\/v2\/media\/237"}],"wp:attachment":[{"href":"https:\/\/30th.ma\/en\/wp-json\/wp\/v2\/media?parent=144"}],"wp:term":[{"taxonomy":"product_brand","embeddable":true,"href":"https:\/\/30th.ma\/en\/wp-json\/wp\/v2\/product_brand?post=144"},{"taxonomy":"product_cat","embeddable":true,"href":"https:\/\/30th.ma\/en\/wp-json\/wp\/v2\/product_cat?post=144"},{"taxonomy":"product_tag","embeddable":true,"href":"https:\/\/30th.ma\/en\/wp-json\/wp\/v2\/product_tag?post=144"}],"curies":[{"name":"wp","href":"https:\/\/api.w.org\/{rel}","templated":true}]}}