{"id":347,"date":"2026-01-26T19:33:36","date_gmt":"2026-01-26T19:33:36","guid":{"rendered":"https:\/\/30th.ma\/?post_type=product&#038;p=347"},"modified":"2026-02-05T17:01:46","modified_gmt":"2026-02-05T17:01:46","slug":"aceite-de-argan-puro-100-ml-ecologico-y-prensado-en-frio","status":"publish","type":"product","link":"https:\/\/30th.ma\/en\/product\/aceite-de-argan-puro-100-ml-ecologico-y-prensado-en-frio\/","title":{"rendered":"Organic Argan Oil 250 ml"},"content":{"rendered":"<p data-path-to-node=\"16\">Moisturizes, repairs and illuminates. Argan Oil 100% pure and organic. A powerful natural antioxidant for all skin and hair types. Maximum quality in 250 ml large format.<\/p>\n<p data-path-to-node=\"17\"><b data-path-to-node=\"17\" data-index-in-node=\"0\">The Benefits of Your New Essential:<\/b><\/p>\n<ul data-path-to-node=\"18\">\n<li>\n<p data-path-to-node=\"18,0,0\"><b data-path-to-node=\"18,0,0\" data-index-in-node=\"0\">\ud83e\uddea 100% Bio and Natural:<\/b> Free of silicones, parabens and synthetic perfumes. Only <i data-path-to-node=\"18,0,0\" data-index-in-node=\"84\">Argania Spinosa<\/i> pure.<\/p>\n<\/li>\n<li>\n<p data-path-to-node=\"18,1,0\"><b data-path-to-node=\"18,1,0\" data-index-in-node=\"0\">\ud83d\udca7 Moisturizing without Grease:<\/b> Unlike other oils, argan oil is \u00abdry\u00bb, absorbs quickly and does not clog pores (non-comedogenic).<\/p>\n<\/li>\n<li>\n<p data-path-to-node=\"18,2,0\"><b data-path-to-node=\"18,2,0\" data-index-in-node=\"0\">\ud83d\udee1\ufe0f Capillary Shield:<\/b> Protects your hair from the heat of the dryer and the sun. Controls frizz immediately.<\/p>\n<\/li>\n<li>\n<p data-path-to-node=\"18,3,0\"><b data-path-to-node=\"18,3,0\" data-index-in-node=\"0\">\ud83d\udcb0 Smart Format (100 ml):<\/b> More quantity at the best price. Ideal for family use or intensive treatment.<\/p>\n<\/li>\n<\/ul>\n<p data-path-to-node=\"19\"><b data-path-to-node=\"19\" data-index-in-node=\"0\">Technical Data Sheet:<\/b><\/p>\n<ul data-path-to-node=\"20\">\n<li>\n<p data-path-to-node=\"20,0,0\"><b data-path-to-node=\"20,0,0\" data-index-in-node=\"0\">Ingredients:<\/b> 100% Argania Spinosa Seed Oil (From organic farming).<\/p>\n<\/li>\n<li>\n<p data-path-to-node=\"20,1,0\"><b data-path-to-node=\"20,1,0\" data-index-in-node=\"0\">Method of extraction:<\/b> First cold pressing.<\/p>\n<\/li>\n<li>\n<p data-path-to-node=\"20,2,0\"><b data-path-to-node=\"20,2,0\" data-index-in-node=\"0\">Origin:<\/b> Morocco.<\/p>\n<\/li>\n<li>\n<p data-path-to-node=\"20,3,0\"><b data-path-to-node=\"20,3,0\" data-index-in-node=\"0\">Packaging:<\/b> Topaz crystal to protect vitamins from sunlight.<\/p>\n<\/li>\n<\/ul>\n<p data-path-to-node=\"21\"><b data-path-to-node=\"21\" data-index-in-node=\"0\">Instructions for use:<\/b> Apply 2-3 pumps on the palm of the hand. Warm by rubbing hands together and gently massage into clean skin or apply from mid-lengths to ends on damp or dry hair.<\/p>\n<p style=\"text-align: center;\" data-path-to-node=\"21\"><em>Add to cart and tomorrow at your home<\/em><\/p>","protected":false},"excerpt":{"rendered":"<p>El &#8216;oro l\u00edquido&#8217; de Marruecos en su formato m\u00e1s vers\u00e1til. Extra\u00eddo en fr\u00edo para preservar todas sus propiedades nutritivas en cada gota de estos 250 ml.<\/p>","protected":false},"featured_media":353,"comment_status":"open","ping_status":"closed","template":"","meta":{"_joinchat":[]},"product_brand":[],"product_cat":[16],"product_tag":[],"class_list":{"0":"post-347","1":"product","2":"type-product","3":"status-publish","4":"has-post-thumbnail","6":"product_cat-tienda-infusiones-tes-hierbas-marruecos","8":"first","9":"instock","10":"taxable","11":"shipping-taxable","12":"purchasable","13":"product-type-simple"},"yoast_head":"<!-- This site is optimized with the Yoast SEO plugin v27.1.1 - https:\/\/yoast.com\/product\/yoast-seo-wordpress\/ -->\n<title>Aceite Arg\u00e1n Biol\u00f3gico 250 ml - 3.0th Miel Pura, Polen y Prop\u00f3leo Online<\/title>\n<meta name=\"description\" content=\"Compra aceite de arg\u00e1n puro 100 ml. Certificado ecol\u00f3gico y prensado en fr\u00edo desde Marruecos. Hidrata y repara cabello y piel con nuestro formato ahorro.\" \/>\n<meta name=\"robots\" content=\"index, follow, max-snippet:-1, max-image-preview:large, max-video-preview:-1\" \/>\n<link rel=\"canonical\" href=\"https:\/\/30th.ma\/en\/product\/aceite-de-argan-puro-100-ml-ecologico-y-prensado-en-frio\/\" \/>\n<meta property=\"og:locale\" content=\"en_US\" \/>\n<meta property=\"og:type\" content=\"article\" \/>\n<meta property=\"og:title\" content=\"Aceite Arg\u00e1n Biol\u00f3gico 250 ml - 3.0th Miel Pura, Polen y Prop\u00f3leo Online\" \/>\n<meta property=\"og:description\" content=\"Compra aceite de arg\u00e1n puro 100 ml. Certificado ecol\u00f3gico y prensado en fr\u00edo desde Marruecos. Hidrata y repara cabello y piel con nuestro formato ahorro.\" \/>\n<meta property=\"og:url\" content=\"https:\/\/30th.ma\/en\/product\/aceite-de-argan-puro-100-ml-ecologico-y-prensado-en-frio\/\" \/>\n<meta property=\"og:site_name\" content=\"3.0th Miel Pura, Polen y Prop\u00f3leo Online\" \/>\n<meta property=\"article:publisher\" content=\"https:\/\/www.facebook.com\/spanish.morocco.food\" \/>\n<meta property=\"article:modified_time\" content=\"2026-02-05T17:01:46+00:00\" \/>\n<meta property=\"og:image\" content=\"https:\/\/30th.ma\/wp-content\/uploads\/2026\/01\/Aceite-Argan-205-ml-1-e1770310853645.jpg\" \/>\n\t<meta property=\"og:image:width\" content=\"299\" \/>\n\t<meta property=\"og:image:height\" content=\"567\" \/>\n\t<meta property=\"og:image:type\" content=\"image\/jpeg\" \/>\n<meta name=\"twitter:card\" content=\"summary_large_image\" \/>\n<meta name=\"twitter:label1\" content=\"Est. reading time\" \/>\n\t<meta name=\"twitter:data1\" content=\"2 minutes\" \/>\n<script type=\"application\/ld+json\" class=\"yoast-schema-graph\">{\"@context\":\"https:\/\/schema.org\",\"@graph\":[{\"@type\":\"WebPage\",\"@id\":\"https:\/\/30th.ma\/product\/aceite-de-argan-puro-100-ml-ecologico-y-prensado-en-frio\/\",\"url\":\"https:\/\/30th.ma\/product\/aceite-de-argan-puro-100-ml-ecologico-y-prensado-en-frio\/\",\"name\":\"Aceite Arg\u00e1n Biol\u00f3gico 250 ml - 3.0th Miel Pura, Polen y Prop\u00f3leo Online\",\"isPartOf\":{\"@id\":\"https:\/\/30th.ma\/#website\"},\"primaryImageOfPage\":{\"@id\":\"https:\/\/30th.ma\/product\/aceite-de-argan-puro-100-ml-ecologico-y-prensado-en-frio\/#primaryimage\"},\"image\":{\"@id\":\"https:\/\/30th.ma\/product\/aceite-de-argan-puro-100-ml-ecologico-y-prensado-en-frio\/#primaryimage\"},\"thumbnailUrl\":\"https:\/\/30th.ma\/wp-content\/uploads\/2026\/01\/Aceite-Argan-205-ml-1-e1770310853645.webp\",\"datePublished\":\"2026-01-26T19:33:36+00:00\",\"dateModified\":\"2026-02-05T17:01:46+00:00\",\"description\":\"Compra aceite de arg\u00e1n puro 100 ml. Certificado ecol\u00f3gico y prensado en fr\u00edo desde Marruecos. Hidrata y repara cabello y piel con nuestro formato ahorro.\",\"breadcrumb\":{\"@id\":\"https:\/\/30th.ma\/product\/aceite-de-argan-puro-100-ml-ecologico-y-prensado-en-frio\/#breadcrumb\"},\"inLanguage\":\"en-US\",\"potentialAction\":[{\"@type\":\"ReadAction\",\"target\":[\"https:\/\/30th.ma\/product\/aceite-de-argan-puro-100-ml-ecologico-y-prensado-en-frio\/\"]}]},{\"@type\":\"ImageObject\",\"inLanguage\":\"en-US\",\"@id\":\"https:\/\/30th.ma\/product\/aceite-de-argan-puro-100-ml-ecologico-y-prensado-en-frio\/#primaryimage\",\"url\":\"https:\/\/30th.ma\/wp-content\/uploads\/2026\/01\/Aceite-Argan-205-ml-1-e1770310853645.webp\",\"contentUrl\":\"https:\/\/30th.ma\/wp-content\/uploads\/2026\/01\/Aceite-Argan-205-ml-1-e1770310853645.webp\",\"width\":299,\"height\":567},{\"@type\":\"BreadcrumbList\",\"@id\":\"https:\/\/30th.ma\/product\/aceite-de-argan-puro-100-ml-ecologico-y-prensado-en-frio\/#breadcrumb\",\"itemListElement\":[{\"@type\":\"ListItem\",\"position\":1,\"name\":\"Home\",\"item\":\"https:\/\/30th.ma\/\"},{\"@type\":\"ListItem\",\"position\":2,\"name\":\"Ver todo\",\"item\":\"https:\/\/30th.ma\/ver-todo\/\"},{\"@type\":\"ListItem\",\"position\":3,\"name\":\"Aceite Arg\u00e1n Biol\u00f3gico 250 ml\"}]},{\"@type\":\"WebSite\",\"@id\":\"https:\/\/30th.ma\/#website\",\"url\":\"https:\/\/30th.ma\/\",\"name\":\"3.0th Miel Pura, Polen y Prop\u00f3leo Online\",\"description\":\"Miel, polen y prop\u00f3leo 100% naturales y artesanos. Descubre los beneficios de los tesoros de la colmena para tu salud y vitalidad\",\"publisher\":{\"@id\":\"https:\/\/30th.ma\/#organization\"},\"potentialAction\":[{\"@type\":\"SearchAction\",\"target\":{\"@type\":\"EntryPoint\",\"urlTemplate\":\"https:\/\/30th.ma\/?s={search_term_string}\"},\"query-input\":{\"@type\":\"PropertyValueSpecification\",\"valueRequired\":true,\"valueName\":\"search_term_string\"}}],\"inLanguage\":\"en-US\"},{\"@type\":\"Organization\",\"@id\":\"https:\/\/30th.ma\/#organization\",\"name\":\"3.0th Miel Pura, Polen y Prop\u00f3leo Online\",\"url\":\"https:\/\/30th.ma\/\",\"logo\":{\"@type\":\"ImageObject\",\"inLanguage\":\"en-US\",\"@id\":\"https:\/\/30th.ma\/#\/schema\/logo\/image\/\",\"url\":\"https:\/\/30th.ma\/wp-content\/uploads\/2025\/12\/cropped-82d0a305-434e-415f-9d9c-3867d4362c2b.png\",\"contentUrl\":\"https:\/\/30th.ma\/wp-content\/uploads\/2025\/12\/cropped-82d0a305-434e-415f-9d9c-3867d4362c2b.png\",\"width\":457,\"height\":296,\"caption\":\"3.0th Miel Pura, Polen y Prop\u00f3leo Online\"},\"image\":{\"@id\":\"https:\/\/30th.ma\/#\/schema\/logo\/image\/\"},\"sameAs\":[\"https:\/\/www.facebook.com\/spanish.morocco.food\"]}]}<\/script>\n<!-- \/ Yoast SEO plugin. -->","yoast_head_json":{"title":"Aceite Arg\u00e1n Biol\u00f3gico 250 ml - 3.0th Miel Pura, Polen y Prop\u00f3leo Online","description":"Buy pure argan oil 100 ml. Certified organic and cold pressed from Morocco. Moisturizes and repairs hair and skin with our saving format.","robots":{"index":"index","follow":"follow","max-snippet":"max-snippet:-1","max-image-preview":"max-image-preview:large","max-video-preview":"max-video-preview:-1"},"canonical":"https:\/\/30th.ma\/en\/product\/aceite-de-argan-puro-100-ml-ecologico-y-prensado-en-frio\/","og_locale":"en_US","og_type":"article","og_title":"Aceite Arg\u00e1n Biol\u00f3gico 250 ml - 3.0th Miel Pura, Polen y Prop\u00f3leo Online","og_description":"Compra aceite de arg\u00e1n puro 100 ml. Certificado ecol\u00f3gico y prensado en fr\u00edo desde Marruecos. Hidrata y repara cabello y piel con nuestro formato ahorro.","og_url":"https:\/\/30th.ma\/en\/product\/aceite-de-argan-puro-100-ml-ecologico-y-prensado-en-frio\/","og_site_name":"3.0th Miel Pura, Polen y Prop\u00f3leo Online","article_publisher":"https:\/\/www.facebook.com\/spanish.morocco.food","article_modified_time":"2026-02-05T17:01:46+00:00","og_image":[{"width":299,"height":567,"url":"https:\/\/30th.ma\/wp-content\/uploads\/2026\/01\/Aceite-Argan-205-ml-1-e1770310853645.jpg","type":"image\/jpeg"}],"twitter_card":"summary_large_image","twitter_misc":{"Est. reading time":"2 minutes"},"schema":{"@context":"https:\/\/schema.org","@graph":[{"@type":"WebPage","@id":"https:\/\/30th.ma\/product\/aceite-de-argan-puro-100-ml-ecologico-y-prensado-en-frio\/","url":"https:\/\/30th.ma\/product\/aceite-de-argan-puro-100-ml-ecologico-y-prensado-en-frio\/","name":"Aceite Arg\u00e1n Biol\u00f3gico 250 ml - 3.0th Miel Pura, Polen y Prop\u00f3leo Online","isPartOf":{"@id":"https:\/\/30th.ma\/#website"},"primaryImageOfPage":{"@id":"https:\/\/30th.ma\/product\/aceite-de-argan-puro-100-ml-ecologico-y-prensado-en-frio\/#primaryimage"},"image":{"@id":"https:\/\/30th.ma\/product\/aceite-de-argan-puro-100-ml-ecologico-y-prensado-en-frio\/#primaryimage"},"thumbnailUrl":"https:\/\/30th.ma\/wp-content\/uploads\/2026\/01\/Aceite-Argan-205-ml-1-e1770310853645.webp","datePublished":"2026-01-26T19:33:36+00:00","dateModified":"2026-02-05T17:01:46+00:00","description":"Buy pure argan oil 100 ml. Certified organic and cold pressed from Morocco. Moisturizes and repairs hair and skin with our saving format.","breadcrumb":{"@id":"https:\/\/30th.ma\/product\/aceite-de-argan-puro-100-ml-ecologico-y-prensado-en-frio\/#breadcrumb"},"inLanguage":"en-US","potentialAction":[{"@type":"ReadAction","target":["https:\/\/30th.ma\/product\/aceite-de-argan-puro-100-ml-ecologico-y-prensado-en-frio\/"]}]},{"@type":"ImageObject","inLanguage":"en-US","@id":"https:\/\/30th.ma\/product\/aceite-de-argan-puro-100-ml-ecologico-y-prensado-en-frio\/#primaryimage","url":"https:\/\/30th.ma\/wp-content\/uploads\/2026\/01\/Aceite-Argan-205-ml-1-e1770310853645.webp","contentUrl":"https:\/\/30th.ma\/wp-content\/uploads\/2026\/01\/Aceite-Argan-205-ml-1-e1770310853645.webp","width":299,"height":567},{"@type":"BreadcrumbList","@id":"https:\/\/30th.ma\/product\/aceite-de-argan-puro-100-ml-ecologico-y-prensado-en-frio\/#breadcrumb","itemListElement":[{"@type":"ListItem","position":1,"name":"Home","item":"https:\/\/30th.ma\/"},{"@type":"ListItem","position":2,"name":"Ver todo","item":"https:\/\/30th.ma\/ver-todo\/"},{"@type":"ListItem","position":3,"name":"Aceite Arg\u00e1n Biol\u00f3gico 250 ml"}]},{"@type":"WebSite","@id":"https:\/\/30th.ma\/#website","url":"https:\/\/30th.ma\/","name":"3.0th Pure Honey, Pollen and Propolis Online","description":"Natural and artisan honey, pollen and propolis 100%. Discover the benefits of the treasures of the beehive for your health and vitality.","publisher":{"@id":"https:\/\/30th.ma\/#organization"},"potentialAction":[{"@type":"SearchAction","target":{"@type":"EntryPoint","urlTemplate":"https:\/\/30th.ma\/?s={search_term_string}"},"query-input":{"@type":"PropertyValueSpecification","valueRequired":true,"valueName":"search_term_string"}}],"inLanguage":"en-US"},{"@type":"Organization","@id":"https:\/\/30th.ma\/#organization","name":"3.0th Pure Honey, Pollen and Propolis Online","url":"https:\/\/30th.ma\/","logo":{"@type":"ImageObject","inLanguage":"en-US","@id":"https:\/\/30th.ma\/#\/schema\/logo\/image\/","url":"https:\/\/30th.ma\/wp-content\/uploads\/2025\/12\/cropped-82d0a305-434e-415f-9d9c-3867d4362c2b.png","contentUrl":"https:\/\/30th.ma\/wp-content\/uploads\/2025\/12\/cropped-82d0a305-434e-415f-9d9c-3867d4362c2b.png","width":457,"height":296,"caption":"3.0th Miel Pura, Polen y Prop\u00f3leo Online"},"image":{"@id":"https:\/\/30th.ma\/#\/schema\/logo\/image\/"},"sameAs":["https:\/\/www.facebook.com\/spanish.morocco.food"]}]}},"_links":{"self":[{"href":"https:\/\/30th.ma\/en\/wp-json\/wp\/v2\/product\/347","targetHints":{"allow":["GET"]}}],"collection":[{"href":"https:\/\/30th.ma\/en\/wp-json\/wp\/v2\/product"}],"about":[{"href":"https:\/\/30th.ma\/en\/wp-json\/wp\/v2\/types\/product"}],"replies":[{"embeddable":true,"href":"https:\/\/30th.ma\/en\/wp-json\/wp\/v2\/comments?post=347"}],"wp:featuredmedia":[{"embeddable":true,"href":"https:\/\/30th.ma\/en\/wp-json\/wp\/v2\/media\/353"}],"wp:attachment":[{"href":"https:\/\/30th.ma\/en\/wp-json\/wp\/v2\/media?parent=347"}],"wp:term":[{"taxonomy":"product_brand","embeddable":true,"href":"https:\/\/30th.ma\/en\/wp-json\/wp\/v2\/product_brand?post=347"},{"taxonomy":"product_cat","embeddable":true,"href":"https:\/\/30th.ma\/en\/wp-json\/wp\/v2\/product_cat?post=347"},{"taxonomy":"product_tag","embeddable":true,"href":"https:\/\/30th.ma\/en\/wp-json\/wp\/v2\/product_tag?post=347"}],"curies":[{"name":"wp","href":"https:\/\/api.w.org\/{rel}","templated":true}]}}