{"id":354,"date":"2026-02-05T17:08:35","date_gmt":"2026-02-05T17:08:35","guid":{"rendered":"https:\/\/30th.ma\/?post_type=product&#038;p=354"},"modified":"2026-02-25T01:14:23","modified_gmt":"2026-02-25T01:14:23","slug":"www-30th-ma-organic-argan-oil-100-ml","status":"publish","type":"product","link":"https:\/\/30th.ma\/en\/product\/www-30th-ma-aceite-argan-biologico-100-ml\/","title":{"rendered":"Organic Argan Oil 100 ml"},"content":{"rendered":"<p data-path-to-node=\"16\">Moisturizes, repairs and illuminates. Argan Oil 100% pure and organic. A powerful natural antioxidant for all skin and hair types. Maximum quality in 100 ml format.<\/p>\n<p data-path-to-node=\"17\"><b data-path-to-node=\"17\" data-index-in-node=\"0\">The Benefits of Your New Essential:<\/b><\/p>\n<ul data-path-to-node=\"18\">\n<li>\n<p data-path-to-node=\"18,0,0\"><b data-path-to-node=\"18,0,0\" data-index-in-node=\"0\">\ud83e\uddea 100% Bio and Natural:<\/b> Free of silicones, parabens and synthetic perfumes. Only <i data-path-to-node=\"18,0,0\" data-index-in-node=\"84\">Argania Spinosa<\/i> pure.<\/p>\n<\/li>\n<li>\n<p data-path-to-node=\"18,1,0\"><b data-path-to-node=\"18,1,0\" data-index-in-node=\"0\">\ud83d\udca7 Moisturizing without Grease:<\/b> Unlike other oils, argan oil is \u00abdry\u00bb, absorbs quickly and does not clog pores (non-comedogenic).<\/p>\n<\/li>\n<li>\n<p data-path-to-node=\"18,2,0\"><b data-path-to-node=\"18,2,0\" data-index-in-node=\"0\">\ud83d\udee1\ufe0f Capillary Shield:<\/b> Protects your hair from the heat of the dryer and the sun. Controls frizz immediately.<\/p>\n<\/li>\n<li>\n<p data-path-to-node=\"18,3,0\"><b data-path-to-node=\"18,3,0\" data-index-in-node=\"0\">\ud83d\udcb0 Smart Format (100 ml):<\/b> More quantity at the best price. Ideal for family use or intensive treatment.<\/p>\n<\/li>\n<\/ul>\n<p data-path-to-node=\"19\"><b data-path-to-node=\"19\" data-index-in-node=\"0\">Technical Data Sheet:<\/b><\/p>\n<ul data-path-to-node=\"20\">\n<li>\n<p data-path-to-node=\"20,0,0\"><b data-path-to-node=\"20,0,0\" data-index-in-node=\"0\">Ingredients:<\/b> 100% Argania Spinosa Seed Oil (From organic farming).<\/p>\n<\/li>\n<li>\n<p data-path-to-node=\"20,1,0\"><b data-path-to-node=\"20,1,0\" data-index-in-node=\"0\">Method of extraction:<\/b> First cold pressing.<\/p>\n<\/li>\n<li>\n<p data-path-to-node=\"20,2,0\"><b data-path-to-node=\"20,2,0\" data-index-in-node=\"0\">Origin:<\/b> Morocco.<\/p>\n<\/li>\n<li>\n<p data-path-to-node=\"20,3,0\"><b data-path-to-node=\"20,3,0\" data-index-in-node=\"0\">Packaging:<\/b> Topaz crystal to protect vitamins from sunlight.<\/p>\n<\/li>\n<\/ul>\n<p data-path-to-node=\"21\"><b data-path-to-node=\"21\" data-index-in-node=\"0\">Instructions for use:<\/b> Apply 2-3 pumps on the palm of the hand. Warm by rubbing hands together and gently massage into clean skin or apply from mid-lengths to ends on damp or dry hair.<\/p>\n<p style=\"text-align: center;\" data-path-to-node=\"21\"><em>Add to cart and tomorrow at your home<\/em><\/p>","protected":false},"excerpt":{"rendered":"<p>Travel to the heart of the Souss Valley with our certified organic Argan Oil. Obtained by first cold pressing to preserve its essence intact, this \u00abliquid gold\u00bb is the ancestral beauty secret to regenerate skin, hair and nails. Now available in <b data-path-to-node=\"6\" data-index-in-node=\"292\">100 ml<\/b> so that you will never lack.<\/p>","protected":false},"featured_media":356,"comment_status":"open","ping_status":"closed","template":"","meta":{"_joinchat":[]},"product_brand":[],"product_cat":[16],"product_tag":[],"class_list":{"0":"post-354","1":"product","2":"type-product","3":"status-publish","4":"has-post-thumbnail","6":"product_cat-tienda-infusiones-tes-hierbas-marruecos","8":"first","9":"instock","10":"taxable","11":"shipping-taxable","12":"purchasable","13":"product-type-simple"},"yoast_head":"<!-- This site is optimized with the Yoast SEO plugin v27.1.1 - https:\/\/yoast.com\/product\/yoast-seo-wordpress\/ -->\n<title>Aceite Arg\u00e1n Biol\u00f3gico 100 ml - 3.0th Miel Pura, Polen y Prop\u00f3leo Online<\/title>\n<meta name=\"description\" content=\"Compra aceite de arg\u00e1n puro 100 ml. Certificado ecol\u00f3gico y prensado en fr\u00edo desde Marruecos. Hidrata y repara cabello y piel con nuestro formato ahorro.\" \/>\n<meta name=\"robots\" content=\"index, follow, max-snippet:-1, max-image-preview:large, max-video-preview:-1\" \/>\n<link rel=\"canonical\" href=\"https:\/\/30th.ma\/en\/product\/www-30th-ma-organic-argan-oil-100-ml\/\" \/>\n<meta property=\"og:locale\" content=\"en_US\" \/>\n<meta property=\"og:type\" content=\"article\" \/>\n<meta property=\"og:title\" content=\"Aceite Arg\u00e1n Biol\u00f3gico 100 ml - 3.0th Miel Pura, Polen y Prop\u00f3leo Online\" \/>\n<meta property=\"og:description\" content=\"Compra aceite de arg\u00e1n puro 100 ml. Certificado ecol\u00f3gico y prensado en fr\u00edo desde Marruecos. Hidrata y repara cabello y piel con nuestro formato ahorro.\" \/>\n<meta property=\"og:url\" content=\"https:\/\/30th.ma\/en\/product\/www-30th-ma-organic-argan-oil-100-ml\/\" \/>\n<meta property=\"og:site_name\" content=\"3.0th Miel Pura, Polen y Prop\u00f3leo Online\" \/>\n<meta property=\"article:publisher\" content=\"https:\/\/www.facebook.com\/spanish.morocco.food\" \/>\n<meta property=\"article:modified_time\" content=\"2026-02-25T01:14:23+00:00\" \/>\n<meta property=\"og:image\" content=\"https:\/\/30th.ma\/wp-content\/uploads\/2026\/02\/Aceite-Argan-100-ml.jpg\" \/>\n\t<meta property=\"og:image:width\" content=\"1200\" \/>\n\t<meta property=\"og:image:height\" content=\"1600\" \/>\n\t<meta property=\"og:image:type\" content=\"image\/jpeg\" \/>\n<meta name=\"twitter:card\" content=\"summary_large_image\" \/>\n<meta name=\"twitter:label1\" content=\"Est. reading time\" \/>\n\t<meta name=\"twitter:data1\" content=\"2 minutes\" \/>\n<script type=\"application\/ld+json\" class=\"yoast-schema-graph\">{\"@context\":\"https:\/\/schema.org\",\"@graph\":[{\"@type\":\"WebPage\",\"@id\":\"https:\/\/30th.ma\/product\/www-30th-ma-aceite-argan-biologico-100-ml\/\",\"url\":\"https:\/\/30th.ma\/product\/www-30th-ma-aceite-argan-biologico-100-ml\/\",\"name\":\"Aceite Arg\u00e1n Biol\u00f3gico 100 ml - 3.0th Miel Pura, Polen y Prop\u00f3leo Online\",\"isPartOf\":{\"@id\":\"https:\/\/30th.ma\/#website\"},\"primaryImageOfPage\":{\"@id\":\"https:\/\/30th.ma\/product\/www-30th-ma-aceite-argan-biologico-100-ml\/#primaryimage\"},\"image\":{\"@id\":\"https:\/\/30th.ma\/product\/www-30th-ma-aceite-argan-biologico-100-ml\/#primaryimage\"},\"thumbnailUrl\":\"https:\/\/30th.ma\/wp-content\/uploads\/2026\/02\/Aceite-Argan-100-ml.webp\",\"datePublished\":\"2026-02-05T17:08:35+00:00\",\"dateModified\":\"2026-02-25T01:14:23+00:00\",\"description\":\"Compra aceite de arg\u00e1n puro 100 ml. Certificado ecol\u00f3gico y prensado en fr\u00edo desde Marruecos. Hidrata y repara cabello y piel con nuestro formato ahorro.\",\"breadcrumb\":{\"@id\":\"https:\/\/30th.ma\/product\/www-30th-ma-aceite-argan-biologico-100-ml\/#breadcrumb\"},\"inLanguage\":\"en-US\",\"potentialAction\":[{\"@type\":\"ReadAction\",\"target\":[\"https:\/\/30th.ma\/product\/www-30th-ma-aceite-argan-biologico-100-ml\/\"]}]},{\"@type\":\"ImageObject\",\"inLanguage\":\"en-US\",\"@id\":\"https:\/\/30th.ma\/product\/www-30th-ma-aceite-argan-biologico-100-ml\/#primaryimage\",\"url\":\"https:\/\/30th.ma\/wp-content\/uploads\/2026\/02\/Aceite-Argan-100-ml.webp\",\"contentUrl\":\"https:\/\/30th.ma\/wp-content\/uploads\/2026\/02\/Aceite-Argan-100-ml.webp\",\"width\":1200,\"height\":1600,\"caption\":\"Botella de Aceite de Arg\u00e1n Puro 100 ml en envase de cristal \u00e1mbar con dosificador. Producto ecol\u00f3gico certificado de Marruecos\"},{\"@type\":\"BreadcrumbList\",\"@id\":\"https:\/\/30th.ma\/product\/www-30th-ma-aceite-argan-biologico-100-ml\/#breadcrumb\",\"itemListElement\":[{\"@type\":\"ListItem\",\"position\":1,\"name\":\"Home\",\"item\":\"https:\/\/30th.ma\/\"},{\"@type\":\"ListItem\",\"position\":2,\"name\":\"Ver todo\",\"item\":\"https:\/\/30th.ma\/ver-todo\/\"},{\"@type\":\"ListItem\",\"position\":3,\"name\":\"Aceite Arg\u00e1n Biol\u00f3gico 100 ml\"}]},{\"@type\":\"WebSite\",\"@id\":\"https:\/\/30th.ma\/#website\",\"url\":\"https:\/\/30th.ma\/\",\"name\":\"3.0th Miel Pura, Polen y Prop\u00f3leo Online\",\"description\":\"Miel, polen y prop\u00f3leo 100% naturales y artesanos. Descubre los beneficios de los tesoros de la colmena para tu salud y vitalidad\",\"publisher\":{\"@id\":\"https:\/\/30th.ma\/#organization\"},\"potentialAction\":[{\"@type\":\"SearchAction\",\"target\":{\"@type\":\"EntryPoint\",\"urlTemplate\":\"https:\/\/30th.ma\/?s={search_term_string}\"},\"query-input\":{\"@type\":\"PropertyValueSpecification\",\"valueRequired\":true,\"valueName\":\"search_term_string\"}}],\"inLanguage\":\"en-US\"},{\"@type\":\"Organization\",\"@id\":\"https:\/\/30th.ma\/#organization\",\"name\":\"3.0th Miel Pura, Polen y Prop\u00f3leo Online\",\"url\":\"https:\/\/30th.ma\/\",\"logo\":{\"@type\":\"ImageObject\",\"inLanguage\":\"en-US\",\"@id\":\"https:\/\/30th.ma\/#\/schema\/logo\/image\/\",\"url\":\"https:\/\/30th.ma\/wp-content\/uploads\/2025\/12\/cropped-82d0a305-434e-415f-9d9c-3867d4362c2b.png\",\"contentUrl\":\"https:\/\/30th.ma\/wp-content\/uploads\/2025\/12\/cropped-82d0a305-434e-415f-9d9c-3867d4362c2b.png\",\"width\":457,\"height\":296,\"caption\":\"3.0th Miel Pura, Polen y Prop\u00f3leo Online\"},\"image\":{\"@id\":\"https:\/\/30th.ma\/#\/schema\/logo\/image\/\"},\"sameAs\":[\"https:\/\/www.facebook.com\/spanish.morocco.food\"]}]}<\/script>\n<!-- \/ Yoast SEO plugin. -->","yoast_head_json":{"title":"Organic Argan Oil 100 ml - 3.0th Pure Honey, Pollen and Propolis Online","description":"Buy pure argan oil 100 ml. Certified organic and cold pressed from Morocco. Moisturizes and repairs hair and skin with our saving format.","robots":{"index":"index","follow":"follow","max-snippet":"max-snippet:-1","max-image-preview":"max-image-preview:large","max-video-preview":"max-video-preview:-1"},"canonical":"https:\/\/30th.ma\/en\/product\/www-30th-ma-organic-argan-oil-100-ml\/","og_locale":"en_US","og_type":"article","og_title":"Aceite Arg\u00e1n Biol\u00f3gico 100 ml - 3.0th Miel Pura, Polen y Prop\u00f3leo Online","og_description":"Compra aceite de arg\u00e1n puro 100 ml. Certificado ecol\u00f3gico y prensado en fr\u00edo desde Marruecos. Hidrata y repara cabello y piel con nuestro formato ahorro.","og_url":"https:\/\/30th.ma\/en\/product\/www-30th-ma-organic-argan-oil-100-ml\/","og_site_name":"3.0th Miel Pura, Polen y Prop\u00f3leo Online","article_publisher":"https:\/\/www.facebook.com\/spanish.morocco.food","article_modified_time":"2026-02-25T01:14:23+00:00","og_image":[{"width":1200,"height":1600,"url":"https:\/\/30th.ma\/wp-content\/uploads\/2026\/02\/Aceite-Argan-100-ml.jpg","type":"image\/jpeg"}],"twitter_card":"summary_large_image","twitter_misc":{"Est. reading time":"2 minutes"},"schema":{"@context":"https:\/\/schema.org","@graph":[{"@type":"WebPage","@id":"https:\/\/30th.ma\/product\/www-30th-ma-aceite-argan-biologico-100-ml\/","url":"https:\/\/30th.ma\/product\/www-30th-ma-aceite-argan-biologico-100-ml\/","name":"Organic Argan Oil 100 ml - 3.0th Pure Honey, Pollen and Propolis Online","isPartOf":{"@id":"https:\/\/30th.ma\/#website"},"primaryImageOfPage":{"@id":"https:\/\/30th.ma\/product\/www-30th-ma-aceite-argan-biologico-100-ml\/#primaryimage"},"image":{"@id":"https:\/\/30th.ma\/product\/www-30th-ma-aceite-argan-biologico-100-ml\/#primaryimage"},"thumbnailUrl":"https:\/\/30th.ma\/wp-content\/uploads\/2026\/02\/Aceite-Argan-100-ml.webp","datePublished":"2026-02-05T17:08:35+00:00","dateModified":"2026-02-25T01:14:23+00:00","description":"Buy pure argan oil 100 ml. Certified organic and cold pressed from Morocco. Moisturizes and repairs hair and skin with our saving format.","breadcrumb":{"@id":"https:\/\/30th.ma\/product\/www-30th-ma-aceite-argan-biologico-100-ml\/#breadcrumb"},"inLanguage":"en-US","potentialAction":[{"@type":"ReadAction","target":["https:\/\/30th.ma\/product\/www-30th-ma-aceite-argan-biologico-100-ml\/"]}]},{"@type":"ImageObject","inLanguage":"en-US","@id":"https:\/\/30th.ma\/product\/www-30th-ma-aceite-argan-biologico-100-ml\/#primaryimage","url":"https:\/\/30th.ma\/wp-content\/uploads\/2026\/02\/Aceite-Argan-100-ml.webp","contentUrl":"https:\/\/30th.ma\/wp-content\/uploads\/2026\/02\/Aceite-Argan-100-ml.webp","width":1200,"height":1600,"caption":"Botella de Aceite de Arg\u00e1n Puro 100 ml en envase de cristal \u00e1mbar con dosificador. Producto ecol\u00f3gico certificado de Marruecos"},{"@type":"BreadcrumbList","@id":"https:\/\/30th.ma\/product\/www-30th-ma-aceite-argan-biologico-100-ml\/#breadcrumb","itemListElement":[{"@type":"ListItem","position":1,"name":"Home","item":"https:\/\/30th.ma\/"},{"@type":"ListItem","position":2,"name":"Ver todo","item":"https:\/\/30th.ma\/ver-todo\/"},{"@type":"ListItem","position":3,"name":"Aceite Arg\u00e1n Biol\u00f3gico 100 ml"}]},{"@type":"WebSite","@id":"https:\/\/30th.ma\/#website","url":"https:\/\/30th.ma\/","name":"3.0th Pure Honey, Pollen and Propolis Online","description":"Natural and artisan honey, pollen and propolis 100%. Discover the benefits of the treasures of the beehive for your health and vitality.","publisher":{"@id":"https:\/\/30th.ma\/#organization"},"potentialAction":[{"@type":"SearchAction","target":{"@type":"EntryPoint","urlTemplate":"https:\/\/30th.ma\/?s={search_term_string}"},"query-input":{"@type":"PropertyValueSpecification","valueRequired":true,"valueName":"search_term_string"}}],"inLanguage":"en-US"},{"@type":"Organization","@id":"https:\/\/30th.ma\/#organization","name":"3.0th Pure Honey, Pollen and Propolis Online","url":"https:\/\/30th.ma\/","logo":{"@type":"ImageObject","inLanguage":"en-US","@id":"https:\/\/30th.ma\/#\/schema\/logo\/image\/","url":"https:\/\/30th.ma\/wp-content\/uploads\/2025\/12\/cropped-82d0a305-434e-415f-9d9c-3867d4362c2b.png","contentUrl":"https:\/\/30th.ma\/wp-content\/uploads\/2025\/12\/cropped-82d0a305-434e-415f-9d9c-3867d4362c2b.png","width":457,"height":296,"caption":"3.0th Miel Pura, Polen y Prop\u00f3leo Online"},"image":{"@id":"https:\/\/30th.ma\/#\/schema\/logo\/image\/"},"sameAs":["https:\/\/www.facebook.com\/spanish.morocco.food"]}]}},"_links":{"self":[{"href":"https:\/\/30th.ma\/en\/wp-json\/wp\/v2\/product\/354","targetHints":{"allow":["GET"]}}],"collection":[{"href":"https:\/\/30th.ma\/en\/wp-json\/wp\/v2\/product"}],"about":[{"href":"https:\/\/30th.ma\/en\/wp-json\/wp\/v2\/types\/product"}],"replies":[{"embeddable":true,"href":"https:\/\/30th.ma\/en\/wp-json\/wp\/v2\/comments?post=354"}],"wp:featuredmedia":[{"embeddable":true,"href":"https:\/\/30th.ma\/en\/wp-json\/wp\/v2\/media\/356"}],"wp:attachment":[{"href":"https:\/\/30th.ma\/en\/wp-json\/wp\/v2\/media?parent=354"}],"wp:term":[{"taxonomy":"product_brand","embeddable":true,"href":"https:\/\/30th.ma\/en\/wp-json\/wp\/v2\/product_brand?post=354"},{"taxonomy":"product_cat","embeddable":true,"href":"https:\/\/30th.ma\/en\/wp-json\/wp\/v2\/product_cat?post=354"},{"taxonomy":"product_tag","embeddable":true,"href":"https:\/\/30th.ma\/en\/wp-json\/wp\/v2\/product_tag?post=354"}],"curies":[{"name":"wp","href":"https:\/\/api.w.org\/{rel}","templated":true}]}}