{"id":358,"date":"2026-02-05T17:32:39","date_gmt":"2026-02-05T17:32:39","guid":{"rendered":"https:\/\/30th.ma\/?post_type=product&#038;p=358"},"modified":"2026-02-05T17:36:44","modified_gmt":"2026-02-05T17:36:44","slug":"te-verde-sultan-grano-fino-envase-200-g","status":"publish","type":"product","link":"https:\/\/30th.ma\/en\/product\/te-verde-sultan-grano-fino-envase-200-g\/","title":{"rendered":"Sultan Green Tea - Fine Grain (Pack 200 g)"},"content":{"rendered":"<h4 data-path-to-node=\"3\">Sultan Green Tea (200 g) - The Heart of the Moroccan Ritual<\/h4>\n<p data-path-to-node=\"4\">Bring to your table the most iconic flavor of Morocco. The <b data-path-to-node=\"4\" data-index-in-node=\"54\">Sultan green tea<\/b> is recognized worldwide as the perfect base for authentic Moorish tea. Its 200 gram fine-grain format guarantees a clean, bright amber infusion with the necessary body to balance perfectly with the freshness of the mint.<\/p>\n<p>Why choose Sultan Tea?<\/p>\n<ul data-path-to-node=\"6\">\n<li>\n<p data-path-to-node=\"6,0,0\"><b data-path-to-node=\"6,0,0\" data-index-in-node=\"0\">Premium quality:<\/b> Selected under the strictest standards of Moroccan tradition to ensure a uniform grain without impurities.<\/p>\n<\/li>\n<li>\n<p data-path-to-node=\"6,1,0\"><b data-path-to-node=\"6,1,0\" data-index-in-node=\"0\">Authentic Flavor:<\/b> It has just the right bitterness that, when combined with sugar and mint, creates the explosion of flavor that defines the hospitality of the Maghreb.<\/p>\n<\/li>\n<li>\n<p data-path-to-node=\"6,2,0\"><b data-path-to-node=\"6,2,0\" data-index-in-node=\"0\">Superior Performance:<\/b> Thanks to the intensity of its grain, a small amount is enough to brew a full pot of tea, making this 200 g pack very durable.<\/p>\n<\/li>\n<\/ul>\n<h4 data-path-to-node=\"7\">Product Details:<\/h4>\n<ul data-path-to-node=\"8\">\n<li>\n<p data-path-to-node=\"8,0,0\"><b data-path-to-node=\"8,0,0\" data-index-in-node=\"0\">Type of tea:<\/b> Fine-grained green tea (high quality Gunpowder).<\/p>\n<\/li>\n<li>\n<p data-path-to-node=\"8,1,0\"><b data-path-to-node=\"8,1,0\" data-index-in-node=\"0\">Content:<\/b> 200 grams.<\/p>\n<\/li>\n<li>\n<p data-path-to-node=\"8,2,0\"><b data-path-to-node=\"8,2,0\" data-index-in-node=\"0\">Origin:<\/b> Morocco.<\/p>\n<\/li>\n<li>\n<p data-path-to-node=\"8,3,0\"><b data-path-to-node=\"8,3,0\" data-index-in-node=\"0\">Ingredients:<\/b> 100% natural green tea, without additives.<\/p>\n<\/li>\n<\/ul>\n<blockquote data-path-to-node=\"9\">\n<p data-path-to-node=\"9,0\"><b data-path-to-node=\"9,0\" data-index-in-node=\"0\">Expert Advice:<\/b> Before preparing your tea, remember to \u00abwash\u00bb the bean with a little boiling water to remove excessive bitterness and awaken all its aroma.<\/p>\n<\/blockquote>\n<h4 data-path-to-node=\"3\">\ud83c\udf75 El Ritual de Preparaci\u00f3n: El T\u00e9 Marroqu\u00ed Perfecto<\/h4>\n<p data-path-to-node=\"4\">Preparing Sultan tea is an art. Follow these steps to get the authentic taste of Marrakech's coffee shops:<\/p>\n<ol start=\"1\" data-path-to-node=\"5\">\n<li>\n<p data-path-to-node=\"5,0,0\"><b data-path-to-node=\"5,0,0\" data-index-in-node=\"0\">Washing the tea (The secret):<\/b> Add two teaspoons of <b data-path-to-node=\"5,0,0\" data-index-in-node=\"52\">Sultan tea<\/b> in the kettle. Pour a cup of boiling water, let it steep for 30 seconds and throw that water away (but keep the grounds). This removes the initial bitterness and \u00abcleans\u00bb the tea.<\/p>\n<\/li>\n<li>\n<p data-path-to-node=\"5,1,0\"><b data-path-to-node=\"5,1,0\" data-index-in-node=\"0\">Infusion:<\/b> Fill the kettle with boiling water over the cleaned beans.<\/p>\n<\/li>\n<li>\n<p data-path-to-node=\"5,2,0\"><b data-path-to-node=\"5,2,0\" data-index-in-node=\"0\">The Fresh Touch:<\/b> Introduce a good bunch of <b data-path-to-node=\"5,2,0\" data-index-in-node=\"45\">fresh mint<\/b> (previously washed) and add sugar to taste (traditionally enough is used, but you can adjust it).<\/p>\n<\/li>\n<li>\n<p data-path-to-node=\"5,3,0\"><b data-path-to-node=\"5,3,0\" data-index-in-node=\"0\">El Reposo:<\/b> Put the kettle on the fire for a couple of minutes until it comes to a boil or let it stand covered for 5 minutes so that the mint releases its essence.<\/p>\n<\/li>\n<li>\n<p data-path-to-node=\"5,4,0\"><b data-path-to-node=\"5,4,0\" data-index-in-node=\"0\">Mix and aerate:<\/b> This is the key step. Pour a cup and pour it back into the kettle. Repeat this 2 or 3 times. This mixes the sugar and oxygenates the tea.<\/p>\n<\/li>\n<li>\n<p data-path-to-node=\"5,5,0\"><b data-path-to-node=\"5,5,0\" data-index-in-node=\"0\">El Escanciado:<\/b> Pour the tea by holding the teapot. <b data-path-to-node=\"5,5,0\" data-index-in-node=\"47\">from the top<\/b>. This creates the characteristic foam (the \u00abpeat\u00bb) that keeps the heat and aroma in the glass.<\/p>\n<\/li>\n<\/ol>\n<blockquote data-path-to-node=\"9\">\n<p style=\"text-align: center;\" data-path-to-node=\"9,0\"><strong><i data-path-to-node=\"9,0\" data-index-in-node=\"0\">\u00abWith this 200 g pack of Sultan tea, you can enjoy approximately 40 to 50 teapots full of tradition.\u00bb<\/i><\/strong><\/p>\n<\/blockquote>","protected":false},"excerpt":{"rendered":"<p data-path-to-node=\"3,0\"><b data-path-to-node=\"3,0\" data-index-in-node=\"0\">The preferred green tea in Moroccan households.<\/b> The packaging of <b data-path-to-node=\"3,0\" data-index-in-node=\"64\">200 g of Sultan<\/b> offers a fine grain of superior quality, specifically designed to blend with peppermint and sugar. It is the indispensable base for those seeking the bitter-smooth taste and authentic aroma of traditional Moorish tea.<\/p>\n<ul data-path-to-node=\"3,1\">\n<li>\n<p data-path-to-node=\"3,1,0,0\"><b data-path-to-node=\"3,1,0,0\" data-index-in-node=\"0\">Performance:<\/b> Ideal for more than 40 teapots.<\/p>\n<\/li>\n<li>\n<p data-path-to-node=\"3,1,1,0\"><b data-path-to-node=\"3,1,1,0\" data-index-in-node=\"0\">Quality:<\/b> 100% natural, selected grain.<\/p>\n<\/li>\n<li>\n<p data-path-to-node=\"3,1,2,0\"><b data-path-to-node=\"3,1,2,0\" data-index-in-node=\"0\">Usage:<\/b> Perfect for the daily ritual or to entertain guests.<\/p>\n<\/li>\n<\/ul>","protected":false},"featured_media":360,"comment_status":"open","ping_status":"closed","template":"","meta":{"_joinchat":[]},"product_brand":[],"product_cat":[16],"product_tag":[],"class_list":{"0":"post-358","1":"product","2":"type-product","3":"status-publish","4":"has-post-thumbnail","6":"product_cat-tienda-infusiones-tes-hierbas-marruecos","8":"first","9":"instock","10":"taxable","11":"shipping-taxable","12":"purchasable","13":"product-type-simple"},"yoast_head":"<!-- This site is optimized with the Yoast SEO plugin v27.1.1 - https:\/\/yoast.com\/product\/yoast-seo-wordpress\/ -->\n<title>T\u00e9 Verde Sultan - Grano Fino (Envase 200 g) - 3.0th Miel Pura, Polen y Prop\u00f3leo Online<\/title>\n<meta name=\"description\" content=\"Compra t\u00e9 verde Sultan 200g, el aut\u00e9ntico sabor de Marruecos. Grano fino ideal para preparar el mejor t\u00e9 moruno con menta. \u00a1Calidad premium al mejor precio!\" \/>\n<meta name=\"robots\" content=\"index, follow, max-snippet:-1, max-image-preview:large, max-video-preview:-1\" \/>\n<link rel=\"canonical\" href=\"https:\/\/30th.ma\/en\/product\/te-verde-sultan-grano-fino-envase-200-g\/\" \/>\n<meta property=\"og:locale\" content=\"en_US\" \/>\n<meta property=\"og:type\" content=\"article\" \/>\n<meta property=\"og:title\" content=\"T\u00e9 Verde Sultan - Grano Fino (Envase 200 g) - 3.0th Miel Pura, Polen y Prop\u00f3leo Online\" \/>\n<meta property=\"og:description\" content=\"Compra t\u00e9 verde Sultan 200g, el aut\u00e9ntico sabor de Marruecos. Grano fino ideal para preparar el mejor t\u00e9 moruno con menta. \u00a1Calidad premium al mejor precio!\" \/>\n<meta property=\"og:url\" content=\"https:\/\/30th.ma\/en\/product\/te-verde-sultan-grano-fino-envase-200-g\/\" \/>\n<meta property=\"og:site_name\" content=\"3.0th Miel Pura, Polen y Prop\u00f3leo Online\" \/>\n<meta property=\"article:publisher\" content=\"https:\/\/www.facebook.com\/spanish.morocco.food\" \/>\n<meta property=\"article:modified_time\" content=\"2026-02-05T17:36:44+00:00\" \/>\n<meta property=\"og:image\" content=\"https:\/\/30th.ma\/wp-content\/uploads\/2026\/02\/Te-sultan-200-g-grano.jpg\" \/>\n\t<meta property=\"og:image:width\" content=\"1111\" \/>\n\t<meta property=\"og:image:height\" content=\"1010\" \/>\n\t<meta property=\"og:image:type\" content=\"image\/jpeg\" \/>\n<meta name=\"twitter:card\" content=\"summary_large_image\" \/>\n<meta name=\"twitter:label1\" content=\"Est. reading time\" \/>\n\t<meta name=\"twitter:data1\" content=\"2 minutes\" \/>\n<script type=\"application\/ld+json\" class=\"yoast-schema-graph\">{\"@context\":\"https:\/\/schema.org\",\"@graph\":[{\"@type\":\"WebPage\",\"@id\":\"https:\/\/30th.ma\/product\/te-verde-sultan-grano-fino-envase-200-g\/\",\"url\":\"https:\/\/30th.ma\/product\/te-verde-sultan-grano-fino-envase-200-g\/\",\"name\":\"T\u00e9 Verde Sultan - Grano Fino (Envase 200 g) - 3.0th Miel Pura, Polen y Prop\u00f3leo Online\",\"isPartOf\":{\"@id\":\"https:\/\/30th.ma\/#website\"},\"primaryImageOfPage\":{\"@id\":\"https:\/\/30th.ma\/product\/te-verde-sultan-grano-fino-envase-200-g\/#primaryimage\"},\"image\":{\"@id\":\"https:\/\/30th.ma\/product\/te-verde-sultan-grano-fino-envase-200-g\/#primaryimage\"},\"thumbnailUrl\":\"https:\/\/30th.ma\/wp-content\/uploads\/2026\/02\/Te-sultan-200-g-grano.webp\",\"datePublished\":\"2026-02-05T17:32:39+00:00\",\"dateModified\":\"2026-02-05T17:36:44+00:00\",\"description\":\"Compra t\u00e9 verde Sultan 200g, el aut\u00e9ntico sabor de Marruecos. Grano fino ideal para preparar el mejor t\u00e9 moruno con menta. \u00a1Calidad premium al mejor precio!\",\"breadcrumb\":{\"@id\":\"https:\/\/30th.ma\/product\/te-verde-sultan-grano-fino-envase-200-g\/#breadcrumb\"},\"inLanguage\":\"en-US\",\"potentialAction\":[{\"@type\":\"ReadAction\",\"target\":[\"https:\/\/30th.ma\/product\/te-verde-sultan-grano-fino-envase-200-g\/\"]}]},{\"@type\":\"ImageObject\",\"inLanguage\":\"en-US\",\"@id\":\"https:\/\/30th.ma\/product\/te-verde-sultan-grano-fino-envase-200-g\/#primaryimage\",\"url\":\"https:\/\/30th.ma\/wp-content\/uploads\/2026\/02\/Te-sultan-200-g-grano.webp\",\"contentUrl\":\"https:\/\/30th.ma\/wp-content\/uploads\/2026\/02\/Te-sultan-200-g-grano.webp\",\"width\":1111,\"height\":1010,\"caption\":\"T\u00e9 Sultan 200g: El sabor aut\u00e9ntico de la tradici\u00f3n marroqu\u00ed en cada taza.\"},{\"@type\":\"BreadcrumbList\",\"@id\":\"https:\/\/30th.ma\/product\/te-verde-sultan-grano-fino-envase-200-g\/#breadcrumb\",\"itemListElement\":[{\"@type\":\"ListItem\",\"position\":1,\"name\":\"Home\",\"item\":\"https:\/\/30th.ma\/\"},{\"@type\":\"ListItem\",\"position\":2,\"name\":\"Ver todo\",\"item\":\"https:\/\/30th.ma\/ver-todo\/\"},{\"@type\":\"ListItem\",\"position\":3,\"name\":\"T\u00e9 Verde Sultan &#8211; Grano Fino (Envase 200 g)\"}]},{\"@type\":\"WebSite\",\"@id\":\"https:\/\/30th.ma\/#website\",\"url\":\"https:\/\/30th.ma\/\",\"name\":\"3.0th Miel Pura, Polen y Prop\u00f3leo Online\",\"description\":\"Miel, polen y prop\u00f3leo 100% naturales y artesanos. Descubre los beneficios de los tesoros de la colmena para tu salud y vitalidad\",\"publisher\":{\"@id\":\"https:\/\/30th.ma\/#organization\"},\"potentialAction\":[{\"@type\":\"SearchAction\",\"target\":{\"@type\":\"EntryPoint\",\"urlTemplate\":\"https:\/\/30th.ma\/?s={search_term_string}\"},\"query-input\":{\"@type\":\"PropertyValueSpecification\",\"valueRequired\":true,\"valueName\":\"search_term_string\"}}],\"inLanguage\":\"en-US\"},{\"@type\":\"Organization\",\"@id\":\"https:\/\/30th.ma\/#organization\",\"name\":\"3.0th Miel Pura, Polen y Prop\u00f3leo Online\",\"url\":\"https:\/\/30th.ma\/\",\"logo\":{\"@type\":\"ImageObject\",\"inLanguage\":\"en-US\",\"@id\":\"https:\/\/30th.ma\/#\/schema\/logo\/image\/\",\"url\":\"https:\/\/30th.ma\/wp-content\/uploads\/2025\/12\/cropped-82d0a305-434e-415f-9d9c-3867d4362c2b.png\",\"contentUrl\":\"https:\/\/30th.ma\/wp-content\/uploads\/2025\/12\/cropped-82d0a305-434e-415f-9d9c-3867d4362c2b.png\",\"width\":457,\"height\":296,\"caption\":\"3.0th Miel Pura, Polen y Prop\u00f3leo Online\"},\"image\":{\"@id\":\"https:\/\/30th.ma\/#\/schema\/logo\/image\/\"},\"sameAs\":[\"https:\/\/www.facebook.com\/spanish.morocco.food\"]}]}<\/script>\n<!-- \/ Yoast SEO plugin. -->","yoast_head_json":{"title":"T\u00e9 Verde Sultan - Grano Fino (Envase 200 g) - 3.0th Miel Pura, Polen y Prop\u00f3leo Online","description":"Compra t\u00e9 verde Sultan 200g, el aut\u00e9ntico sabor de Marruecos. Grano fino ideal para preparar el mejor t\u00e9 moruno con menta. \u00a1Calidad premium al mejor precio!","robots":{"index":"index","follow":"follow","max-snippet":"max-snippet:-1","max-image-preview":"max-image-preview:large","max-video-preview":"max-video-preview:-1"},"canonical":"https:\/\/30th.ma\/en\/product\/te-verde-sultan-grano-fino-envase-200-g\/","og_locale":"en_US","og_type":"article","og_title":"T\u00e9 Verde Sultan - Grano Fino (Envase 200 g) - 3.0th Miel Pura, Polen y Prop\u00f3leo Online","og_description":"Compra t\u00e9 verde Sultan 200g, el aut\u00e9ntico sabor de Marruecos. Grano fino ideal para preparar el mejor t\u00e9 moruno con menta. \u00a1Calidad premium al mejor precio!","og_url":"https:\/\/30th.ma\/en\/product\/te-verde-sultan-grano-fino-envase-200-g\/","og_site_name":"3.0th Miel Pura, Polen y Prop\u00f3leo Online","article_publisher":"https:\/\/www.facebook.com\/spanish.morocco.food","article_modified_time":"2026-02-05T17:36:44+00:00","og_image":[{"width":1111,"height":1010,"url":"https:\/\/30th.ma\/wp-content\/uploads\/2026\/02\/Te-sultan-200-g-grano.jpg","type":"image\/jpeg"}],"twitter_card":"summary_large_image","twitter_misc":{"Est. reading time":"2 minutes"},"schema":{"@context":"https:\/\/schema.org","@graph":[{"@type":"WebPage","@id":"https:\/\/30th.ma\/product\/te-verde-sultan-grano-fino-envase-200-g\/","url":"https:\/\/30th.ma\/product\/te-verde-sultan-grano-fino-envase-200-g\/","name":"T\u00e9 Verde Sultan - Grano Fino (Envase 200 g) - 3.0th Miel Pura, Polen y Prop\u00f3leo Online","isPartOf":{"@id":"https:\/\/30th.ma\/#website"},"primaryImageOfPage":{"@id":"https:\/\/30th.ma\/product\/te-verde-sultan-grano-fino-envase-200-g\/#primaryimage"},"image":{"@id":"https:\/\/30th.ma\/product\/te-verde-sultan-grano-fino-envase-200-g\/#primaryimage"},"thumbnailUrl":"https:\/\/30th.ma\/wp-content\/uploads\/2026\/02\/Te-sultan-200-g-grano.webp","datePublished":"2026-02-05T17:32:39+00:00","dateModified":"2026-02-05T17:36:44+00:00","description":"Compra t\u00e9 verde Sultan 200g, el aut\u00e9ntico sabor de Marruecos. Grano fino ideal para preparar el mejor t\u00e9 moruno con menta. \u00a1Calidad premium al mejor precio!","breadcrumb":{"@id":"https:\/\/30th.ma\/product\/te-verde-sultan-grano-fino-envase-200-g\/#breadcrumb"},"inLanguage":"en-US","potentialAction":[{"@type":"ReadAction","target":["https:\/\/30th.ma\/product\/te-verde-sultan-grano-fino-envase-200-g\/"]}]},{"@type":"ImageObject","inLanguage":"en-US","@id":"https:\/\/30th.ma\/product\/te-verde-sultan-grano-fino-envase-200-g\/#primaryimage","url":"https:\/\/30th.ma\/wp-content\/uploads\/2026\/02\/Te-sultan-200-g-grano.webp","contentUrl":"https:\/\/30th.ma\/wp-content\/uploads\/2026\/02\/Te-sultan-200-g-grano.webp","width":1111,"height":1010,"caption":"T\u00e9 Sultan 200g: El sabor aut\u00e9ntico de la tradici\u00f3n marroqu\u00ed en cada taza."},{"@type":"BreadcrumbList","@id":"https:\/\/30th.ma\/product\/te-verde-sultan-grano-fino-envase-200-g\/#breadcrumb","itemListElement":[{"@type":"ListItem","position":1,"name":"Home","item":"https:\/\/30th.ma\/"},{"@type":"ListItem","position":2,"name":"Ver todo","item":"https:\/\/30th.ma\/ver-todo\/"},{"@type":"ListItem","position":3,"name":"T\u00e9 Verde Sultan &#8211; Grano Fino (Envase 200 g)"}]},{"@type":"WebSite","@id":"https:\/\/30th.ma\/#website","url":"https:\/\/30th.ma\/","name":"3.0th Pure Honey, Pollen and Propolis Online","description":"Natural and artisan honey, pollen and propolis 100%. Discover the benefits of the treasures of the beehive for your health and vitality.","publisher":{"@id":"https:\/\/30th.ma\/#organization"},"potentialAction":[{"@type":"SearchAction","target":{"@type":"EntryPoint","urlTemplate":"https:\/\/30th.ma\/?s={search_term_string}"},"query-input":{"@type":"PropertyValueSpecification","valueRequired":true,"valueName":"search_term_string"}}],"inLanguage":"en-US"},{"@type":"Organization","@id":"https:\/\/30th.ma\/#organization","name":"3.0th Pure Honey, Pollen and Propolis Online","url":"https:\/\/30th.ma\/","logo":{"@type":"ImageObject","inLanguage":"en-US","@id":"https:\/\/30th.ma\/#\/schema\/logo\/image\/","url":"https:\/\/30th.ma\/wp-content\/uploads\/2025\/12\/cropped-82d0a305-434e-415f-9d9c-3867d4362c2b.png","contentUrl":"https:\/\/30th.ma\/wp-content\/uploads\/2025\/12\/cropped-82d0a305-434e-415f-9d9c-3867d4362c2b.png","width":457,"height":296,"caption":"3.0th Miel Pura, Polen y Prop\u00f3leo Online"},"image":{"@id":"https:\/\/30th.ma\/#\/schema\/logo\/image\/"},"sameAs":["https:\/\/www.facebook.com\/spanish.morocco.food"]}]}},"_links":{"self":[{"href":"https:\/\/30th.ma\/en\/wp-json\/wp\/v2\/product\/358","targetHints":{"allow":["GET"]}}],"collection":[{"href":"https:\/\/30th.ma\/en\/wp-json\/wp\/v2\/product"}],"about":[{"href":"https:\/\/30th.ma\/en\/wp-json\/wp\/v2\/types\/product"}],"replies":[{"embeddable":true,"href":"https:\/\/30th.ma\/en\/wp-json\/wp\/v2\/comments?post=358"}],"wp:featuredmedia":[{"embeddable":true,"href":"https:\/\/30th.ma\/en\/wp-json\/wp\/v2\/media\/360"}],"wp:attachment":[{"href":"https:\/\/30th.ma\/en\/wp-json\/wp\/v2\/media?parent=358"}],"wp:term":[{"taxonomy":"product_brand","embeddable":true,"href":"https:\/\/30th.ma\/en\/wp-json\/wp\/v2\/product_brand?post=358"},{"taxonomy":"product_cat","embeddable":true,"href":"https:\/\/30th.ma\/en\/wp-json\/wp\/v2\/product_cat?post=358"},{"taxonomy":"product_tag","embeddable":true,"href":"https:\/\/30th.ma\/en\/wp-json\/wp\/v2\/product_tag?post=358"}],"curies":[{"name":"wp","href":"https:\/\/api.w.org\/{rel}","templated":true}]}}