{"id":368,"date":"2026-03-05T17:38:26","date_gmt":"2026-03-05T17:38:26","guid":{"rendered":"https:\/\/30th.ma\/?post_type=product&#038;p=368"},"modified":"2026-03-10T14:36:53","modified_gmt":"2026-03-10T14:36:53","slug":"coffret-miel-gourmet-espagne","status":"publish","type":"product","link":"https:\/\/30th.ma\/en\/product\/coffret-miel-gourmet-espagne\/","title":{"rendered":"Coffret Prestige : Selection of Purs d'Espagne Honeys"},"content":{"rendered":"<p data-path-to-node=\"14,0,0\"><b data-path-to-node=\"14,0,0\" data-index-in-node=\"0\"> French (Copy):<\/b> <b data-path-to-node=\"14,0,0\" data-index-in-node=\"23\">L'Art de la Haute Gastronomie chez Vous<\/b> Notre <i data-path-to-node=\"14,0,0\" data-index-in-node=\"69\">Coffret Prestige<\/i> It is not only honey; it is a declaration of good taste. Specially designed for gourmet products amateurs, this luxury box is the ideal masterpiece to impress your guests or to make an unforgettable gift during special occasions, mariages or parties.<\/p>\n<p data-path-to-node=\"14,0,1\"><b data-path-to-node=\"14,0,1\" data-index-in-node=\"0\">Que contient ce tr\u00e9sor ?<\/b> The box presents a rigorous selection of our artisan honey, presented in magnificent 140g pots. Each variety offers a unique sensory journey through the preserved landscapes of the Spanish forests.<\/p>\n<ul data-path-to-node=\"14,0,2\">\n<li>\n<p data-path-to-node=\"14,0,2,0,0\"><b data-path-to-node=\"14,0,2,0,0\" data-index-in-node=\"0\">100% Pure and Natural :<\/b> Without additives, cold extracted to preserve all its properties and vitamins.<\/p>\n<\/li>\n<li>\n<p data-path-to-node=\"14,0,2,1,0\"><b data-path-to-node=\"14,0,2,1,0\" data-index-in-node=\"0\">Design Exclusif :<\/b> The writing was designed to be displayed as a work of art in your home.<\/p>\n<\/li>\n<li>\n<p data-path-to-node=\"14,0,2,2,0\"><b data-path-to-node=\"14,0,2,2,0\" data-index-in-node=\"0\">L'Excellence Espagnole :<\/b> The best of Iberian beekeeping, straight from the field to your table.<\/p>\n<\/li>\n<\/ul>\n<p data-path-to-node=\"14,0,3\">Faites l'exp\u00e9rience du vrai luxe naturel. <i data-path-to-node=\"14,0,3\" data-index-in-node=\"42\">Free delivery and payment on delivery available.<\/i><\/p>","protected":false},"excerpt":{"rendered":"<p>The perfect case for the most demanding palaces. Discover our <i data-path-to-node=\"10,0,0\" data-index-in-node=\"93\">Coffret Prestige<\/i>, un \u00e9crin d&#8217;une \u00e9l\u00e9gance absolue renfermant une s\u00e9lection exclusive de nos meilleurs miels 100% naturels r\u00e9colt\u00e9s en Espagne. Chaque pot en verre (140g) est un bijou gastronomique, con\u00e7u pour \u00eatre d\u00e9gust\u00e9 et pour briller dans la vitrine de votre salon. <i data-path-to-node=\"10,0,0\" data-index-in-node=\"363\">Un chef-d&#8217;\u0153uvre de la nature, pr\u00eat \u00e0 offrir.<\/i><\/p>","protected":false},"featured_media":400,"comment_status":"open","ping_status":"closed","template":"","meta":{"_joinchat":{"telephone":"+212697294852"}},"product_brand":[37],"product_cat":[17],"product_tag":[42,38,39],"class_list":{"0":"post-368","1":"product","2":"type-product","3":"status-publish","4":"has-post-thumbnail","6":"product_brand-3-0th","7":"product_cat-miel-biologique-halal-espagne-maroc","8":"product_tag-biologico","9":"product_tag-gourmet","10":"product_tag-miel","12":"first","13":"outofstock","14":"sale","15":"taxable","16":"shipping-taxable","17":"purchasable","18":"product-type-simple"},"yoast_head":"<!-- This site is optimized with the Yoast SEO plugin v27.1.1 - https:\/\/yoast.com\/product\/yoast-seo-wordpress\/ -->\n<title>Coffret Prestige : S\u00e9lection de Miels Purs d&#039;Espagne - 3.0th Miel Pura, Polen y Prop\u00f3leo Online<\/title>\n<meta name=\"description\" content=\"\u00c0 la recherche du cadeau parfait ? D\u00e9couvrez notre Coffret Prestige de miels gourmets d&#039;Espagne. Pots de 140g purs et naturels dans un \u00e9crin de luxe.\" \/>\n<meta name=\"robots\" content=\"index, follow, max-snippet:-1, max-image-preview:large, max-video-preview:-1\" \/>\n<link rel=\"canonical\" href=\"https:\/\/30th.ma\/en\/product\/coffret-miel-gourmet-espagne\/\" \/>\n<meta property=\"og:locale\" content=\"en_US\" \/>\n<meta property=\"og:type\" content=\"article\" \/>\n<meta property=\"og:title\" content=\"Coffret Prestige : S\u00e9lection de Miels Purs d&#039;Espagne - 3.0th Miel Pura, Polen y Prop\u00f3leo Online\" \/>\n<meta property=\"og:description\" content=\"\u00c0 la recherche du cadeau parfait ? D\u00e9couvrez notre Coffret Prestige de miels gourmets d&#039;Espagne. Pots de 140g purs et naturels dans un \u00e9crin de luxe.\" \/>\n<meta property=\"og:url\" content=\"https:\/\/30th.ma\/en\/product\/coffret-miel-gourmet-espagne\/\" \/>\n<meta property=\"og:site_name\" content=\"3.0th Miel Pura, Polen y Prop\u00f3leo Online\" \/>\n<meta property=\"article:publisher\" content=\"https:\/\/www.facebook.com\/spanish.morocco.food\" \/>\n<meta property=\"article:modified_time\" content=\"2026-03-10T14:36:53+00:00\" \/>\n<meta property=\"og:image\" content=\"https:\/\/30th.ma\/wp-content\/uploads\/2026\/03\/Gemini_Generated_Image_ycmy91ycmy91ycmy-scaled.png\" \/>\n\t<meta property=\"og:image:width\" content=\"1150\" \/>\n\t<meta property=\"og:image:height\" content=\"2560\" \/>\n\t<meta property=\"og:image:type\" content=\"image\/png\" \/>\n<meta name=\"twitter:card\" content=\"summary_large_image\" \/>\n<meta name=\"twitter:label1\" content=\"Est. reading time\" \/>\n\t<meta name=\"twitter:data1\" content=\"1 minute\" \/>\n<script type=\"application\/ld+json\" class=\"yoast-schema-graph\">{\"@context\":\"https:\/\/schema.org\",\"@graph\":[{\"@type\":\"WebPage\",\"@id\":\"https:\/\/30th.ma\/product\/coffret-miel-gourmet-espagne\/\",\"url\":\"https:\/\/30th.ma\/product\/coffret-miel-gourmet-espagne\/\",\"name\":\"Coffret Prestige : S\u00e9lection de Miels Purs d'Espagne - 3.0th Miel Pura, Polen y Prop\u00f3leo Online\",\"isPartOf\":{\"@id\":\"https:\/\/30th.ma\/#website\"},\"primaryImageOfPage\":{\"@id\":\"https:\/\/30th.ma\/product\/coffret-miel-gourmet-espagne\/#primaryimage\"},\"image\":{\"@id\":\"https:\/\/30th.ma\/product\/coffret-miel-gourmet-espagne\/#primaryimage\"},\"thumbnailUrl\":\"https:\/\/30th.ma\/wp-content\/uploads\/2026\/03\/Gemini_Generated_Image_ycmy91ycmy91ycmy-scaled.webp\",\"datePublished\":\"2026-03-05T17:38:26+00:00\",\"dateModified\":\"2026-03-10T14:36:53+00:00\",\"description\":\"\u00c0 la recherche du cadeau parfait ? D\u00e9couvrez notre Coffret Prestige de miels gourmets d'Espagne. Pots de 140g purs et naturels dans un \u00e9crin de luxe.\",\"breadcrumb\":{\"@id\":\"https:\/\/30th.ma\/product\/coffret-miel-gourmet-espagne\/#breadcrumb\"},\"inLanguage\":\"en-US\",\"potentialAction\":[{\"@type\":\"ReadAction\",\"target\":[\"https:\/\/30th.ma\/product\/coffret-miel-gourmet-espagne\/\"]}]},{\"@type\":\"ImageObject\",\"inLanguage\":\"en-US\",\"@id\":\"https:\/\/30th.ma\/product\/coffret-miel-gourmet-espagne\/#primaryimage\",\"url\":\"https:\/\/30th.ma\/wp-content\/uploads\/2026\/03\/Gemini_Generated_Image_ycmy91ycmy91ycmy-scaled.webp\",\"contentUrl\":\"https:\/\/30th.ma\/wp-content\/uploads\/2026\/03\/Gemini_Generated_Image_ycmy91ycmy91ycmy-scaled.webp\",\"width\":863,\"height\":1920},{\"@type\":\"BreadcrumbList\",\"@id\":\"https:\/\/30th.ma\/product\/coffret-miel-gourmet-espagne\/#breadcrumb\",\"itemListElement\":[{\"@type\":\"ListItem\",\"position\":1,\"name\":\"Home\",\"item\":\"https:\/\/30th.ma\/\"},{\"@type\":\"ListItem\",\"position\":2,\"name\":\"Ver todo\",\"item\":\"https:\/\/30th.ma\/ver-todo\/\"},{\"@type\":\"ListItem\",\"position\":3,\"name\":\"Coffret Prestige : S\u00e9lection de Miels Purs d&#8217;Espagne\"}]},{\"@type\":\"WebSite\",\"@id\":\"https:\/\/30th.ma\/#website\",\"url\":\"https:\/\/30th.ma\/\",\"name\":\"3.0th Miel Pura, Polen y Prop\u00f3leo Online\",\"description\":\"Miel, polen y prop\u00f3leo 100% naturales y artesanos. Descubre los beneficios de los tesoros de la colmena para tu salud y vitalidad\",\"publisher\":{\"@id\":\"https:\/\/30th.ma\/#organization\"},\"potentialAction\":[{\"@type\":\"SearchAction\",\"target\":{\"@type\":\"EntryPoint\",\"urlTemplate\":\"https:\/\/30th.ma\/?s={search_term_string}\"},\"query-input\":{\"@type\":\"PropertyValueSpecification\",\"valueRequired\":true,\"valueName\":\"search_term_string\"}}],\"inLanguage\":\"en-US\"},{\"@type\":\"Organization\",\"@id\":\"https:\/\/30th.ma\/#organization\",\"name\":\"3.0th Miel Pura, Polen y Prop\u00f3leo Online\",\"url\":\"https:\/\/30th.ma\/\",\"logo\":{\"@type\":\"ImageObject\",\"inLanguage\":\"en-US\",\"@id\":\"https:\/\/30th.ma\/#\/schema\/logo\/image\/\",\"url\":\"https:\/\/30th.ma\/wp-content\/uploads\/2025\/12\/cropped-82d0a305-434e-415f-9d9c-3867d4362c2b.png\",\"contentUrl\":\"https:\/\/30th.ma\/wp-content\/uploads\/2025\/12\/cropped-82d0a305-434e-415f-9d9c-3867d4362c2b.png\",\"width\":457,\"height\":296,\"caption\":\"3.0th Miel Pura, Polen y Prop\u00f3leo Online\"},\"image\":{\"@id\":\"https:\/\/30th.ma\/#\/schema\/logo\/image\/\"},\"sameAs\":[\"https:\/\/www.facebook.com\/spanish.morocco.food\"]}]}<\/script>\n<!-- \/ Yoast SEO plugin. -->","yoast_head_json":{"title":"Coffret Prestige : S\u00e9lection de Miels Purs d'Espagne - 3.0th Miel Pura, Polen y Prop\u00f3leo Online","description":"\u00c0 la recherche du cadeau parfait ? D\u00e9couvrez notre Coffret Prestige de miels gourmets d'Espagne. Pots de 140g purs et naturels dans un \u00e9crin de luxe.","robots":{"index":"index","follow":"follow","max-snippet":"max-snippet:-1","max-image-preview":"max-image-preview:large","max-video-preview":"max-video-preview:-1"},"canonical":"https:\/\/30th.ma\/en\/product\/coffret-miel-gourmet-espagne\/","og_locale":"en_US","og_type":"article","og_title":"Coffret Prestige : S\u00e9lection de Miels Purs d'Espagne - 3.0th Miel Pura, Polen y Prop\u00f3leo Online","og_description":"\u00c0 la recherche du cadeau parfait ? D\u00e9couvrez notre Coffret Prestige de miels gourmets d'Espagne. Pots de 140g purs et naturels dans un \u00e9crin de luxe.","og_url":"https:\/\/30th.ma\/en\/product\/coffret-miel-gourmet-espagne\/","og_site_name":"3.0th Miel Pura, Polen y Prop\u00f3leo Online","article_publisher":"https:\/\/www.facebook.com\/spanish.morocco.food","article_modified_time":"2026-03-10T14:36:53+00:00","og_image":[{"width":1150,"height":2560,"url":"https:\/\/30th.ma\/wp-content\/uploads\/2026\/03\/Gemini_Generated_Image_ycmy91ycmy91ycmy-scaled.png","type":"image\/png"}],"twitter_card":"summary_large_image","twitter_misc":{"Est. reading time":"1 minute"},"schema":{"@context":"https:\/\/schema.org","@graph":[{"@type":"WebPage","@id":"https:\/\/30th.ma\/product\/coffret-miel-gourmet-espagne\/","url":"https:\/\/30th.ma\/product\/coffret-miel-gourmet-espagne\/","name":"Coffret Prestige : S\u00e9lection de Miels Purs d'Espagne - 3.0th Miel Pura, Polen y Prop\u00f3leo Online","isPartOf":{"@id":"https:\/\/30th.ma\/#website"},"primaryImageOfPage":{"@id":"https:\/\/30th.ma\/product\/coffret-miel-gourmet-espagne\/#primaryimage"},"image":{"@id":"https:\/\/30th.ma\/product\/coffret-miel-gourmet-espagne\/#primaryimage"},"thumbnailUrl":"https:\/\/30th.ma\/wp-content\/uploads\/2026\/03\/Gemini_Generated_Image_ycmy91ycmy91ycmy-scaled.webp","datePublished":"2026-03-05T17:38:26+00:00","dateModified":"2026-03-10T14:36:53+00:00","description":"\u00c0 la recherche du cadeau parfait ? D\u00e9couvrez notre Coffret Prestige de miels gourmets d'Espagne. Pots de 140g purs et naturels dans un \u00e9crin de luxe.","breadcrumb":{"@id":"https:\/\/30th.ma\/product\/coffret-miel-gourmet-espagne\/#breadcrumb"},"inLanguage":"en-US","potentialAction":[{"@type":"ReadAction","target":["https:\/\/30th.ma\/product\/coffret-miel-gourmet-espagne\/"]}]},{"@type":"ImageObject","inLanguage":"en-US","@id":"https:\/\/30th.ma\/product\/coffret-miel-gourmet-espagne\/#primaryimage","url":"https:\/\/30th.ma\/wp-content\/uploads\/2026\/03\/Gemini_Generated_Image_ycmy91ycmy91ycmy-scaled.webp","contentUrl":"https:\/\/30th.ma\/wp-content\/uploads\/2026\/03\/Gemini_Generated_Image_ycmy91ycmy91ycmy-scaled.webp","width":863,"height":1920},{"@type":"BreadcrumbList","@id":"https:\/\/30th.ma\/product\/coffret-miel-gourmet-espagne\/#breadcrumb","itemListElement":[{"@type":"ListItem","position":1,"name":"Home","item":"https:\/\/30th.ma\/"},{"@type":"ListItem","position":2,"name":"Ver todo","item":"https:\/\/30th.ma\/ver-todo\/"},{"@type":"ListItem","position":3,"name":"Coffret Prestige : S\u00e9lection de Miels Purs d&#8217;Espagne"}]},{"@type":"WebSite","@id":"https:\/\/30th.ma\/#website","url":"https:\/\/30th.ma\/","name":"3.0th Pure Honey, Pollen and Propolis Online","description":"Natural and artisan honey, pollen and propolis 100%. Discover the benefits of the treasures of the beehive for your health and vitality.","publisher":{"@id":"https:\/\/30th.ma\/#organization"},"potentialAction":[{"@type":"SearchAction","target":{"@type":"EntryPoint","urlTemplate":"https:\/\/30th.ma\/?s={search_term_string}"},"query-input":{"@type":"PropertyValueSpecification","valueRequired":true,"valueName":"search_term_string"}}],"inLanguage":"en-US"},{"@type":"Organization","@id":"https:\/\/30th.ma\/#organization","name":"3.0th Pure Honey, Pollen and Propolis Online","url":"https:\/\/30th.ma\/","logo":{"@type":"ImageObject","inLanguage":"en-US","@id":"https:\/\/30th.ma\/#\/schema\/logo\/image\/","url":"https:\/\/30th.ma\/wp-content\/uploads\/2025\/12\/cropped-82d0a305-434e-415f-9d9c-3867d4362c2b.png","contentUrl":"https:\/\/30th.ma\/wp-content\/uploads\/2025\/12\/cropped-82d0a305-434e-415f-9d9c-3867d4362c2b.png","width":457,"height":296,"caption":"3.0th Miel Pura, Polen y Prop\u00f3leo Online"},"image":{"@id":"https:\/\/30th.ma\/#\/schema\/logo\/image\/"},"sameAs":["https:\/\/www.facebook.com\/spanish.morocco.food"]}]}},"_links":{"self":[{"href":"https:\/\/30th.ma\/en\/wp-json\/wp\/v2\/product\/368","targetHints":{"allow":["GET"]}}],"collection":[{"href":"https:\/\/30th.ma\/en\/wp-json\/wp\/v2\/product"}],"about":[{"href":"https:\/\/30th.ma\/en\/wp-json\/wp\/v2\/types\/product"}],"replies":[{"embeddable":true,"href":"https:\/\/30th.ma\/en\/wp-json\/wp\/v2\/comments?post=368"}],"wp:featuredmedia":[{"embeddable":true,"href":"https:\/\/30th.ma\/en\/wp-json\/wp\/v2\/media\/400"}],"wp:attachment":[{"href":"https:\/\/30th.ma\/en\/wp-json\/wp\/v2\/media?parent=368"}],"wp:term":[{"taxonomy":"product_brand","embeddable":true,"href":"https:\/\/30th.ma\/en\/wp-json\/wp\/v2\/product_brand?post=368"},{"taxonomy":"product_cat","embeddable":true,"href":"https:\/\/30th.ma\/en\/wp-json\/wp\/v2\/product_cat?post=368"},{"taxonomy":"product_tag","embeddable":true,"href":"https:\/\/30th.ma\/en\/wp-json\/wp\/v2\/product_tag?post=368"}],"curies":[{"name":"wp","href":"https:\/\/api.w.org\/{rel}","templated":true}]}}