{"id":157,"date":"2025-12-10T16:19:13","date_gmt":"2025-12-10T16:19:13","guid":{"rendered":"https:\/\/30th.ma\/politica-de-devoluciones-y-reembolsos\/"},"modified":"2025-12-10T16:19:24","modified_gmt":"2025-12-10T16:19:24","slug":"politique-de-retour-et-de-remboursement","status":"publish","type":"page","link":"https:\/\/30th.ma\/fr\/politica-de-devoluciones-y-reembolsos\/","title":{"rendered":"Politique de retour et de remboursement"},"content":{"rendered":"\t\t<div data-elementor-type=\"wp-page\" data-elementor-id=\"157\" class=\"elementor elementor-157\" data-elementor-post-type=\"page\">\n\t\t\t\t<div class=\"elementor-element elementor-element-3ttbdhlc twbb_section e-con-boxed e-flex e-con e-parent\" data-id=\"3ttbdhlc\" data-element_type=\"container\" data-e-type=\"container\">\n\t\t\t\t\t<div class=\"e-con-inner\">\n\t\t\t\t<div class=\"elementor-element elementor-element-ts16hw62 elementor-widget__width-initial elementor-widget-mobile__width-inherit elementor-widget-tablet__width-initial elementor-invisible elementor-widget elementor-widget-heading\" data-id=\"ts16hw62\" data-element_type=\"widget\" data-e-type=\"widget\" data-settings=\"{&quot;_animation&quot;:&quot;fadeInUp&quot;}\" data-widget_type=\"heading.default\">\n\t\t\t\t\t<h1 class=\"elementor-heading-title elementor-size-default\">Pol\u00edtica de devoluciones y reembolsos<\/h1>\t\t\t\t<\/div>\n\t\t\t\t\t<\/div>\n\t\t\t\t<\/div>\n\t\t<div class=\"elementor-element elementor-element-y5ad628y twbb_section e-con-boxed e-flex e-con e-parent\" data-id=\"y5ad628y\" data-element_type=\"container\" data-e-type=\"container\">\n\t\t\t\t\t<div class=\"e-con-inner\">\n\t\t\t\t<div class=\"elementor-element elementor-element-wlpymd4g elementor-widget__width-initial elementor-widget-mobile__width-inherit elementor-widget-tablet__width-initial elementor-invisible elementor-widget elementor-widget-text-editor\" data-id=\"wlpymd4g\" data-element_type=\"widget\" data-e-type=\"widget\" data-settings=\"{&quot;_animation&quot;:&quot;fadeInUp&quot;}\" data-widget_type=\"text-editor.default\">\n\t\t\t\t\t\t\t\t\t<p>Gracias por comprar en 3.0th. Nos comprometemos a proporcionarle productos ap\u00edcolas de alta calidad y una experiencia de compra satisfactoria. Si no est\u00e1 completamente satisfecho con su compra, estamos aqu\u00ed para ayudarle.<\/p>\n\n<p><b>1. Devoluciones<\/b><\/p>\n\n<p>Tiene 30 d\u00edas a partir de la fecha de compra para devolver un art\u00edculo. Para poder optar a una devoluci\u00f3n, su art\u00edculo debe estar sin usar, en las mismas condiciones en que lo recibi\u00f3 y en su embalaje original. Los art\u00edculos que no est\u00e9n en su estado original, est\u00e9n da\u00f1ados o les falten piezas por razones ajenas a nuestro error podr\u00edan no ser aceptados para la devoluci\u00f3n.<\/p>\n\n<p>Para iniciar una devoluci\u00f3n, p\u00f3ngase en contacto con nosotros en [Su informaci\u00f3n de contacto] con su n\u00famero de pedido y detalles sobre el producto que desea devolver. Le proporcionaremos instrucciones sobre c\u00f3mo devolver el art\u00edculo.<\/p>\n\n<p><b>2. Reembolsos<\/b><\/p>\n\n<p>Una vez que recibamos su art\u00edculo devuelto, lo inspeccionaremos y le notificaremos la aprobaci\u00f3n o el rechazo de su reembolso. Si se aprueba su devoluci\u00f3n, procesaremos un reembolso a su m\u00e9todo de pago original. Espere [N\u00famero] d\u00edas h\u00e1biles para que el reembolso aparezca en su cuenta.<\/p>\n\n<p><b>3. Cambios<\/b><\/p>\n\n<p>Solo reemplazamos los art\u00edculos si est\u00e1n defectuosos o da\u00f1ados. Si necesita cambiar un art\u00edculo por el mismo producto, p\u00f3ngase en contacto con nosotros en [Su informaci\u00f3n de contacto] con su n\u00famero de pedido y detalles sobre el problema. Le proporcionaremos instrucciones sobre c\u00f3mo proceder con el cambio.<\/p>\n\n<p><b>4. Gastos de env\u00edo<\/b><\/p>\n\n<p>Usted es responsable de pagar los gastos de env\u00edo para devolver su art\u00edculo. Los gastos de env\u00edo no son reembolsables. Si recibe un reembolso, el costo del env\u00edo de devoluci\u00f3n se deducir\u00e1 de su reembolso.<\/p>\n\n<p><b>5. Art\u00edculos da\u00f1ados o defectuosos<\/b><\/p>\n\n<p>Si recibe un art\u00edculo da\u00f1ado o defectuoso, p\u00f3ngase en contacto con nosotros inmediatamente en [Su informaci\u00f3n de contacto] con su n\u00famero de pedido y una descripci\u00f3n del problema. Organizaremos un reemplazo o un reembolso, seg\u00fan las circunstancias.<\/p>\n\n<p><b>6. Excepciones<\/b><\/p>\n\n<p>Ciertos tipos de art\u00edculos est\u00e1n exentos de ser devueltos, tales como:<\/p>\n\n<ul>\n <li>Productos perecederos (por ejemplo, productos de miel abiertos)<\/li>\n <li>Art\u00edculos de cuidado personal<\/li>\n<\/ul>\n\n<p>Estos art\u00edculos no se pueden devolver por razones de higiene y seguridad.<\/p>\n\n<p><b>7. C\u00f3mo devolver un art\u00edculo<\/b><\/p>\n\n<p>Para devolver un art\u00edculo, siga estos pasos:<\/p>\n\n<ol>\n <li>P\u00f3ngase en contacto con nosotros en [Su informaci\u00f3n de contacto] para iniciar el proceso de devoluci\u00f3n.<\/li>\n <li>Empaque el art\u00edculo de forma segura en su embalaje original, si es posible.<\/li>\n <li>Incluya una copia de la confirmaci\u00f3n de su pedido o el albar\u00e1n.<\/li>\n <li>Env\u00ede el art\u00edculo a la direcci\u00f3n proporcionada por nuestro equipo de atenci\u00f3n al cliente.<\/li>\n<\/ol>\n\n<p><b>8. Informaci\u00f3n de contacto<\/b><\/p>\n\n<p>Si tiene alguna pregunta sobre nuestra pol\u00edtica de reembolso y devoluci\u00f3n, p\u00f3ngase en contacto con nosotros en [Su informaci\u00f3n de contacto].<\/p>\t\t\t\t\t\t\t\t<\/div>\n\t\t\t\t\t<\/div>\n\t\t\t\t<\/div>\n\t\t\t\t<\/div>\n\t\t","protected":false},"excerpt":{"rendered":"","protected":false},"author":0,"featured_media":0,"parent":0,"menu_order":0,"comment_status":"closed","ping_status":"publish","template":"","meta":{"two_page_speed":[],"_joinchat":[],"footnotes":""},"class_list":["post-157","page","type-page","status-publish","hentry"],"yoast_head":"<!-- This site is optimized with the Yoast SEO plugin v27.1.1 - https:\/\/yoast.com\/product\/yoast-seo-wordpress\/ -->\n<title>Pol\u00edtica de devoluciones y reembolsos - 3.0th Miel Pura, Polen y Prop\u00f3leo Online<\/title>\n<meta name=\"robots\" content=\"index, follow, max-snippet:-1, max-image-preview:large, max-video-preview:-1\" \/>\n<link rel=\"canonical\" href=\"https:\/\/30th.ma\/fr\/politique-de-retour-et-de-remboursement\/\" \/>\n<meta property=\"og:locale\" content=\"fr_FR\" \/>\n<meta property=\"og:type\" content=\"article\" \/>\n<meta property=\"og:title\" content=\"Pol\u00edtica de devoluciones y reembolsos - 3.0th Miel Pura, Polen y Prop\u00f3leo Online\" \/>\n<meta property=\"og:url\" content=\"https:\/\/30th.ma\/fr\/politique-de-retour-et-de-remboursement\/\" \/>\n<meta property=\"og:site_name\" content=\"3.0th Miel Pura, Polen y Prop\u00f3leo Online\" \/>\n<meta property=\"article:publisher\" content=\"https:\/\/www.facebook.com\/spanish.morocco.food\" \/>\n<meta property=\"article:modified_time\" content=\"2025-12-10T16:19:24+00:00\" \/>\n<meta name=\"twitter:card\" content=\"summary_large_image\" \/>\n<script type=\"application\/ld+json\" class=\"yoast-schema-graph\">{\"@context\":\"https:\/\/schema.org\",\"@graph\":[{\"@type\":\"WebPage\",\"@id\":\"https:\/\/30th.ma\/politica-de-devoluciones-y-reembolsos\/\",\"url\":\"https:\/\/30th.ma\/politica-de-devoluciones-y-reembolsos\/\",\"name\":\"Pol\u00edtica de devoluciones y reembolsos - 3.0th Miel Pura, Polen y Prop\u00f3leo Online\",\"isPartOf\":{\"@id\":\"https:\/\/30th.ma\/#website\"},\"datePublished\":\"2025-12-10T16:19:13+00:00\",\"dateModified\":\"2025-12-10T16:19:24+00:00\",\"breadcrumb\":{\"@id\":\"https:\/\/30th.ma\/politica-de-devoluciones-y-reembolsos\/#breadcrumb\"},\"inLanguage\":\"fr-FR\",\"potentialAction\":[{\"@type\":\"ReadAction\",\"target\":[\"https:\/\/30th.ma\/politica-de-devoluciones-y-reembolsos\/\"]}]},{\"@type\":\"BreadcrumbList\",\"@id\":\"https:\/\/30th.ma\/politica-de-devoluciones-y-reembolsos\/#breadcrumb\",\"itemListElement\":[{\"@type\":\"ListItem\",\"position\":1,\"name\":\"Home\",\"item\":\"https:\/\/30th.ma\/\"},{\"@type\":\"ListItem\",\"position\":2,\"name\":\"Pol\u00edtica de devoluciones y reembolsos\"}]},{\"@type\":\"WebSite\",\"@id\":\"https:\/\/30th.ma\/#website\",\"url\":\"https:\/\/30th.ma\/\",\"name\":\"3.0th Miel Pura, Polen y Prop\u00f3leo Online\",\"description\":\"Miel, polen y prop\u00f3leo 100% naturales y artesanos. Descubre los beneficios de los tesoros de la colmena para tu salud y vitalidad\",\"publisher\":{\"@id\":\"https:\/\/30th.ma\/#organization\"},\"potentialAction\":[{\"@type\":\"SearchAction\",\"target\":{\"@type\":\"EntryPoint\",\"urlTemplate\":\"https:\/\/30th.ma\/?s={search_term_string}\"},\"query-input\":{\"@type\":\"PropertyValueSpecification\",\"valueRequired\":true,\"valueName\":\"search_term_string\"}}],\"inLanguage\":\"fr-FR\"},{\"@type\":\"Organization\",\"@id\":\"https:\/\/30th.ma\/#organization\",\"name\":\"3.0th Miel Pura, Polen y Prop\u00f3leo Online\",\"url\":\"https:\/\/30th.ma\/\",\"logo\":{\"@type\":\"ImageObject\",\"inLanguage\":\"fr-FR\",\"@id\":\"https:\/\/30th.ma\/#\/schema\/logo\/image\/\",\"url\":\"https:\/\/30th.ma\/wp-content\/uploads\/2025\/12\/cropped-82d0a305-434e-415f-9d9c-3867d4362c2b.png\",\"contentUrl\":\"https:\/\/30th.ma\/wp-content\/uploads\/2025\/12\/cropped-82d0a305-434e-415f-9d9c-3867d4362c2b.png\",\"width\":457,\"height\":296,\"caption\":\"3.0th Miel Pura, Polen y Prop\u00f3leo Online\"},\"image\":{\"@id\":\"https:\/\/30th.ma\/#\/schema\/logo\/image\/\"},\"sameAs\":[\"https:\/\/www.facebook.com\/spanish.morocco.food\"]}]}<\/script>\n<!-- \/ Yoast SEO plugin. -->","yoast_head_json":{"title":"Politique de retour et de remboursement - 3.0th Pure Honey, Pollen &amp; Propolis Online","robots":{"index":"index","follow":"follow","max-snippet":"max-snippet:-1","max-image-preview":"max-image-preview:large","max-video-preview":"max-video-preview:-1"},"canonical":"https:\/\/30th.ma\/fr\/politique-de-retour-et-de-remboursement\/","og_locale":"fr_FR","og_type":"article","og_title":"Pol\u00edtica de devoluciones y reembolsos - 3.0th Miel Pura, Polen y Prop\u00f3leo Online","og_url":"https:\/\/30th.ma\/fr\/politique-de-retour-et-de-remboursement\/","og_site_name":"3.0th Miel Pura, Polen y Prop\u00f3leo Online","article_publisher":"https:\/\/www.facebook.com\/spanish.morocco.food","article_modified_time":"2025-12-10T16:19:24+00:00","twitter_card":"summary_large_image","schema":{"@context":"https:\/\/schema.org","@graph":[{"@type":"WebPage","@id":"https:\/\/30th.ma\/politica-de-devoluciones-y-reembolsos\/","url":"https:\/\/30th.ma\/politica-de-devoluciones-y-reembolsos\/","name":"Politique de retour et de remboursement - 3.0th Pure Honey, Pollen &amp; Propolis Online","isPartOf":{"@id":"https:\/\/30th.ma\/#website"},"datePublished":"2025-12-10T16:19:13+00:00","dateModified":"2025-12-10T16:19:24+00:00","breadcrumb":{"@id":"https:\/\/30th.ma\/politica-de-devoluciones-y-reembolsos\/#breadcrumb"},"inLanguage":"fr-FR","potentialAction":[{"@type":"ReadAction","target":["https:\/\/30th.ma\/politica-de-devoluciones-y-reembolsos\/"]}]},{"@type":"BreadcrumbList","@id":"https:\/\/30th.ma\/politica-de-devoluciones-y-reembolsos\/#breadcrumb","itemListElement":[{"@type":"ListItem","position":1,"name":"Home","item":"https:\/\/30th.ma\/"},{"@type":"ListItem","position":2,"name":"Pol\u00edtica de devoluciones y reembolsos"}]},{"@type":"WebSite","@id":"https:\/\/30th.ma\/#website","url":"https:\/\/30th.ma\/","name":"3.0th Miel pur, pollen et propolis en ligne","description":"Miel naturel et artisanal, pollen et propolis 100%. D\u00e9couvrez les bienfaits des tr\u00e9sors de la ruche pour votre sant\u00e9 et votre vitalit\u00e9.","publisher":{"@id":"https:\/\/30th.ma\/#organization"},"potentialAction":[{"@type":"SearchAction","target":{"@type":"EntryPoint","urlTemplate":"https:\/\/30th.ma\/?s={search_term_string}"},"query-input":{"@type":"PropertyValueSpecification","valueRequired":true,"valueName":"search_term_string"}}],"inLanguage":"fr-FR"},{"@type":"Organization","@id":"https:\/\/30th.ma\/#organization","name":"3.0th Miel pur, pollen et propolis en ligne","url":"https:\/\/30th.ma\/","logo":{"@type":"ImageObject","inLanguage":"fr-FR","@id":"https:\/\/30th.ma\/#\/schema\/logo\/image\/","url":"https:\/\/30th.ma\/wp-content\/uploads\/2025\/12\/cropped-82d0a305-434e-415f-9d9c-3867d4362c2b.png","contentUrl":"https:\/\/30th.ma\/wp-content\/uploads\/2025\/12\/cropped-82d0a305-434e-415f-9d9c-3867d4362c2b.png","width":457,"height":296,"caption":"3.0th Miel Pura, Polen y Prop\u00f3leo Online"},"image":{"@id":"https:\/\/30th.ma\/#\/schema\/logo\/image\/"},"sameAs":["https:\/\/www.facebook.com\/spanish.morocco.food"]}]}},"_links":{"self":[{"href":"https:\/\/30th.ma\/fr\/wp-json\/wp\/v2\/pages\/157","targetHints":{"allow":["GET"]}}],"collection":[{"href":"https:\/\/30th.ma\/fr\/wp-json\/wp\/v2\/pages"}],"about":[{"href":"https:\/\/30th.ma\/fr\/wp-json\/wp\/v2\/types\/page"}],"replies":[{"embeddable":true,"href":"https:\/\/30th.ma\/fr\/wp-json\/wp\/v2\/comments?post=157"}],"version-history":[{"count":0,"href":"https:\/\/30th.ma\/fr\/wp-json\/wp\/v2\/pages\/157\/revisions"}],"wp:attachment":[{"href":"https:\/\/30th.ma\/fr\/wp-json\/wp\/v2\/media?parent=157"}],"curies":[{"name":"wp","href":"https:\/\/api.w.org\/{rel}","templated":true}]}}