{"id":136,"date":"2025-12-10T16:19:07","date_gmt":"2025-12-10T16:19:07","guid":{"rendered":"https:\/\/30th.ma\/product\/miel-de-acacia-espanola\/"},"modified":"2026-01-12T18:06:58","modified_gmt":"2026-01-12T18:06:58","slug":"30-ma-miel-multifloral-pur","status":"publish","type":"product","link":"https:\/\/30th.ma\/fr\/product\/30th-ma-miel-multifloral-pura\/","title":{"rendered":"Miel multifloral biologique et halal - Origine Espagne 3.0th"},"content":{"rendered":"<p data-path-to-node=\"4,0\"><b data-path-to-node=\"4,0\" data-index-in-node=\"0\">Authentique miel espagnol multifloral (450 g)<\/b><\/p>\n<ul data-path-to-node=\"4,1\">\n<li>\n<p data-path-to-node=\"4,1,0,0\"><img decoding=\"async\" class=\"emoji\" role=\"img\" draggable=\"false\" src=\"https:\/\/s.w.org\/images\/core\/emoji\/17.0.2\/svg\/2705.svg\" alt=\"\u2705\" \/>\u00a0<b data-path-to-node=\"4,1,0,0\" data-index-in-node=\"2\">Certifi\u00e9 halal :<\/b>\u00a0Garantie totale de puret\u00e9 et de l\u00e9galit\u00e9.<\/p>\n<\/li>\n<li>\n<p data-path-to-node=\"4,1,1,0\"><img decoding=\"async\" class=\"emoji\" role=\"img\" draggable=\"false\" src=\"https:\/\/s.w.org\/images\/core\/emoji\/17.0.2\/svg\/1f1ea-1f1f8.svg\" alt=\"\ud83c\uddea\ud83c\uddf8\" \/>\u00a0<b data-path-to-node=\"4,1,1,0\" data-index-in-node=\"5\">Origine Espagne :<\/b>\u00a0Qualit\u00e9 europ\u00e9enne sup\u00e9rieure.<\/p>\n<\/li>\n<li>\n<p data-path-to-node=\"4,1,2,0\"><img decoding=\"async\" class=\"emoji\" role=\"img\" draggable=\"false\" src=\"https:\/\/s.w.org\/images\/core\/emoji\/17.0.2\/svg\/1f33f.svg\" alt=\"\ud83c\udf3f\" \/>\u00a0<b data-path-to-node=\"4,1,2,0\" data-index-in-node=\"3\">100% Durable :<\/b>\u00a0Produit sous des contr\u00f4les environnementaux stricts.<\/p>\n<\/li>\n<li>\n<p data-path-to-node=\"4,1,3,0\"><img decoding=\"async\" class=\"emoji\" role=\"img\" draggable=\"false\" src=\"https:\/\/s.w.org\/images\/core\/emoji\/17.0.2\/svg\/1f36f.svg\" alt=\"\ud83c\udf6f\" \/>\u00a0<b data-path-to-node=\"4,1,3,0\" data-index-in-node=\"3\">Saveur intense :<\/b>\u00a0Miel fonc\u00e9, dense et riche en min\u00e9raux.<\/p>\n<\/li>\n<\/ul>\n<p>Remplacez le sucre transform\u00e9 par ce qu'il y a de mieux dans la nature. Notre <strong>Miel multifloral<\/strong> est un superaliment plein d'\u00e9nergie, d'enzymes et d'antioxydants. Issu d'une grande vari\u00e9t\u00e9 de fleurs, il renferme de multiples propri\u00e9t\u00e9s b\u00e9n\u00e9fiques dans un seul pot. Il s'agit de miel brut, non pasteuris\u00e9, qui conserve toutes ses vitamines intactes. C'est le carburant sain dont votre corps a besoin et le go\u00fbt sucr\u00e9 que vous aimez.<\/p>\n<p data-path-to-node=\"16\"><b data-path-to-node=\"16\" data-index-in-node=\"0\">\ud83e\udd44 Comment l'appr\u00e9cier :<\/b> Int\u00e9grez le miel \u00e0 votre routine quotidienne de bien-\u00eatre :<\/p>\n<ul data-path-to-node=\"17\">\n<li>\n<p data-path-to-node=\"17,0,0\"><b data-path-to-node=\"17,0,0\" data-index-in-node=\"0\">Pr\u00e9-entra\u00eenement :<\/b> Une mesure avant l'exercice pour un regain d'\u00e9nergie imm\u00e9diat.<\/p>\n<\/li>\n<li>\n<p data-path-to-node=\"17,1,0\"><b data-path-to-node=\"17,1,0\" data-index-in-node=\"0\">Des en-cas sains :<\/b> M\u00e9langez-le avec du yaourt grec, des noix et des fruits.<\/p>\n<\/li>\n<li>\n<p data-path-to-node=\"17,2,0\"><b data-path-to-node=\"17,2,0\" data-index-in-node=\"0\">Remedios :<\/b> Le compagnon classique pour adoucir la gorge avec du citron et de l'eau chaude.<\/p>\n<\/li>\n<li>\n<p data-path-to-node=\"17,3,0\"><b data-path-to-node=\"17,3,0\" data-index-in-node=\"0\">Desserts :<\/b> Utilisez-le dans vos p\u00e2tisseries comme substitut naturel du sucre blanc.<\/p>\n<\/li>\n<\/ul>\n<p data-path-to-node=\"18\"><b data-path-to-node=\"18\" data-index-in-node=\"0\">\ud83d\udee1\ufe0f Conservation et soins :<\/b><\/p>\n<ul data-path-to-node=\"19\">\n<li>\n<p data-path-to-node=\"19,0,0\">Le miel est un aliment qui ne se p\u00e9rime pas s'il est bien conserv\u00e9.<\/p>\n<\/li>\n<li>\n<p data-path-to-node=\"19,1,0\">Conserver \u00e0 temp\u00e9rature ambiante (l'id\u00e9al \u00e9tant le garde-manger). Aucune r\u00e9frig\u00e9ration n'est n\u00e9cessaire.<\/p>\n<\/li>\n<li>\n<p data-path-to-node=\"19,2,0\">\u00c9vitez de mettre des cuill\u00e8res mouill\u00e9es ou des cuill\u00e8res contenant des restes d'aliments \u00e0 l'int\u00e9rieur du bocal pour \u00e9viter la fermentation.<\/p>\n<\/li>\n<\/ul>\n<p style=\"text-align: center;\"><strong>Il ne vous reste plus qu'\u00e0 l'ajouter \u00e0 votre panier d'achat !<\/strong><\/p>","protected":false},"excerpt":{"rendered":"<p data-path-to-node=\"4,0\"><b data-path-to-node=\"4,0\" data-index-in-node=\"0\">Miel multifloral 100% Naturel<\/b><\/p>\n<p data-path-to-node=\"4,1\">Savourez le go\u00fbt authentique de la campagne avec notre miel aux mille fleurs.<\/p>\n<ul data-path-to-node=\"4,2\">\n<li>\n<p data-path-to-node=\"4,2,0,0\">\ud83c\udf3f <b data-path-to-node=\"4,2,0,0\" data-index-in-node=\"3\">Origine :<\/b> Produit sur place et durable.<\/p>\n<\/li>\n<li>\n<p data-path-to-node=\"4,2,1,0\">\ud83c\udf6f <b data-path-to-node=\"4,2,1,0\" data-index-in-node=\"3\">Go\u00fbt :<\/b> \u00c9quilibr\u00e9, notes douces et florales.<\/p>\n<\/li>\n<li>\n<p data-path-to-node=\"4,2,2,0\">\u2728 <b data-path-to-node=\"4,2,2,0\" data-index-in-node=\"2\">Texture :<\/b> Ambre brillant et consistance onctueuse.<\/p>\n<\/li>\n<li>\n<p data-path-to-node=\"4,2,3,0\">\ud83d\udeab <b data-path-to-node=\"4,2,3,0\" data-index-in-node=\"3\">Sans additifs :<\/b> Sans conservateurs ni sucres ajout\u00e9s.<\/p>\n<\/li>\n<\/ul>\n<p data-path-to-node=\"4,3\"><b data-path-to-node=\"4,3\" data-index-in-node=\"0\">Poids : 450 g<\/b><\/p>","protected":false},"featured_media":271,"comment_status":"open","ping_status":"closed","template":"","meta":{"_joinchat":[]},"product_brand":[],"product_cat":[17],"product_tag":[21,20,22],"class_list":{"0":"post-136","1":"product","2":"type-product","3":"status-publish","4":"has-post-thumbnail","6":"product_cat-miel-biologique-halal-espagne-maroc","7":"product_tag-ecologic","8":"product_tag-halal","9":"product_tag-premium","11":"first","12":"instock","13":"taxable","14":"shipping-taxable","15":"purchasable","16":"product-type-simple"},"yoast_head":"<!-- This site is optimized with the Yoast SEO plugin v27.1.1 - https:\/\/yoast.com\/product\/yoast-seo-wordpress\/ -->\n<title>Miel Multifloral Biol\u00f3gica y Halal - Origen Espa\u00f1a 3.0th - 3.0th Miel Pura, Polen y Prop\u00f3leo Online<\/title>\n<meta name=\"description\" content=\"Disfruta de la mejor miel multifloral pura 100% natural. Cosecha propia con sabor equilibrado y textura perfecta. \u00a1Compra online y rec\u00edbela en casa!\" \/>\n<meta name=\"robots\" content=\"index, follow, max-snippet:-1, max-image-preview:large, max-video-preview:-1\" \/>\n<link rel=\"canonical\" href=\"https:\/\/30th.ma\/fr\/produit-2\/30-ma-miel-multifloral-pur\/\" \/>\n<meta property=\"og:locale\" content=\"fr_FR\" \/>\n<meta property=\"og:type\" content=\"article\" \/>\n<meta property=\"og:title\" content=\"Miel Multifloral Biol\u00f3gica y Halal - Origen Espa\u00f1a 3.0th - 3.0th Miel Pura, Polen y Prop\u00f3leo Online\" \/>\n<meta property=\"og:description\" content=\"Disfruta de la mejor miel multifloral pura 100% natural. Cosecha propia con sabor equilibrado y textura perfecta. \u00a1Compra online y rec\u00edbela en casa!\" \/>\n<meta property=\"og:url\" content=\"https:\/\/30th.ma\/fr\/produit-2\/30-ma-miel-multifloral-pur\/\" \/>\n<meta property=\"og:site_name\" content=\"3.0th Miel Pura, Polen y Prop\u00f3leo Online\" \/>\n<meta property=\"article:publisher\" content=\"https:\/\/www.facebook.com\/spanish.morocco.food\" \/>\n<meta property=\"article:modified_time\" content=\"2026-01-12T18:06:58+00:00\" \/>\n<meta property=\"og:image\" content=\"https:\/\/30th.ma\/wp-content\/uploads\/2025\/12\/Miel-multifloral-tienda-Marruecos-scaled.jpg\" \/>\n\t<meta property=\"og:image:width\" content=\"2048\" \/>\n\t<meta property=\"og:image:height\" content=\"2560\" \/>\n\t<meta property=\"og:image:type\" content=\"image\/jpeg\" \/>\n<meta name=\"twitter:card\" content=\"summary_large_image\" \/>\n<meta name=\"twitter:label1\" content=\"Dur\u00e9e de lecture estim\u00e9e\" \/>\n\t<meta name=\"twitter:data1\" content=\"2 minutes\" \/>\n<script type=\"application\/ld+json\" class=\"yoast-schema-graph\">{\"@context\":\"https:\/\/schema.org\",\"@graph\":[{\"@type\":\"WebPage\",\"@id\":\"https:\/\/30th.ma\/product\/30th-ma-miel-multifloral-pura\/\",\"url\":\"https:\/\/30th.ma\/product\/30th-ma-miel-multifloral-pura\/\",\"name\":\"Miel Multifloral Biol\u00f3gica y Halal - Origen Espa\u00f1a 3.0th - 3.0th Miel Pura, Polen y Prop\u00f3leo Online\",\"isPartOf\":{\"@id\":\"https:\/\/30th.ma\/#website\"},\"primaryImageOfPage\":{\"@id\":\"https:\/\/30th.ma\/product\/30th-ma-miel-multifloral-pura\/#primaryimage\"},\"image\":{\"@id\":\"https:\/\/30th.ma\/product\/30th-ma-miel-multifloral-pura\/#primaryimage\"},\"thumbnailUrl\":\"https:\/\/30th.ma\/wp-content\/uploads\/2025\/12\/Miel-multifloral-tienda-Marruecos-scaled.jpg\",\"datePublished\":\"2025-12-10T16:19:07+00:00\",\"dateModified\":\"2026-01-12T18:06:58+00:00\",\"description\":\"Disfruta de la mejor miel multifloral pura 100% natural. Cosecha propia con sabor equilibrado y textura perfecta. \u00a1Compra online y rec\u00edbela en casa!\",\"breadcrumb\":{\"@id\":\"https:\/\/30th.ma\/product\/30th-ma-miel-multifloral-pura\/#breadcrumb\"},\"inLanguage\":\"fr-FR\",\"potentialAction\":[{\"@type\":\"ReadAction\",\"target\":[\"https:\/\/30th.ma\/product\/30th-ma-miel-multifloral-pura\/\"]}]},{\"@type\":\"ImageObject\",\"inLanguage\":\"fr-FR\",\"@id\":\"https:\/\/30th.ma\/product\/30th-ma-miel-multifloral-pura\/#primaryimage\",\"url\":\"https:\/\/30th.ma\/wp-content\/uploads\/2025\/12\/Miel-multifloral-tienda-Marruecos-scaled.jpg\",\"contentUrl\":\"https:\/\/30th.ma\/wp-content\/uploads\/2025\/12\/Miel-multifloral-tienda-Marruecos-scaled.jpg\",\"width\":2048,\"height\":2560,\"caption\":\"Miel de mil flores cosechada de forma sostenible.\"},{\"@type\":\"BreadcrumbList\",\"@id\":\"https:\/\/30th.ma\/product\/30th-ma-miel-multifloral-pura\/#breadcrumb\",\"itemListElement\":[{\"@type\":\"ListItem\",\"position\":1,\"name\":\"Home\",\"item\":\"https:\/\/30th.ma\/\"},{\"@type\":\"ListItem\",\"position\":2,\"name\":\"Ver todo\",\"item\":\"https:\/\/30th.ma\/ver-todo\/\"},{\"@type\":\"ListItem\",\"position\":3,\"name\":\"Miel Multifloral Biol\u00f3gica y Halal &#8211; Origen Espa\u00f1a 3.0th\"}]},{\"@type\":\"WebSite\",\"@id\":\"https:\/\/30th.ma\/#website\",\"url\":\"https:\/\/30th.ma\/\",\"name\":\"3.0th Miel Pura, Polen y Prop\u00f3leo Online\",\"description\":\"Miel, polen y prop\u00f3leo 100% naturales y artesanos. Descubre los beneficios de los tesoros de la colmena para tu salud y vitalidad\",\"publisher\":{\"@id\":\"https:\/\/30th.ma\/#organization\"},\"potentialAction\":[{\"@type\":\"SearchAction\",\"target\":{\"@type\":\"EntryPoint\",\"urlTemplate\":\"https:\/\/30th.ma\/?s={search_term_string}\"},\"query-input\":{\"@type\":\"PropertyValueSpecification\",\"valueRequired\":true,\"valueName\":\"search_term_string\"}}],\"inLanguage\":\"fr-FR\"},{\"@type\":\"Organization\",\"@id\":\"https:\/\/30th.ma\/#organization\",\"name\":\"3.0th Miel Pura, Polen y Prop\u00f3leo Online\",\"url\":\"https:\/\/30th.ma\/\",\"logo\":{\"@type\":\"ImageObject\",\"inLanguage\":\"fr-FR\",\"@id\":\"https:\/\/30th.ma\/#\/schema\/logo\/image\/\",\"url\":\"https:\/\/30th.ma\/wp-content\/uploads\/2025\/12\/cropped-82d0a305-434e-415f-9d9c-3867d4362c2b.png\",\"contentUrl\":\"https:\/\/30th.ma\/wp-content\/uploads\/2025\/12\/cropped-82d0a305-434e-415f-9d9c-3867d4362c2b.png\",\"width\":457,\"height\":296,\"caption\":\"3.0th Miel Pura, Polen y Prop\u00f3leo Online\"},\"image\":{\"@id\":\"https:\/\/30th.ma\/#\/schema\/logo\/image\/\"},\"sameAs\":[\"https:\/\/www.facebook.com\/spanish.morocco.food\"]}]}<\/script>\n<!-- \/ Yoast SEO plugin. -->","yoast_head_json":{"title":"Miel multifloral bio et halal - Origine Espagne 3.0th - 3.0th Miel pur, pollen et propolis en ligne","description":"Savourez le meilleur miel multiflores 100% naturel. Cultiv\u00e9 \u00e0 la maison avec un go\u00fbt \u00e9quilibr\u00e9 et une texture parfaite - achetez-le en ligne et faites-le livrer chez vous !","robots":{"index":"index","follow":"follow","max-snippet":"max-snippet:-1","max-image-preview":"max-image-preview:large","max-video-preview":"max-video-preview:-1"},"canonical":"https:\/\/30th.ma\/fr\/produit-2\/30-ma-miel-multifloral-pur\/","og_locale":"fr_FR","og_type":"article","og_title":"Miel Multifloral Biol\u00f3gica y Halal - Origen Espa\u00f1a 3.0th - 3.0th Miel Pura, Polen y Prop\u00f3leo Online","og_description":"Disfruta de la mejor miel multifloral pura 100% natural. Cosecha propia con sabor equilibrado y textura perfecta. \u00a1Compra online y rec\u00edbela en casa!","og_url":"https:\/\/30th.ma\/fr\/produit-2\/30-ma-miel-multifloral-pur\/","og_site_name":"3.0th Miel Pura, Polen y Prop\u00f3leo Online","article_publisher":"https:\/\/www.facebook.com\/spanish.morocco.food","article_modified_time":"2026-01-12T18:06:58+00:00","og_image":[{"width":2048,"height":2560,"url":"https:\/\/30th.ma\/wp-content\/uploads\/2025\/12\/Miel-multifloral-tienda-Marruecos-scaled.jpg","type":"image\/jpeg"}],"twitter_card":"summary_large_image","twitter_misc":{"Dur\u00e9e de lecture estim\u00e9e":"2 minutes"},"schema":{"@context":"https:\/\/schema.org","@graph":[{"@type":"WebPage","@id":"https:\/\/30th.ma\/product\/30th-ma-miel-multifloral-pura\/","url":"https:\/\/30th.ma\/product\/30th-ma-miel-multifloral-pura\/","name":"Miel multifloral bio et halal - Origine Espagne 3.0th - 3.0th Miel pur, pollen et propolis en ligne","isPartOf":{"@id":"https:\/\/30th.ma\/#website"},"primaryImageOfPage":{"@id":"https:\/\/30th.ma\/product\/30th-ma-miel-multifloral-pura\/#primaryimage"},"image":{"@id":"https:\/\/30th.ma\/product\/30th-ma-miel-multifloral-pura\/#primaryimage"},"thumbnailUrl":"https:\/\/30th.ma\/wp-content\/uploads\/2025\/12\/Miel-multifloral-tienda-Marruecos-scaled.jpg","datePublished":"2025-12-10T16:19:07+00:00","dateModified":"2026-01-12T18:06:58+00:00","description":"Savourez le meilleur miel multiflores 100% naturel. Cultiv\u00e9 \u00e0 la maison avec un go\u00fbt \u00e9quilibr\u00e9 et une texture parfaite - achetez-le en ligne et faites-le livrer chez vous !","breadcrumb":{"@id":"https:\/\/30th.ma\/product\/30th-ma-miel-multifloral-pura\/#breadcrumb"},"inLanguage":"fr-FR","potentialAction":[{"@type":"ReadAction","target":["https:\/\/30th.ma\/product\/30th-ma-miel-multifloral-pura\/"]}]},{"@type":"ImageObject","inLanguage":"fr-FR","@id":"https:\/\/30th.ma\/product\/30th-ma-miel-multifloral-pura\/#primaryimage","url":"https:\/\/30th.ma\/wp-content\/uploads\/2025\/12\/Miel-multifloral-tienda-Marruecos-scaled.jpg","contentUrl":"https:\/\/30th.ma\/wp-content\/uploads\/2025\/12\/Miel-multifloral-tienda-Marruecos-scaled.jpg","width":2048,"height":2560,"caption":"Miel de mil flores cosechada de forma sostenible."},{"@type":"BreadcrumbList","@id":"https:\/\/30th.ma\/product\/30th-ma-miel-multifloral-pura\/#breadcrumb","itemListElement":[{"@type":"ListItem","position":1,"name":"Home","item":"https:\/\/30th.ma\/"},{"@type":"ListItem","position":2,"name":"Ver todo","item":"https:\/\/30th.ma\/ver-todo\/"},{"@type":"ListItem","position":3,"name":"Miel Multifloral Biol\u00f3gica y Halal &#8211; Origen Espa\u00f1a 3.0th"}]},{"@type":"WebSite","@id":"https:\/\/30th.ma\/#website","url":"https:\/\/30th.ma\/","name":"3.0th Miel pur, pollen et propolis en ligne","description":"Miel naturel et artisanal, pollen et propolis 100%. D\u00e9couvrez les bienfaits des tr\u00e9sors de la ruche pour votre sant\u00e9 et votre vitalit\u00e9.","publisher":{"@id":"https:\/\/30th.ma\/#organization"},"potentialAction":[{"@type":"SearchAction","target":{"@type":"EntryPoint","urlTemplate":"https:\/\/30th.ma\/?s={search_term_string}"},"query-input":{"@type":"PropertyValueSpecification","valueRequired":true,"valueName":"search_term_string"}}],"inLanguage":"fr-FR"},{"@type":"Organization","@id":"https:\/\/30th.ma\/#organization","name":"3.0th Miel pur, pollen et propolis en ligne","url":"https:\/\/30th.ma\/","logo":{"@type":"ImageObject","inLanguage":"fr-FR","@id":"https:\/\/30th.ma\/#\/schema\/logo\/image\/","url":"https:\/\/30th.ma\/wp-content\/uploads\/2025\/12\/cropped-82d0a305-434e-415f-9d9c-3867d4362c2b.png","contentUrl":"https:\/\/30th.ma\/wp-content\/uploads\/2025\/12\/cropped-82d0a305-434e-415f-9d9c-3867d4362c2b.png","width":457,"height":296,"caption":"3.0th Miel Pura, Polen y Prop\u00f3leo Online"},"image":{"@id":"https:\/\/30th.ma\/#\/schema\/logo\/image\/"},"sameAs":["https:\/\/www.facebook.com\/spanish.morocco.food"]}]}},"_links":{"self":[{"href":"https:\/\/30th.ma\/fr\/wp-json\/wp\/v2\/product\/136","targetHints":{"allow":["GET"]}}],"collection":[{"href":"https:\/\/30th.ma\/fr\/wp-json\/wp\/v2\/product"}],"about":[{"href":"https:\/\/30th.ma\/fr\/wp-json\/wp\/v2\/types\/product"}],"replies":[{"embeddable":true,"href":"https:\/\/30th.ma\/fr\/wp-json\/wp\/v2\/comments?post=136"}],"wp:featuredmedia":[{"embeddable":true,"href":"https:\/\/30th.ma\/fr\/wp-json\/wp\/v2\/media\/271"}],"wp:attachment":[{"href":"https:\/\/30th.ma\/fr\/wp-json\/wp\/v2\/media?parent=136"}],"wp:term":[{"taxonomy":"product_brand","embeddable":true,"href":"https:\/\/30th.ma\/fr\/wp-json\/wp\/v2\/product_brand?post=136"},{"taxonomy":"product_cat","embeddable":true,"href":"https:\/\/30th.ma\/fr\/wp-json\/wp\/v2\/product_cat?post=136"},{"taxonomy":"product_tag","embeddable":true,"href":"https:\/\/30th.ma\/fr\/wp-json\/wp\/v2\/product_tag?post=136"}],"curies":[{"name":"wp","href":"https:\/\/api.w.org\/{rel}","templated":true}]}}