{"id":138,"date":"2025-12-10T16:19:08","date_gmt":"2025-12-10T16:19:08","guid":{"rendered":"https:\/\/30th.ma\/product\/miel-de-brezo-cremosa\/"},"modified":"2026-01-12T18:05:15","modified_gmt":"2026-01-12T18:05:15","slug":"bio-et-halal-miel-de-lavande-origine-durable-espagne","status":"publish","type":"product","link":"https:\/\/30th.ma\/fr\/product\/miel-de-lavanda-ecologica-y-halal-origen-espana-sostenible\/","title":{"rendered":"Miel de Lavande Bio et Halal - 100% Origine Espagne 3.0th"},"content":{"rendered":"<p data-path-to-node=\"4,0\"><b data-path-to-node=\"4,0\" data-index-in-node=\"0\">Miel de lavande espagnol authentique (450 g)<\/b><\/p>\n<ul data-path-to-node=\"4,1\">\n<li>\n<p data-path-to-node=\"4,1,0,0\"><img decoding=\"async\" class=\"emoji\" role=\"img\" draggable=\"false\" src=\"https:\/\/s.w.org\/images\/core\/emoji\/17.0.2\/svg\/2705.svg\" alt=\"\u2705\" \/>\u00a0<b data-path-to-node=\"4,1,0,0\" data-index-in-node=\"2\">Certifi\u00e9 halal :<\/b>\u00a0Garantie totale de puret\u00e9 et de l\u00e9galit\u00e9.<\/p>\n<\/li>\n<li>\n<p data-path-to-node=\"4,1,1,0\"><img decoding=\"async\" class=\"emoji\" role=\"img\" draggable=\"false\" src=\"https:\/\/s.w.org\/images\/core\/emoji\/17.0.2\/svg\/1f1ea-1f1f8.svg\" alt=\"\ud83c\uddea\ud83c\uddf8\" \/>\u00a0<b data-path-to-node=\"4,1,1,0\" data-index-in-node=\"5\">Origine Espagne :<\/b>\u00a0Qualit\u00e9 europ\u00e9enne sup\u00e9rieure.<\/p>\n<\/li>\n<li>\n<p data-path-to-node=\"4,1,2,0\"><img decoding=\"async\" class=\"emoji\" role=\"img\" draggable=\"false\" src=\"https:\/\/s.w.org\/images\/core\/emoji\/17.0.2\/svg\/1f33f.svg\" alt=\"\ud83c\udf3f\" \/>\u00a0<b data-path-to-node=\"4,1,2,0\" data-index-in-node=\"3\">100% Durable :<\/b>\u00a0Produit sous des contr\u00f4les environnementaux stricts.<\/p>\n<\/li>\n<li>\n<p data-path-to-node=\"4,1,3,0\"><img decoding=\"async\" class=\"emoji\" role=\"img\" draggable=\"false\" src=\"https:\/\/s.w.org\/images\/core\/emoji\/17.0.2\/svg\/1f36f.svg\" alt=\"\ud83c\udf6f\" \/>\u00a0<b data-path-to-node=\"4,1,3,0\" data-index-in-node=\"3\">Saveur intense :<\/b>\u00a0Miel fonc\u00e9, dense et riche en min\u00e9raux.<\/p>\n<\/li>\n<\/ul>\n<p data-path-to-node=\"14\">Gr\u00e2ce \u00e0 ses propri\u00e9t\u00e9s sp\u00e9cifiques, le miel de lavande est la reine du bien-\u00eatre :<\/p>\n<ul data-path-to-node=\"15\">\n<li>\n<p data-path-to-node=\"15,0,0\"><b data-path-to-node=\"15,0,0\" data-index-in-node=\"0\">\ud83c\udf6f Le \u00abcoin des r\u00eaves\u00bb :<\/b> Il est r\u00e9put\u00e9 pour ses propri\u00e9t\u00e9s s\u00e9datives naturelles. Prendre une cuill\u00e8re \u00e0 caf\u00e9 dans une infusion de tilleul ou du lait chaud une demi-heure avant de s'endormir pour favoriser un repos profond.<\/p>\n<\/li>\n<li>\n<p data-path-to-node=\"15,1,0\"><b data-path-to-node=\"15,1,0\" data-index-in-node=\"0\">\ud83c\udf73 Paires d\u00e9licates :<\/b> Sa saveur florale se marie parfaitement avec les desserts lact\u00e9s, le fromage blanc, les yaourts naturels et les fruits frais tels que les p\u00eaches et les abricots.<\/p>\n<\/li>\n<li>\n<p data-path-to-node=\"15,2,0\"><b data-path-to-node=\"15,2,0\" data-index-in-node=\"0\">\ud83e\ude79 Utilisation topique naturelle :<\/b> Gr\u00e2ce \u00e0 sa teneur \u00e9lev\u00e9e en compos\u00e9s ph\u00e9noliques, il est excellent pour l'application sur les br\u00fblures mineures ou les irritations cutan\u00e9es (\u00e0 condition qu'il s'agisse d'un miel brut comme le n\u00f4tre).<\/p>\n<\/li>\n<\/ul>\n<p data-path-to-node=\"17\">Conservation<\/p>\n<ul data-path-to-node=\"18\">\n<li>\n<p data-path-to-node=\"18,0,0\"><b data-path-to-node=\"18,0,0\" data-index-in-node=\"0\">Texture :<\/b> Le miel de lavande a tendance \u00e0 cristalliser avec une granulation tr\u00e8s fine et agr\u00e9able. Si vous pr\u00e9f\u00e9rez une texture plus liquide, n'oubliez pas d'utiliser la dose de miel de lavande. <b data-path-to-node=\"18,0,0\" data-index-in-node=\"146\">bain-marie doux (max. 40\u00b0C)<\/b> pour prot\u00e9ger son ar\u00f4me floral d\u00e9licat, plus sensible \u00e0 la chaleur que celui du miel de for\u00eat.<\/p>\n<\/li>\n<li>\n<p data-path-to-node=\"18,1,0\"><b data-path-to-node=\"18,1,0\" data-index-in-node=\"0\">Stockage :<\/b> Conserver au frais. Comme il s'agit d'un miel clair, il est particuli\u00e8rement important de le conserver au frais. <b data-path-to-node=\"18,1,0\" data-index-in-node=\"99\">\u00e0 l'abri de la lumi\u00e8re<\/b> pour \u00e9viter le noircissement et la perte de fra\u00eecheur.<\/p>\n<\/li>\n<\/ul>\n<blockquote>\n<p style=\"text-align: center;\">\u00abVous pouvez maintenant ajouter au panier.\u00bb<\/p>\n<\/blockquote>","protected":false},"excerpt":{"rendered":"<p>Miel de lavande biologique certifi\u00e9 halal.<\/p>","protected":false},"featured_media":263,"comment_status":"open","ping_status":"closed","template":"","meta":{"_joinchat":[]},"product_brand":[],"product_cat":[17],"product_tag":[22],"class_list":{"0":"post-138","1":"product","2":"type-product","3":"status-publish","4":"has-post-thumbnail","6":"product_cat-miel-biologique-halal-espagne-maroc","7":"product_tag-premium","9":"first","10":"instock","11":"taxable","12":"shipping-taxable","13":"purchasable","14":"product-type-simple"},"yoast_head":"<!-- This site is optimized with the Yoast SEO plugin v27.1.1 - https:\/\/yoast.com\/product\/yoast-seo-wordpress\/ -->\n<title>Miel de Lavanda Ecol\u00f3gica y Halal - 100% Origen Espa\u00f1a 3.0th - 3.0th Miel Pura, Polen y Prop\u00f3leo Online<\/title>\n<meta name=\"description\" content=\"Compra la mejor Miel de Lavanda ecol\u00f3gica de Espa\u00f1a. Certificaci\u00f3n Halal y producci\u00f3n sostenible. Ideal para relajarse y endulzar tus momentos gourmet. 100% Pura.\" \/>\n<meta name=\"robots\" content=\"index, follow, max-snippet:-1, max-image-preview:large, max-video-preview:-1\" \/>\n<link rel=\"canonical\" href=\"https:\/\/30th.ma\/fr\/produit-2\/bio-et-halal-miel-de-lavande-origine-durable-espagne\/\" \/>\n<meta property=\"og:locale\" content=\"fr_FR\" \/>\n<meta property=\"og:type\" content=\"article\" \/>\n<meta property=\"og:title\" content=\"Miel de Lavanda Ecol\u00f3gica y Halal - 100% Origen Espa\u00f1a 3.0th - 3.0th Miel Pura, Polen y Prop\u00f3leo Online\" \/>\n<meta property=\"og:description\" content=\"Compra la mejor Miel de Lavanda ecol\u00f3gica de Espa\u00f1a. Certificaci\u00f3n Halal y producci\u00f3n sostenible. Ideal para relajarse y endulzar tus momentos gourmet. 100% Pura.\" \/>\n<meta property=\"og:url\" content=\"https:\/\/30th.ma\/fr\/produit-2\/bio-et-halal-miel-de-lavande-origine-durable-espagne\/\" \/>\n<meta property=\"og:site_name\" content=\"3.0th Miel Pura, Polen y Prop\u00f3leo Online\" \/>\n<meta property=\"article:publisher\" content=\"https:\/\/www.facebook.com\/spanish.morocco.food\" \/>\n<meta property=\"article:modified_time\" content=\"2026-01-12T18:05:15+00:00\" \/>\n<meta property=\"og:image\" content=\"https:\/\/30th.ma\/wp-content\/uploads\/2025\/12\/7a4fc12e-de13-4004-9ae6-b47b61ce76de-1-scaled.jpg\" \/>\n\t<meta property=\"og:image:width\" content=\"2048\" \/>\n\t<meta property=\"og:image:height\" content=\"2560\" \/>\n\t<meta property=\"og:image:type\" content=\"image\/jpeg\" \/>\n<meta name=\"twitter:card\" content=\"summary_large_image\" \/>\n<meta name=\"twitter:label1\" content=\"Dur\u00e9e de lecture estim\u00e9e\" \/>\n\t<meta name=\"twitter:data1\" content=\"2 minutes\" \/>\n<script type=\"application\/ld+json\" class=\"yoast-schema-graph\">{\"@context\":\"https:\/\/schema.org\",\"@graph\":[{\"@type\":\"WebPage\",\"@id\":\"https:\/\/30th.ma\/product\/miel-de-lavanda-ecologica-y-halal-origen-espana-sostenible\/\",\"url\":\"https:\/\/30th.ma\/product\/miel-de-lavanda-ecologica-y-halal-origen-espana-sostenible\/\",\"name\":\"Miel de Lavanda Ecol\u00f3gica y Halal - 100% Origen Espa\u00f1a 3.0th - 3.0th Miel Pura, Polen y Prop\u00f3leo Online\",\"isPartOf\":{\"@id\":\"https:\/\/30th.ma\/#website\"},\"primaryImageOfPage\":{\"@id\":\"https:\/\/30th.ma\/product\/miel-de-lavanda-ecologica-y-halal-origen-espana-sostenible\/#primaryimage\"},\"image\":{\"@id\":\"https:\/\/30th.ma\/product\/miel-de-lavanda-ecologica-y-halal-origen-espana-sostenible\/#primaryimage\"},\"thumbnailUrl\":\"https:\/\/30th.ma\/wp-content\/uploads\/2025\/12\/7a4fc12e-de13-4004-9ae6-b47b61ce76de-1-scaled.jpg\",\"datePublished\":\"2025-12-10T16:19:08+00:00\",\"dateModified\":\"2026-01-12T18:05:15+00:00\",\"description\":\"Compra la mejor Miel de Lavanda ecol\u00f3gica de Espa\u00f1a. Certificaci\u00f3n Halal y producci\u00f3n sostenible. Ideal para relajarse y endulzar tus momentos gourmet. 100% Pura.\",\"breadcrumb\":{\"@id\":\"https:\/\/30th.ma\/product\/miel-de-lavanda-ecologica-y-halal-origen-espana-sostenible\/#breadcrumb\"},\"inLanguage\":\"fr-FR\",\"potentialAction\":[{\"@type\":\"ReadAction\",\"target\":[\"https:\/\/30th.ma\/product\/miel-de-lavanda-ecologica-y-halal-origen-espana-sostenible\/\"]}]},{\"@type\":\"ImageObject\",\"inLanguage\":\"fr-FR\",\"@id\":\"https:\/\/30th.ma\/product\/miel-de-lavanda-ecologica-y-halal-origen-espana-sostenible\/#primaryimage\",\"url\":\"https:\/\/30th.ma\/wp-content\/uploads\/2025\/12\/7a4fc12e-de13-4004-9ae6-b47b61ce76de-1-scaled.jpg\",\"contentUrl\":\"https:\/\/30th.ma\/wp-content\/uploads\/2025\/12\/7a4fc12e-de13-4004-9ae6-b47b61ce76de-1-scaled.jpg\",\"width\":2048,\"height\":2560,\"caption\":\"Tarro de miel de lavanda ecol\u00f3gica con certificaci\u00f3n Halal, etiqueta de papel reciclado y color \u00e1mbar claro\"},{\"@type\":\"BreadcrumbList\",\"@id\":\"https:\/\/30th.ma\/product\/miel-de-lavanda-ecologica-y-halal-origen-espana-sostenible\/#breadcrumb\",\"itemListElement\":[{\"@type\":\"ListItem\",\"position\":1,\"name\":\"Home\",\"item\":\"https:\/\/30th.ma\/\"},{\"@type\":\"ListItem\",\"position\":2,\"name\":\"Ver todo\",\"item\":\"https:\/\/30th.ma\/ver-todo\/\"},{\"@type\":\"ListItem\",\"position\":3,\"name\":\"Miel de Lavanda Ecol\u00f3gica y Halal &#8211; 100% Origen Espa\u00f1a 3.0th\"}]},{\"@type\":\"WebSite\",\"@id\":\"https:\/\/30th.ma\/#website\",\"url\":\"https:\/\/30th.ma\/\",\"name\":\"3.0th Miel Pura, Polen y Prop\u00f3leo Online\",\"description\":\"Miel, polen y prop\u00f3leo 100% naturales y artesanos. Descubre los beneficios de los tesoros de la colmena para tu salud y vitalidad\",\"publisher\":{\"@id\":\"https:\/\/30th.ma\/#organization\"},\"potentialAction\":[{\"@type\":\"SearchAction\",\"target\":{\"@type\":\"EntryPoint\",\"urlTemplate\":\"https:\/\/30th.ma\/?s={search_term_string}\"},\"query-input\":{\"@type\":\"PropertyValueSpecification\",\"valueRequired\":true,\"valueName\":\"search_term_string\"}}],\"inLanguage\":\"fr-FR\"},{\"@type\":\"Organization\",\"@id\":\"https:\/\/30th.ma\/#organization\",\"name\":\"3.0th Miel Pura, Polen y Prop\u00f3leo Online\",\"url\":\"https:\/\/30th.ma\/\",\"logo\":{\"@type\":\"ImageObject\",\"inLanguage\":\"fr-FR\",\"@id\":\"https:\/\/30th.ma\/#\/schema\/logo\/image\/\",\"url\":\"https:\/\/30th.ma\/wp-content\/uploads\/2025\/12\/cropped-82d0a305-434e-415f-9d9c-3867d4362c2b.png\",\"contentUrl\":\"https:\/\/30th.ma\/wp-content\/uploads\/2025\/12\/cropped-82d0a305-434e-415f-9d9c-3867d4362c2b.png\",\"width\":457,\"height\":296,\"caption\":\"3.0th Miel Pura, Polen y Prop\u00f3leo Online\"},\"image\":{\"@id\":\"https:\/\/30th.ma\/#\/schema\/logo\/image\/\"},\"sameAs\":[\"https:\/\/www.facebook.com\/spanish.morocco.food\"]}]}<\/script>\n<!-- \/ Yoast SEO plugin. -->","yoast_head_json":{"title":"Miel de Lavande Bio et Halal - 100% Origine Espagne 3.0th - 3.0th Miel pur, pollen et propolis en ligne","description":"Acheter le meilleur miel de lavande biologique en Espagne. Certification Halal et production durable. Id\u00e9al pour se d\u00e9tendre et adoucir vos moments gourmands. 100% Pur.","robots":{"index":"index","follow":"follow","max-snippet":"max-snippet:-1","max-image-preview":"max-image-preview:large","max-video-preview":"max-video-preview:-1"},"canonical":"https:\/\/30th.ma\/fr\/produit-2\/bio-et-halal-miel-de-lavande-origine-durable-espagne\/","og_locale":"fr_FR","og_type":"article","og_title":"Miel de Lavanda Ecol\u00f3gica y Halal - 100% Origen Espa\u00f1a 3.0th - 3.0th Miel Pura, Polen y Prop\u00f3leo Online","og_description":"Compra la mejor Miel de Lavanda ecol\u00f3gica de Espa\u00f1a. Certificaci\u00f3n Halal y producci\u00f3n sostenible. Ideal para relajarse y endulzar tus momentos gourmet. 100% Pura.","og_url":"https:\/\/30th.ma\/fr\/produit-2\/bio-et-halal-miel-de-lavande-origine-durable-espagne\/","og_site_name":"3.0th Miel Pura, Polen y Prop\u00f3leo Online","article_publisher":"https:\/\/www.facebook.com\/spanish.morocco.food","article_modified_time":"2026-01-12T18:05:15+00:00","og_image":[{"width":2048,"height":2560,"url":"https:\/\/30th.ma\/wp-content\/uploads\/2025\/12\/7a4fc12e-de13-4004-9ae6-b47b61ce76de-1-scaled.jpg","type":"image\/jpeg"}],"twitter_card":"summary_large_image","twitter_misc":{"Dur\u00e9e de lecture estim\u00e9e":"2 minutes"},"schema":{"@context":"https:\/\/schema.org","@graph":[{"@type":"WebPage","@id":"https:\/\/30th.ma\/product\/miel-de-lavanda-ecologica-y-halal-origen-espana-sostenible\/","url":"https:\/\/30th.ma\/product\/miel-de-lavanda-ecologica-y-halal-origen-espana-sostenible\/","name":"Miel de Lavande Bio et Halal - 100% Origine Espagne 3.0th - 3.0th Miel pur, pollen et propolis en ligne","isPartOf":{"@id":"https:\/\/30th.ma\/#website"},"primaryImageOfPage":{"@id":"https:\/\/30th.ma\/product\/miel-de-lavanda-ecologica-y-halal-origen-espana-sostenible\/#primaryimage"},"image":{"@id":"https:\/\/30th.ma\/product\/miel-de-lavanda-ecologica-y-halal-origen-espana-sostenible\/#primaryimage"},"thumbnailUrl":"https:\/\/30th.ma\/wp-content\/uploads\/2025\/12\/7a4fc12e-de13-4004-9ae6-b47b61ce76de-1-scaled.jpg","datePublished":"2025-12-10T16:19:08+00:00","dateModified":"2026-01-12T18:05:15+00:00","description":"Acheter le meilleur miel de lavande biologique en Espagne. Certification Halal et production durable. Id\u00e9al pour se d\u00e9tendre et adoucir vos moments gourmands. 100% Pur.","breadcrumb":{"@id":"https:\/\/30th.ma\/product\/miel-de-lavanda-ecologica-y-halal-origen-espana-sostenible\/#breadcrumb"},"inLanguage":"fr-FR","potentialAction":[{"@type":"ReadAction","target":["https:\/\/30th.ma\/product\/miel-de-lavanda-ecologica-y-halal-origen-espana-sostenible\/"]}]},{"@type":"ImageObject","inLanguage":"fr-FR","@id":"https:\/\/30th.ma\/product\/miel-de-lavanda-ecologica-y-halal-origen-espana-sostenible\/#primaryimage","url":"https:\/\/30th.ma\/wp-content\/uploads\/2025\/12\/7a4fc12e-de13-4004-9ae6-b47b61ce76de-1-scaled.jpg","contentUrl":"https:\/\/30th.ma\/wp-content\/uploads\/2025\/12\/7a4fc12e-de13-4004-9ae6-b47b61ce76de-1-scaled.jpg","width":2048,"height":2560,"caption":"Tarro de miel de lavanda ecol\u00f3gica con certificaci\u00f3n Halal, etiqueta de papel reciclado y color \u00e1mbar claro"},{"@type":"BreadcrumbList","@id":"https:\/\/30th.ma\/product\/miel-de-lavanda-ecologica-y-halal-origen-espana-sostenible\/#breadcrumb","itemListElement":[{"@type":"ListItem","position":1,"name":"Home","item":"https:\/\/30th.ma\/"},{"@type":"ListItem","position":2,"name":"Ver todo","item":"https:\/\/30th.ma\/ver-todo\/"},{"@type":"ListItem","position":3,"name":"Miel de Lavanda Ecol\u00f3gica y Halal &#8211; 100% Origen Espa\u00f1a 3.0th"}]},{"@type":"WebSite","@id":"https:\/\/30th.ma\/#website","url":"https:\/\/30th.ma\/","name":"3.0th Miel pur, pollen et propolis en ligne","description":"Miel naturel et artisanal, pollen et propolis 100%. D\u00e9couvrez les bienfaits des tr\u00e9sors de la ruche pour votre sant\u00e9 et votre vitalit\u00e9.","publisher":{"@id":"https:\/\/30th.ma\/#organization"},"potentialAction":[{"@type":"SearchAction","target":{"@type":"EntryPoint","urlTemplate":"https:\/\/30th.ma\/?s={search_term_string}"},"query-input":{"@type":"PropertyValueSpecification","valueRequired":true,"valueName":"search_term_string"}}],"inLanguage":"fr-FR"},{"@type":"Organization","@id":"https:\/\/30th.ma\/#organization","name":"3.0th Miel pur, pollen et propolis en ligne","url":"https:\/\/30th.ma\/","logo":{"@type":"ImageObject","inLanguage":"fr-FR","@id":"https:\/\/30th.ma\/#\/schema\/logo\/image\/","url":"https:\/\/30th.ma\/wp-content\/uploads\/2025\/12\/cropped-82d0a305-434e-415f-9d9c-3867d4362c2b.png","contentUrl":"https:\/\/30th.ma\/wp-content\/uploads\/2025\/12\/cropped-82d0a305-434e-415f-9d9c-3867d4362c2b.png","width":457,"height":296,"caption":"3.0th Miel Pura, Polen y Prop\u00f3leo Online"},"image":{"@id":"https:\/\/30th.ma\/#\/schema\/logo\/image\/"},"sameAs":["https:\/\/www.facebook.com\/spanish.morocco.food"]}]}},"_links":{"self":[{"href":"https:\/\/30th.ma\/fr\/wp-json\/wp\/v2\/product\/138","targetHints":{"allow":["GET"]}}],"collection":[{"href":"https:\/\/30th.ma\/fr\/wp-json\/wp\/v2\/product"}],"about":[{"href":"https:\/\/30th.ma\/fr\/wp-json\/wp\/v2\/types\/product"}],"replies":[{"embeddable":true,"href":"https:\/\/30th.ma\/fr\/wp-json\/wp\/v2\/comments?post=138"}],"wp:featuredmedia":[{"embeddable":true,"href":"https:\/\/30th.ma\/fr\/wp-json\/wp\/v2\/media\/263"}],"wp:attachment":[{"href":"https:\/\/30th.ma\/fr\/wp-json\/wp\/v2\/media?parent=138"}],"wp:term":[{"taxonomy":"product_brand","embeddable":true,"href":"https:\/\/30th.ma\/fr\/wp-json\/wp\/v2\/product_brand?post=138"},{"taxonomy":"product_cat","embeddable":true,"href":"https:\/\/30th.ma\/fr\/wp-json\/wp\/v2\/product_cat?post=138"},{"taxonomy":"product_tag","embeddable":true,"href":"https:\/\/30th.ma\/fr\/wp-json\/wp\/v2\/product_tag?post=138"}],"curies":[{"name":"wp","href":"https:\/\/api.w.org\/{rel}","templated":true}]}}