{"id":143,"date":"2025-12-10T16:19:09","date_gmt":"2025-12-10T16:19:09","guid":{"rendered":"https:\/\/30th.ma\/product\/polen-de-abeja-premium-en-polvo\/"},"modified":"2026-03-10T18:29:20","modified_gmt":"2026-03-10T18:29:20","slug":"pollen-dabeille-de-premiere-qualite","status":"publish","type":"product","link":"https:\/\/30th.ma\/fr\/product\/polen-de-abeja-premium\/","title":{"rendered":"Pollen d'abeille de premi\u00e8re qualit\u00e9"},"content":{"rendered":"<p>Notre pollen bio multi-fleurs est un concentr\u00e9 de vie r\u00e9colt\u00e9 par les abeilles dans des environnements non pollu\u00e9s. \u00catre <b data-path-to-node=\"8\" data-index-in-node=\"130\">multifloral<\/b>, combine les propri\u00e9t\u00e9s de diff\u00e9rentes plantes, offrant un profil nutritionnel plus complet et un go\u00fbt sucr\u00e9 avec des notes de c\u00e9r\u00e9ales grill\u00e9es.<\/p>\n<p>Fid\u00e8les \u00e0 notre engagement en faveur de la plan\u00e8te, nous pr\u00e9sentons ce superaliment en <b data-path-to-node=\"9\" data-index-in-node=\"78\">enveloppes en papier recycl\u00e9 et compostable<\/b>. Un format l\u00e9ger, durable et sans plastique qui prot\u00e8ge la fra\u00eecheur du pollen tout en respectant l'environnement. Produit avec <b data-path-to-node=\"9\" data-index-in-node=\"252\">Certification halal<\/b>, garantissant la puret\u00e9 et l'\u00e9thique de chaque grain.<\/p>\n<h4 data-path-to-node=\"11\">Utilisations culinaires et recommandations de consommation<\/h4>\n<p data-path-to-node=\"12\">Le pollen est un ingr\u00e9dient polyvalent qui ajoute de la texture et des couleurs vives \u00e0 vos plats :<\/p>\n<ul data-path-to-node=\"13\">\n<li>\n<p data-path-to-node=\"13,0,0\"><b data-path-to-node=\"13,0,0\" data-index-in-node=\"0\">Bols pour le petit-d\u00e9jeuner :<\/b> Saupoudrer une cuill\u00e8re \u00e0 caf\u00e9 sur le yaourt, le k\u00e9fir, <i data-path-to-node=\"13,0,0\" data-index-in-node=\"63\">bols de smoothie<\/i> ou des flocons d'avoine. Le contraste croquant est d\u00e9licieux.<\/p>\n<\/li>\n<li>\n<p data-path-to-node=\"13,1,0\"><b data-path-to-node=\"13,1,0\" data-index-in-node=\"0\">Salades vitales :<\/b> Utilisez-le comme garniture sur des salades avec des pommes, des noix et une vinaigrette \u00e0 base de notre miel de lavande.<\/p>\n<\/li>\n<li>\n<p data-path-to-node=\"13,2,0\"><b data-path-to-node=\"13,2,0\" data-index-in-node=\"0\">Shakes de l'\u00e9nergie :<\/b> Ecrasez-le avec vos fruits pr\u00e9f\u00e9r\u00e9s pour une assimilation plus rapide des vitamines.<\/p>\n<\/li>\n<li>\n<p data-path-to-node=\"13,3,0\"><b data-path-to-node=\"13,3,0\" data-index-in-node=\"0\">Finition des produits de boulangerie :<\/b> D\u00e9corez les g\u00e2teaux au fromage ou les mousses au chocolat pour ajouter de la couleur et de la nutrition.<\/p>\n<\/li>\n<\/ul>\n<blockquote data-path-to-node=\"14\">\n<p data-path-to-node=\"14,0\"><b data-path-to-node=\"14,0\" data-index-in-node=\"0\">Conseils aux consommateurs :<\/b> Pour une meilleure absorption de ses nutriments, il est recommand\u00e9 d'hydrater le pollen quelques minutes auparavant dans de l'eau, du jus ou du yaourt, ou de le m\u00e2cher soigneusement.<\/p>\n<\/blockquote>\n<h4 data-path-to-node=\"16\">Stockage durable<\/h4>\n<p data-path-to-node=\"17\">Comme ils sont pr\u00e9sent\u00e9s dans des enveloppes en papier, il est important de suivre ces lignes directrices :<\/p>\n<ul data-path-to-node=\"18\">\n<li>\n<p data-path-to-node=\"18,0,0\"><b data-path-to-node=\"18,0,0\" data-index-in-node=\"0\">Humidit\u00e9 :<\/b> Une fois l'enveloppe ouverte, veillez \u00e0 la fermer herm\u00e9tiquement \u00e0 l'aide d'une pince ou \u00e0 en transf\u00e9rer le contenu dans un bocal en verre \u00e9tanche \u00e0 l'air si l'environnement est tr\u00e8s humide.<\/p>\n<\/li>\n<li>\n<p data-path-to-node=\"18,1,0\"><b data-path-to-node=\"18,1,0\" data-index-in-node=\"0\">Fra\u00eecheur :<\/b> Conserver dans un endroit frais, sec et sombre. Le pollen est sensible \u00e0 la lumi\u00e8re directe du soleil.<\/p>\n<\/li>\n<li><strong>Format<\/strong>: sachet de 200 g.<\/li>\n<\/ul>\n<p style=\"text-align: center;\"><strong><em>Ajoutez-le \u00e0 votre panier avant qu'il ne soit \u00e9puis\u00e9 !<\/em><\/strong><\/p>","protected":false},"excerpt":{"rendered":"<p data-path-to-node=\"8\">Notre pollen bio multi-fleurs est un concentr\u00e9 de vie r\u00e9colt\u00e9 par les abeilles dans des environnements non pollu\u00e9s. \u00catre <b data-path-to-node=\"8\" data-index-in-node=\"130\">multifloral<\/b>, combine les propri\u00e9t\u00e9s de diff\u00e9rentes plantes, offrant un profil nutritionnel plus complet et un go\u00fbt sucr\u00e9 avec des notes de c\u00e9r\u00e9ales grill\u00e9es.<\/p>\n<p data-path-to-node=\"9\">Fid\u00e8les \u00e0 notre engagement en faveur de la plan\u00e8te, nous pr\u00e9sentons ce superaliment en <b data-path-to-node=\"9\" data-index-in-node=\"78\">enveloppes en papier recycl\u00e9 et compostable<\/b>. Un format l\u00e9ger, durable et sans plastique qui prot\u00e8ge la fra\u00eecheur du pollen tout en respectant l'environnement. Produit avec <b data-path-to-node=\"9\" data-index-in-node=\"252\">Certification halal<\/b>, garantissant la puret\u00e9 et l'\u00e9thique de chaque grain.<\/p>","protected":false},"featured_media":388,"comment_status":"open","ping_status":"closed","template":"","meta":{"_joinchat":[]},"product_brand":[],"product_cat":[18],"product_tag":[42,41,38,40,22],"class_list":{"0":"post-143","1":"product","2":"type-product","3":"status-publish","4":"has-post-thumbnail","6":"product_cat-polen-natural","7":"product_tag-biologico","8":"product_tag-espana","9":"product_tag-gourmet","10":"product_tag-polen","11":"product_tag-premium","13":"first","14":"onbackorder","15":"taxable","16":"shipping-taxable","17":"purchasable","18":"product-type-simple"},"yoast_head":"<!-- This site is optimized with the Yoast SEO plugin v27.1.1 - https:\/\/yoast.com\/product\/yoast-seo-wordpress\/ -->\n<title>Polen de Abeja Premium - 3.0th Miel Pura, Polen y Prop\u00f3leo Online<\/title>\n<meta name=\"description\" content=\"Polen multifloral bio: el multivitam\u00ednico natural de las abejas. 100% puro, certificado Halal y en envase de papel compostable. \u00a1Potencia tu vitalidad hoy!\" \/>\n<meta name=\"robots\" content=\"index, follow, max-snippet:-1, max-image-preview:large, max-video-preview:-1\" \/>\n<link rel=\"canonical\" href=\"https:\/\/30th.ma\/fr\/produit-2\/pollen-dabeille-de-premiere-qualite\/\" \/>\n<meta property=\"og:locale\" content=\"fr_FR\" \/>\n<meta property=\"og:type\" content=\"article\" \/>\n<meta property=\"og:title\" content=\"Polen de Abeja Premium - 3.0th Miel Pura, Polen y Prop\u00f3leo Online\" \/>\n<meta property=\"og:description\" content=\"Polen multifloral bio: el multivitam\u00ednico natural de las abejas. 100% puro, certificado Halal y en envase de papel compostable. \u00a1Potencia tu vitalidad hoy!\" \/>\n<meta property=\"og:url\" content=\"https:\/\/30th.ma\/fr\/produit-2\/pollen-dabeille-de-premiere-qualite\/\" \/>\n<meta property=\"og:site_name\" content=\"3.0th Miel Pura, Polen y Prop\u00f3leo Online\" \/>\n<meta property=\"article:publisher\" content=\"https:\/\/www.facebook.com\/spanish.morocco.food\" \/>\n<meta property=\"article:modified_time\" content=\"2026-03-10T18:29:20+00:00\" \/>\n<meta property=\"og:image\" content=\"https:\/\/30th.ma\/wp-content\/uploads\/2025\/12\/Polen-de-abeja-premiun-1-1.jpg\" \/>\n\t<meta property=\"og:image:width\" content=\"500\" \/>\n\t<meta property=\"og:image:height\" content=\"670\" \/>\n\t<meta property=\"og:image:type\" content=\"image\/jpeg\" \/>\n<meta name=\"twitter:card\" content=\"summary_large_image\" \/>\n<meta name=\"twitter:label1\" content=\"Dur\u00e9e de lecture estim\u00e9e\" \/>\n\t<meta name=\"twitter:data1\" content=\"2 minutes\" \/>\n<script type=\"application\/ld+json\" class=\"yoast-schema-graph\">{\"@context\":\"https:\/\/schema.org\",\"@graph\":[{\"@type\":\"WebPage\",\"@id\":\"https:\/\/30th.ma\/product\/polen-de-abeja-premium\/\",\"url\":\"https:\/\/30th.ma\/product\/polen-de-abeja-premium\/\",\"name\":\"Polen de Abeja Premium - 3.0th Miel Pura, Polen y Prop\u00f3leo Online\",\"isPartOf\":{\"@id\":\"https:\/\/30th.ma\/#website\"},\"primaryImageOfPage\":{\"@id\":\"https:\/\/30th.ma\/product\/polen-de-abeja-premium\/#primaryimage\"},\"image\":{\"@id\":\"https:\/\/30th.ma\/product\/polen-de-abeja-premium\/#primaryimage\"},\"thumbnailUrl\":\"https:\/\/30th.ma\/wp-content\/uploads\/2025\/12\/Polen-de-abeja-premiun-1-1.webp\",\"datePublished\":\"2025-12-10T16:19:09+00:00\",\"dateModified\":\"2026-03-10T18:29:20+00:00\",\"description\":\"Polen multifloral bio: el multivitam\u00ednico natural de las abejas. 100% puro, certificado Halal y en envase de papel compostable. \u00a1Potencia tu vitalidad hoy!\",\"breadcrumb\":{\"@id\":\"https:\/\/30th.ma\/product\/polen-de-abeja-premium\/#breadcrumb\"},\"inLanguage\":\"fr-FR\",\"potentialAction\":[{\"@type\":\"ReadAction\",\"target\":[\"https:\/\/30th.ma\/product\/polen-de-abeja-premium\/\"]}]},{\"@type\":\"ImageObject\",\"inLanguage\":\"fr-FR\",\"@id\":\"https:\/\/30th.ma\/product\/polen-de-abeja-premium\/#primaryimage\",\"url\":\"https:\/\/30th.ma\/wp-content\/uploads\/2025\/12\/Polen-de-abeja-premiun-1-1.webp\",\"contentUrl\":\"https:\/\/30th.ma\/wp-content\/uploads\/2025\/12\/Polen-de-abeja-premiun-1-1.webp\",\"width\":500,\"height\":670},{\"@type\":\"BreadcrumbList\",\"@id\":\"https:\/\/30th.ma\/product\/polen-de-abeja-premium\/#breadcrumb\",\"itemListElement\":[{\"@type\":\"ListItem\",\"position\":1,\"name\":\"Home\",\"item\":\"https:\/\/30th.ma\/\"},{\"@type\":\"ListItem\",\"position\":2,\"name\":\"Ver todo\",\"item\":\"https:\/\/30th.ma\/ver-todo\/\"},{\"@type\":\"ListItem\",\"position\":3,\"name\":\"Polen de Abeja Premium\"}]},{\"@type\":\"WebSite\",\"@id\":\"https:\/\/30th.ma\/#website\",\"url\":\"https:\/\/30th.ma\/\",\"name\":\"3.0th Miel Pura, Polen y Prop\u00f3leo Online\",\"description\":\"Miel, polen y prop\u00f3leo 100% naturales y artesanos. Descubre los beneficios de los tesoros de la colmena para tu salud y vitalidad\",\"publisher\":{\"@id\":\"https:\/\/30th.ma\/#organization\"},\"potentialAction\":[{\"@type\":\"SearchAction\",\"target\":{\"@type\":\"EntryPoint\",\"urlTemplate\":\"https:\/\/30th.ma\/?s={search_term_string}\"},\"query-input\":{\"@type\":\"PropertyValueSpecification\",\"valueRequired\":true,\"valueName\":\"search_term_string\"}}],\"inLanguage\":\"fr-FR\"},{\"@type\":\"Organization\",\"@id\":\"https:\/\/30th.ma\/#organization\",\"name\":\"3.0th Miel Pura, Polen y Prop\u00f3leo Online\",\"url\":\"https:\/\/30th.ma\/\",\"logo\":{\"@type\":\"ImageObject\",\"inLanguage\":\"fr-FR\",\"@id\":\"https:\/\/30th.ma\/#\/schema\/logo\/image\/\",\"url\":\"https:\/\/30th.ma\/wp-content\/uploads\/2025\/12\/cropped-82d0a305-434e-415f-9d9c-3867d4362c2b.png\",\"contentUrl\":\"https:\/\/30th.ma\/wp-content\/uploads\/2025\/12\/cropped-82d0a305-434e-415f-9d9c-3867d4362c2b.png\",\"width\":457,\"height\":296,\"caption\":\"3.0th Miel Pura, Polen y Prop\u00f3leo Online\"},\"image\":{\"@id\":\"https:\/\/30th.ma\/#\/schema\/logo\/image\/\"},\"sameAs\":[\"https:\/\/www.facebook.com\/spanish.morocco.food\"]}]}<\/script>\n<!-- \/ Yoast SEO plugin. -->","yoast_head_json":{"title":"Premium Bee Pollen - 3.0th Pure Honey, Pollen and Propolis Online","description":"Pollen multifloral biologique : la multivitamine naturelle des abeilles. 100% pur, certifi\u00e9 Halal et dans un emballage en papier compostable, boostez votre vitalit\u00e9 d\u00e8s aujourd'hui !","robots":{"index":"index","follow":"follow","max-snippet":"max-snippet:-1","max-image-preview":"max-image-preview:large","max-video-preview":"max-video-preview:-1"},"canonical":"https:\/\/30th.ma\/fr\/produit-2\/pollen-dabeille-de-premiere-qualite\/","og_locale":"fr_FR","og_type":"article","og_title":"Polen de Abeja Premium - 3.0th Miel Pura, Polen y Prop\u00f3leo Online","og_description":"Polen multifloral bio: el multivitam\u00ednico natural de las abejas. 100% puro, certificado Halal y en envase de papel compostable. \u00a1Potencia tu vitalidad hoy!","og_url":"https:\/\/30th.ma\/fr\/produit-2\/pollen-dabeille-de-premiere-qualite\/","og_site_name":"3.0th Miel Pura, Polen y Prop\u00f3leo Online","article_publisher":"https:\/\/www.facebook.com\/spanish.morocco.food","article_modified_time":"2026-03-10T18:29:20+00:00","og_image":[{"width":500,"height":670,"url":"https:\/\/30th.ma\/wp-content\/uploads\/2025\/12\/Polen-de-abeja-premiun-1-1.jpg","type":"image\/jpeg"}],"twitter_card":"summary_large_image","twitter_misc":{"Dur\u00e9e de lecture estim\u00e9e":"2 minutes"},"schema":{"@context":"https:\/\/schema.org","@graph":[{"@type":"WebPage","@id":"https:\/\/30th.ma\/product\/polen-de-abeja-premium\/","url":"https:\/\/30th.ma\/product\/polen-de-abeja-premium\/","name":"Premium Bee Pollen - 3.0th Pure Honey, Pollen and Propolis Online","isPartOf":{"@id":"https:\/\/30th.ma\/#website"},"primaryImageOfPage":{"@id":"https:\/\/30th.ma\/product\/polen-de-abeja-premium\/#primaryimage"},"image":{"@id":"https:\/\/30th.ma\/product\/polen-de-abeja-premium\/#primaryimage"},"thumbnailUrl":"https:\/\/30th.ma\/wp-content\/uploads\/2025\/12\/Polen-de-abeja-premiun-1-1.webp","datePublished":"2025-12-10T16:19:09+00:00","dateModified":"2026-03-10T18:29:20+00:00","description":"Pollen multifloral biologique : la multivitamine naturelle des abeilles. 100% pur, certifi\u00e9 Halal et dans un emballage en papier compostable, boostez votre vitalit\u00e9 d\u00e8s aujourd'hui !","breadcrumb":{"@id":"https:\/\/30th.ma\/product\/polen-de-abeja-premium\/#breadcrumb"},"inLanguage":"fr-FR","potentialAction":[{"@type":"ReadAction","target":["https:\/\/30th.ma\/product\/polen-de-abeja-premium\/"]}]},{"@type":"ImageObject","inLanguage":"fr-FR","@id":"https:\/\/30th.ma\/product\/polen-de-abeja-premium\/#primaryimage","url":"https:\/\/30th.ma\/wp-content\/uploads\/2025\/12\/Polen-de-abeja-premiun-1-1.webp","contentUrl":"https:\/\/30th.ma\/wp-content\/uploads\/2025\/12\/Polen-de-abeja-premiun-1-1.webp","width":500,"height":670},{"@type":"BreadcrumbList","@id":"https:\/\/30th.ma\/product\/polen-de-abeja-premium\/#breadcrumb","itemListElement":[{"@type":"ListItem","position":1,"name":"Home","item":"https:\/\/30th.ma\/"},{"@type":"ListItem","position":2,"name":"Ver todo","item":"https:\/\/30th.ma\/ver-todo\/"},{"@type":"ListItem","position":3,"name":"Polen de Abeja Premium"}]},{"@type":"WebSite","@id":"https:\/\/30th.ma\/#website","url":"https:\/\/30th.ma\/","name":"3.0th Miel pur, pollen et propolis en ligne","description":"Miel naturel et artisanal, pollen et propolis 100%. D\u00e9couvrez les bienfaits des tr\u00e9sors de la ruche pour votre sant\u00e9 et votre vitalit\u00e9.","publisher":{"@id":"https:\/\/30th.ma\/#organization"},"potentialAction":[{"@type":"SearchAction","target":{"@type":"EntryPoint","urlTemplate":"https:\/\/30th.ma\/?s={search_term_string}"},"query-input":{"@type":"PropertyValueSpecification","valueRequired":true,"valueName":"search_term_string"}}],"inLanguage":"fr-FR"},{"@type":"Organization","@id":"https:\/\/30th.ma\/#organization","name":"3.0th Miel pur, pollen et propolis en ligne","url":"https:\/\/30th.ma\/","logo":{"@type":"ImageObject","inLanguage":"fr-FR","@id":"https:\/\/30th.ma\/#\/schema\/logo\/image\/","url":"https:\/\/30th.ma\/wp-content\/uploads\/2025\/12\/cropped-82d0a305-434e-415f-9d9c-3867d4362c2b.png","contentUrl":"https:\/\/30th.ma\/wp-content\/uploads\/2025\/12\/cropped-82d0a305-434e-415f-9d9c-3867d4362c2b.png","width":457,"height":296,"caption":"3.0th Miel Pura, Polen y Prop\u00f3leo Online"},"image":{"@id":"https:\/\/30th.ma\/#\/schema\/logo\/image\/"},"sameAs":["https:\/\/www.facebook.com\/spanish.morocco.food"]}]}},"_links":{"self":[{"href":"https:\/\/30th.ma\/fr\/wp-json\/wp\/v2\/product\/143","targetHints":{"allow":["GET"]}}],"collection":[{"href":"https:\/\/30th.ma\/fr\/wp-json\/wp\/v2\/product"}],"about":[{"href":"https:\/\/30th.ma\/fr\/wp-json\/wp\/v2\/types\/product"}],"replies":[{"embeddable":true,"href":"https:\/\/30th.ma\/fr\/wp-json\/wp\/v2\/comments?post=143"}],"wp:featuredmedia":[{"embeddable":true,"href":"https:\/\/30th.ma\/fr\/wp-json\/wp\/v2\/media\/388"}],"wp:attachment":[{"href":"https:\/\/30th.ma\/fr\/wp-json\/wp\/v2\/media?parent=143"}],"wp:term":[{"taxonomy":"product_brand","embeddable":true,"href":"https:\/\/30th.ma\/fr\/wp-json\/wp\/v2\/product_brand?post=143"},{"taxonomy":"product_cat","embeddable":true,"href":"https:\/\/30th.ma\/fr\/wp-json\/wp\/v2\/product_cat?post=143"},{"taxonomy":"product_tag","embeddable":true,"href":"https:\/\/30th.ma\/fr\/wp-json\/wp\/v2\/product_tag?post=143"}],"curies":[{"name":"wp","href":"https:\/\/api.w.org\/{rel}","templated":true}]}}