{"id":146,"date":"2025-12-10T16:19:10","date_gmt":"2025-12-10T16:19:10","guid":{"rendered":"https:\/\/30th.ma\/product\/spray-de-propoleo\/"},"modified":"2026-01-08T14:00:56","modified_gmt":"2026-01-08T14:00:56","slug":"spray-a-la-propolis","status":"publish","type":"product","link":"https:\/\/30th.ma\/fr\/product\/spray-de-propoleo\/","title":{"rendered":"Teinture de propolis sans alcool 30 ml"},"content":{"rendered":"<p>D\u00e9couvrez nos exclusivit\u00e9s <b>Teinture de propolis sans alcool<\/b>, La mani\u00e8re la plus pure et la plus accessible d'exploiter les extraordinaires bienfaits de la propolis. R\u00e9colt\u00e9e de mani\u00e8re \u00e9thique et produite dans le plus grand respect de la nature, cette teinture est le compl\u00e9ment id\u00e9al de votre bien-\u00eatre quotidien.<\/p>\n<h4 data-path-to-node=\"5\"><b>Caract\u00e9ristiques exceptionnelles<\/b><\/h4>\n<ul>\n<li>\n<p data-path-to-node=\"6,0,0\"><b>100% Sans alcool :<\/b> Parfait pour toute la famille, y compris les enfants de plus de trois ans, les personnes sensibles \u00e0 l'alcool ou celles qui suivent un r\u00e9gime particulier.<\/p>\n<\/li>\n<li>\n<p data-path-to-node=\"6,1,0\"><b>Propolis de haute puret\u00e9 :<\/b> Nous extrayons la r\u00e9sine brute de propolis afin de capturer tous ses compos\u00e9s bioactifs, connus pour leurs propri\u00e9t\u00e9s <b>immunomodulateurs<\/b>, <b>antiseptique<\/b> y <b>agents de gu\u00e9rison<\/b>.<\/p>\n<\/li>\n<li>\n<p data-path-to-node=\"6,2,0\"><b>Naturel et \u00e9cologique :<\/b> Il provient de ruches situ\u00e9es dans des environnements exempts de polluants et de pesticides. Un produit authentique <b>\u00e9cologique<\/b> qui prend soin de vous et de la plan\u00e8te.<\/p>\n<\/li>\n<li>\n<p data-path-to-node=\"6,3,0\"><b>Certification halal :<\/b> Nous garantissons un processus de production et une composition 100% <b>Halal<\/b>, exempts d'ingr\u00e9dients interdits ou de contaminants.<\/p>\n<\/li>\n<li data-path-to-node=\"6,4,0\"><b>Production durable :<\/b> Notre engagement \u00e0 l'\u00e9gard de la <b>la durabilit\u00e9<\/b> garantit que la propolis est r\u00e9colt\u00e9e de mani\u00e8re responsable, en pr\u00e9servant la sant\u00e9 des abeilles et l'\u00e9quilibre de l'\u00e9cosyst\u00e8me.<\/li>\n<\/ul>\n<h4 data-path-to-node=\"6,4,0\"><b>Mode d'utilisation sugg\u00e9r\u00e9<\/b><\/h4>\n<p data-path-to-node=\"10\"><em>Prendre 5 \u00e0 10 gouttes dilu\u00e9es dans un peu d'eau, de jus ou de tisane, 2 \u00e0 3 fois par jour. Pour un usage topique, appliquer sur une compresse de gaze directement sur la zone souhait\u00e9e. Bien agiter avant utilisation.<\/em><\/p>\n<p style=\"text-align: center;\" data-path-to-node=\"10\">Choisissez le bien-\u00eatre en toute conscience. Ajoutez notre teinture de propolis sans alcool \u00e0 votre panier d\u00e8s aujourd'hui !<\/p>","protected":false},"excerpt":{"rendered":"<p><span class=\"citation-14 citation-end-14\">Prot\u00e8ge la gorge sans l'irriter.<\/span> Le pr\u00e9sent <b data-path-to-node=\"7,0\" data-index-in-node=\"40\">spray de propolis sans alcool<\/b> associe tout le pouvoir antibiotique de la ruche \u00e0 une formule douce et agr\u00e9able au go\u00fbt. <span class=\"citation-13 citation-end-13\">C'est la solution id\u00e9ale pour soulager l'inconfort, soigner les cordes vocales et renforcer les d\u00e9fenses des plus jeunes.<\/span> <span class=\"citation-12 citation-end-12\">Naturel, efficace et non br\u00fblant<\/span><\/p>","protected":false},"featured_media":290,"comment_status":"open","ping_status":"closed","template":"","meta":{"_joinchat":[]},"product_brand":[37],"product_cat":[19],"product_tag":[21,38,20,22,36],"class_list":{"0":"post-146","1":"product","2":"type-product","3":"status-publish","4":"has-post-thumbnail","6":"product_brand-3-0th","7":"product_cat-propoleo-natural","8":"product_tag-ecologic","9":"product_tag-gourmet","10":"product_tag-halal","11":"product_tag-premium","12":"product_tag-propoleo","14":"first","15":"instock","16":"sale","17":"taxable","18":"shipping-taxable","19":"purchasable","20":"product-type-simple"},"yoast_head":"<!-- This site is optimized with the Yoast SEO plugin v27.1.1 - https:\/\/yoast.com\/product\/yoast-seo-wordpress\/ -->\n<title>Tintura de Prop\u00f3leo sin alcohol 30 ml - 3.0th Miel Pura, Polen y Prop\u00f3leo Online<\/title>\n<meta name=\"description\" content=\"Compra tintura de prop\u00f3leo sin alcohol de alta pureza. Ideal para ni\u00f1os y adultos. Refuerza tu sistema inmunol\u00f3gico de forma natural.\" \/>\n<meta name=\"robots\" content=\"index, follow, max-snippet:-1, max-image-preview:large, max-video-preview:-1\" \/>\n<link rel=\"canonical\" href=\"https:\/\/30th.ma\/fr\/produit-2\/spray-a-la-propolis\/\" \/>\n<meta property=\"og:locale\" content=\"fr_FR\" \/>\n<meta property=\"og:type\" content=\"article\" \/>\n<meta property=\"og:title\" content=\"Tintura de Prop\u00f3leo sin alcohol 30 ml - 3.0th Miel Pura, Polen y Prop\u00f3leo Online\" \/>\n<meta property=\"og:description\" content=\"Compra tintura de prop\u00f3leo sin alcohol de alta pureza. Ideal para ni\u00f1os y adultos. Refuerza tu sistema inmunol\u00f3gico de forma natural.\" \/>\n<meta property=\"og:url\" content=\"https:\/\/30th.ma\/fr\/produit-2\/spray-a-la-propolis\/\" \/>\n<meta property=\"og:site_name\" content=\"3.0th Miel Pura, Polen y Prop\u00f3leo Online\" \/>\n<meta property=\"article:publisher\" content=\"https:\/\/www.facebook.com\/spanish.morocco.food\" \/>\n<meta property=\"article:modified_time\" content=\"2026-01-08T14:00:56+00:00\" \/>\n<meta property=\"og:image\" content=\"https:\/\/30th.ma\/wp-content\/uploads\/2025\/12\/8f1c0c40-a42d-435c-96d7-4d130b84d0dc-1-scaled.jpg\" \/>\n\t<meta property=\"og:image:width\" content=\"2000\" \/>\n\t<meta property=\"og:image:height\" content=\"2560\" \/>\n\t<meta property=\"og:image:type\" content=\"image\/jpeg\" \/>\n<meta name=\"twitter:card\" content=\"summary_large_image\" \/>\n<meta name=\"twitter:label1\" content=\"Dur\u00e9e de lecture estim\u00e9e\" \/>\n\t<meta name=\"twitter:data1\" content=\"2 minutes\" \/>\n<script type=\"application\/ld+json\" class=\"yoast-schema-graph\">{\"@context\":\"https:\/\/schema.org\",\"@graph\":[{\"@type\":\"WebPage\",\"@id\":\"https:\/\/30th.ma\/product\/spray-de-propoleo\/\",\"url\":\"https:\/\/30th.ma\/product\/spray-de-propoleo\/\",\"name\":\"Tintura de Prop\u00f3leo sin alcohol 30 ml - 3.0th Miel Pura, Polen y Prop\u00f3leo Online\",\"isPartOf\":{\"@id\":\"https:\/\/30th.ma\/#website\"},\"primaryImageOfPage\":{\"@id\":\"https:\/\/30th.ma\/product\/spray-de-propoleo\/#primaryimage\"},\"image\":{\"@id\":\"https:\/\/30th.ma\/product\/spray-de-propoleo\/#primaryimage\"},\"thumbnailUrl\":\"https:\/\/30th.ma\/wp-content\/uploads\/2025\/12\/8f1c0c40-a42d-435c-96d7-4d130b84d0dc-1-scaled.jpg\",\"datePublished\":\"2025-12-10T16:19:10+00:00\",\"dateModified\":\"2026-01-08T14:00:56+00:00\",\"description\":\"Compra tintura de prop\u00f3leo sin alcohol de alta pureza. Ideal para ni\u00f1os y adultos. Refuerza tu sistema inmunol\u00f3gico de forma natural.\",\"breadcrumb\":{\"@id\":\"https:\/\/30th.ma\/product\/spray-de-propoleo\/#breadcrumb\"},\"inLanguage\":\"fr-FR\",\"potentialAction\":[{\"@type\":\"ReadAction\",\"target\":[\"https:\/\/30th.ma\/product\/spray-de-propoleo\/\"]}]},{\"@type\":\"ImageObject\",\"inLanguage\":\"fr-FR\",\"@id\":\"https:\/\/30th.ma\/product\/spray-de-propoleo\/#primaryimage\",\"url\":\"https:\/\/30th.ma\/wp-content\/uploads\/2025\/12\/8f1c0c40-a42d-435c-96d7-4d130b84d0dc-1-scaled.jpg\",\"contentUrl\":\"https:\/\/30th.ma\/wp-content\/uploads\/2025\/12\/8f1c0c40-a42d-435c-96d7-4d130b84d0dc-1-scaled.jpg\",\"width\":2000,\"height\":2560},{\"@type\":\"BreadcrumbList\",\"@id\":\"https:\/\/30th.ma\/product\/spray-de-propoleo\/#breadcrumb\",\"itemListElement\":[{\"@type\":\"ListItem\",\"position\":1,\"name\":\"Home\",\"item\":\"https:\/\/30th.ma\/\"},{\"@type\":\"ListItem\",\"position\":2,\"name\":\"Ver todo\",\"item\":\"https:\/\/30th.ma\/ver-todo\/\"},{\"@type\":\"ListItem\",\"position\":3,\"name\":\"Tintura de Prop\u00f3leo sin alcohol 30 ml\"}]},{\"@type\":\"WebSite\",\"@id\":\"https:\/\/30th.ma\/#website\",\"url\":\"https:\/\/30th.ma\/\",\"name\":\"3.0th Miel Pura, Polen y Prop\u00f3leo Online\",\"description\":\"Miel, polen y prop\u00f3leo 100% naturales y artesanos. Descubre los beneficios de los tesoros de la colmena para tu salud y vitalidad\",\"publisher\":{\"@id\":\"https:\/\/30th.ma\/#organization\"},\"potentialAction\":[{\"@type\":\"SearchAction\",\"target\":{\"@type\":\"EntryPoint\",\"urlTemplate\":\"https:\/\/30th.ma\/?s={search_term_string}\"},\"query-input\":{\"@type\":\"PropertyValueSpecification\",\"valueRequired\":true,\"valueName\":\"search_term_string\"}}],\"inLanguage\":\"fr-FR\"},{\"@type\":\"Organization\",\"@id\":\"https:\/\/30th.ma\/#organization\",\"name\":\"3.0th Miel Pura, Polen y Prop\u00f3leo Online\",\"url\":\"https:\/\/30th.ma\/\",\"logo\":{\"@type\":\"ImageObject\",\"inLanguage\":\"fr-FR\",\"@id\":\"https:\/\/30th.ma\/#\/schema\/logo\/image\/\",\"url\":\"https:\/\/30th.ma\/wp-content\/uploads\/2025\/12\/cropped-82d0a305-434e-415f-9d9c-3867d4362c2b.png\",\"contentUrl\":\"https:\/\/30th.ma\/wp-content\/uploads\/2025\/12\/cropped-82d0a305-434e-415f-9d9c-3867d4362c2b.png\",\"width\":457,\"height\":296,\"caption\":\"3.0th Miel Pura, Polen y Prop\u00f3leo Online\"},\"image\":{\"@id\":\"https:\/\/30th.ma\/#\/schema\/logo\/image\/\"},\"sameAs\":[\"https:\/\/www.facebook.com\/spanish.morocco.food\"]}]}<\/script>\n<!-- \/ Yoast SEO plugin. -->","yoast_head_json":{"title":"Teinture de propolis sans alcool 30 ml - 3.0th Miel, pollen et propolis purs Online","description":"Acheter de la teinture de propolis sans alcool de grande puret\u00e9. Id\u00e9ale pour les enfants et les adultes. Renforce votre syst\u00e8me immunitaire de mani\u00e8re naturelle.","robots":{"index":"index","follow":"follow","max-snippet":"max-snippet:-1","max-image-preview":"max-image-preview:large","max-video-preview":"max-video-preview:-1"},"canonical":"https:\/\/30th.ma\/fr\/produit-2\/spray-a-la-propolis\/","og_locale":"fr_FR","og_type":"article","og_title":"Tintura de Prop\u00f3leo sin alcohol 30 ml - 3.0th Miel Pura, Polen y Prop\u00f3leo Online","og_description":"Compra tintura de prop\u00f3leo sin alcohol de alta pureza. Ideal para ni\u00f1os y adultos. Refuerza tu sistema inmunol\u00f3gico de forma natural.","og_url":"https:\/\/30th.ma\/fr\/produit-2\/spray-a-la-propolis\/","og_site_name":"3.0th Miel Pura, Polen y Prop\u00f3leo Online","article_publisher":"https:\/\/www.facebook.com\/spanish.morocco.food","article_modified_time":"2026-01-08T14:00:56+00:00","og_image":[{"width":2000,"height":2560,"url":"https:\/\/30th.ma\/wp-content\/uploads\/2025\/12\/8f1c0c40-a42d-435c-96d7-4d130b84d0dc-1-scaled.jpg","type":"image\/jpeg"}],"twitter_card":"summary_large_image","twitter_misc":{"Dur\u00e9e de lecture estim\u00e9e":"2 minutes"},"schema":{"@context":"https:\/\/schema.org","@graph":[{"@type":"WebPage","@id":"https:\/\/30th.ma\/product\/spray-de-propoleo\/","url":"https:\/\/30th.ma\/product\/spray-de-propoleo\/","name":"Teinture de propolis sans alcool 30 ml - 3.0th Miel, pollen et propolis purs Online","isPartOf":{"@id":"https:\/\/30th.ma\/#website"},"primaryImageOfPage":{"@id":"https:\/\/30th.ma\/product\/spray-de-propoleo\/#primaryimage"},"image":{"@id":"https:\/\/30th.ma\/product\/spray-de-propoleo\/#primaryimage"},"thumbnailUrl":"https:\/\/30th.ma\/wp-content\/uploads\/2025\/12\/8f1c0c40-a42d-435c-96d7-4d130b84d0dc-1-scaled.jpg","datePublished":"2025-12-10T16:19:10+00:00","dateModified":"2026-01-08T14:00:56+00:00","description":"Acheter de la teinture de propolis sans alcool de grande puret\u00e9. Id\u00e9ale pour les enfants et les adultes. Renforce votre syst\u00e8me immunitaire de mani\u00e8re naturelle.","breadcrumb":{"@id":"https:\/\/30th.ma\/product\/spray-de-propoleo\/#breadcrumb"},"inLanguage":"fr-FR","potentialAction":[{"@type":"ReadAction","target":["https:\/\/30th.ma\/product\/spray-de-propoleo\/"]}]},{"@type":"ImageObject","inLanguage":"fr-FR","@id":"https:\/\/30th.ma\/product\/spray-de-propoleo\/#primaryimage","url":"https:\/\/30th.ma\/wp-content\/uploads\/2025\/12\/8f1c0c40-a42d-435c-96d7-4d130b84d0dc-1-scaled.jpg","contentUrl":"https:\/\/30th.ma\/wp-content\/uploads\/2025\/12\/8f1c0c40-a42d-435c-96d7-4d130b84d0dc-1-scaled.jpg","width":2000,"height":2560},{"@type":"BreadcrumbList","@id":"https:\/\/30th.ma\/product\/spray-de-propoleo\/#breadcrumb","itemListElement":[{"@type":"ListItem","position":1,"name":"Home","item":"https:\/\/30th.ma\/"},{"@type":"ListItem","position":2,"name":"Ver todo","item":"https:\/\/30th.ma\/ver-todo\/"},{"@type":"ListItem","position":3,"name":"Tintura de Prop\u00f3leo sin alcohol 30 ml"}]},{"@type":"WebSite","@id":"https:\/\/30th.ma\/#website","url":"https:\/\/30th.ma\/","name":"3.0th Miel pur, pollen et propolis en ligne","description":"Miel naturel et artisanal, pollen et propolis 100%. D\u00e9couvrez les bienfaits des tr\u00e9sors de la ruche pour votre sant\u00e9 et votre vitalit\u00e9.","publisher":{"@id":"https:\/\/30th.ma\/#organization"},"potentialAction":[{"@type":"SearchAction","target":{"@type":"EntryPoint","urlTemplate":"https:\/\/30th.ma\/?s={search_term_string}"},"query-input":{"@type":"PropertyValueSpecification","valueRequired":true,"valueName":"search_term_string"}}],"inLanguage":"fr-FR"},{"@type":"Organization","@id":"https:\/\/30th.ma\/#organization","name":"3.0th Miel pur, pollen et propolis en ligne","url":"https:\/\/30th.ma\/","logo":{"@type":"ImageObject","inLanguage":"fr-FR","@id":"https:\/\/30th.ma\/#\/schema\/logo\/image\/","url":"https:\/\/30th.ma\/wp-content\/uploads\/2025\/12\/cropped-82d0a305-434e-415f-9d9c-3867d4362c2b.png","contentUrl":"https:\/\/30th.ma\/wp-content\/uploads\/2025\/12\/cropped-82d0a305-434e-415f-9d9c-3867d4362c2b.png","width":457,"height":296,"caption":"3.0th Miel Pura, Polen y Prop\u00f3leo Online"},"image":{"@id":"https:\/\/30th.ma\/#\/schema\/logo\/image\/"},"sameAs":["https:\/\/www.facebook.com\/spanish.morocco.food"]}]}},"_links":{"self":[{"href":"https:\/\/30th.ma\/fr\/wp-json\/wp\/v2\/product\/146","targetHints":{"allow":["GET"]}}],"collection":[{"href":"https:\/\/30th.ma\/fr\/wp-json\/wp\/v2\/product"}],"about":[{"href":"https:\/\/30th.ma\/fr\/wp-json\/wp\/v2\/types\/product"}],"replies":[{"embeddable":true,"href":"https:\/\/30th.ma\/fr\/wp-json\/wp\/v2\/comments?post=146"}],"wp:featuredmedia":[{"embeddable":true,"href":"https:\/\/30th.ma\/fr\/wp-json\/wp\/v2\/media\/290"}],"wp:attachment":[{"href":"https:\/\/30th.ma\/fr\/wp-json\/wp\/v2\/media?parent=146"}],"wp:term":[{"taxonomy":"product_brand","embeddable":true,"href":"https:\/\/30th.ma\/fr\/wp-json\/wp\/v2\/product_brand?post=146"},{"taxonomy":"product_cat","embeddable":true,"href":"https:\/\/30th.ma\/fr\/wp-json\/wp\/v2\/product_cat?post=146"},{"taxonomy":"product_tag","embeddable":true,"href":"https:\/\/30th.ma\/fr\/wp-json\/wp\/v2\/product_tag?post=146"}],"curies":[{"name":"wp","href":"https:\/\/api.w.org\/{rel}","templated":true}]}}