{"id":347,"date":"2026-01-26T19:33:36","date_gmt":"2026-01-26T19:33:36","guid":{"rendered":"https:\/\/30th.ma\/?post_type=product&#038;p=347"},"modified":"2026-02-05T17:01:46","modified_gmt":"2026-02-05T17:01:46","slug":"huile-dargan-pure-100-ml-bio-et-pressee-a-froid","status":"publish","type":"product","link":"https:\/\/30th.ma\/fr\/product\/aceite-de-argan-puro-100-ml-ecologico-y-prensado-en-frio\/","title":{"rendered":"Huile d'argan biologique 250 ml"},"content":{"rendered":"<p data-path-to-node=\"16\">Hydrate, r\u00e9pare et illumine. Huile d'argan 100% pure et biologique. Un puissant antioxydant naturel pour tous les types de peau et de cheveux. Qualit\u00e9 sup\u00e9rieure en grand format de 250 ml.<\/p>\n<p data-path-to-node=\"17\"><b data-path-to-node=\"17\" data-index-in-node=\"0\">Les avantages de votre nouveau produit essentiel :<\/b><\/p>\n<ul data-path-to-node=\"18\">\n<li>\n<p data-path-to-node=\"18,0,0\"><b data-path-to-node=\"18,0,0\" data-index-in-node=\"0\">\ud83e\uddea 100% Bio et naturel :<\/b> Sans silicones, parab\u00e8nes et parfums synth\u00e9tiques. Seulement <i data-path-to-node=\"18,0,0\" data-index-in-node=\"84\">Argania spinosa<\/i> pur.<\/p>\n<\/li>\n<li>\n<p data-path-to-node=\"18,1,0\"><b data-path-to-node=\"18,1,0\" data-index-in-node=\"0\">\ud83d\udca7 Hydrater sans graisser :<\/b> Contrairement \u00e0 d'autres huiles, l'huile d'argan est \u00abs\u00e8che\u00bb, p\u00e9n\u00e8tre rapidement et n'obstrue pas les pores (non com\u00e9dog\u00e8ne).<\/p>\n<\/li>\n<li>\n<p data-path-to-node=\"18,2,0\"><b data-path-to-node=\"18,2,0\" data-index-in-node=\"0\">\ud83d\udee1\ufe0f Bouclier capillaire :<\/b> Prot\u00e8ge vos cheveux de la chaleur du s\u00e8che-cheveux et du soleil. Contr\u00f4le imm\u00e9diatement les frisottis.<\/p>\n<\/li>\n<li>\n<p data-path-to-node=\"18,3,0\"><b data-path-to-node=\"18,3,0\" data-index-in-node=\"0\">\ud83d\udcb0 Smart Format (100 ml) :<\/b> Plus de quantit\u00e9 au meilleur prix. Id\u00e9al pour un usage familial ou un traitement intensif.<\/p>\n<\/li>\n<\/ul>\n<p data-path-to-node=\"19\"><b data-path-to-node=\"19\" data-index-in-node=\"0\">Caract\u00e9ristiques techniques :<\/b><\/p>\n<ul data-path-to-node=\"20\">\n<li>\n<p data-path-to-node=\"20,0,0\"><b data-path-to-node=\"20,0,0\" data-index-in-node=\"0\">Ingr\u00e9dients :<\/b> 100% Huile de graines d'Argania spinosa (issue de l'agriculture biologique).<\/p>\n<\/li>\n<li>\n<p data-path-to-node=\"20,1,0\"><b data-path-to-node=\"20,1,0\" data-index-in-node=\"0\">M\u00e9thode d'extraction :<\/b> Premi\u00e8re pression \u00e0 froid.<\/p>\n<\/li>\n<li>\n<p data-path-to-node=\"20,2,0\"><b data-path-to-node=\"20,2,0\" data-index-in-node=\"0\">Origine :<\/b> Maroc.<\/p>\n<\/li>\n<li>\n<p data-path-to-node=\"20,3,0\"><b data-path-to-node=\"20,3,0\" data-index-in-node=\"0\">Emballage :<\/b> Cristal de topaze pour prot\u00e9ger les vitamines de la lumi\u00e8re du soleil.<\/p>\n<\/li>\n<\/ul>\n<p data-path-to-node=\"21\"><b data-path-to-node=\"21\" data-index-in-node=\"0\">Mode d'emploi :<\/b> Appliquer 2-3 pompes dans la paume de la main. R\u00e9chauffer en frottant les mains l'une contre l'autre et masser d\u00e9licatement la peau propre ou appliquer sur les cheveux humides ou secs, des mi-longueurs aux pointes.<\/p>\n<p style=\"text-align: center;\" data-path-to-node=\"21\"><em>Ajoutez-le au panier et demain \u00e0 votre domicile<\/em><\/p>","protected":false},"excerpt":{"rendered":"<p>L'or liquide du Maroc dans son format le plus polyvalent. Extraite \u00e0 froid pour pr\u00e9server toutes ses propri\u00e9t\u00e9s nutritionnelles dans chaque goutte de ces 250 ml.<\/p>","protected":false},"featured_media":353,"comment_status":"open","ping_status":"closed","template":"","meta":{"_joinchat":[]},"product_brand":[],"product_cat":[16],"product_tag":[],"class_list":{"0":"post-347","1":"product","2":"type-product","3":"status-publish","4":"has-post-thumbnail","6":"product_cat-tienda-infusiones-tes-hierbas-marruecos","8":"first","9":"instock","10":"taxable","11":"shipping-taxable","12":"purchasable","13":"product-type-simple"},"yoast_head":"<!-- This site is optimized with the Yoast SEO plugin v27.1.1 - https:\/\/yoast.com\/product\/yoast-seo-wordpress\/ -->\n<title>Aceite Arg\u00e1n Biol\u00f3gico 250 ml - 3.0th Miel Pura, Polen y Prop\u00f3leo Online<\/title>\n<meta name=\"description\" content=\"Compra aceite de arg\u00e1n puro 100 ml. Certificado ecol\u00f3gico y prensado en fr\u00edo desde Marruecos. Hidrata y repara cabello y piel con nuestro formato ahorro.\" \/>\n<meta name=\"robots\" content=\"index, follow, max-snippet:-1, max-image-preview:large, max-video-preview:-1\" \/>\n<link rel=\"canonical\" href=\"https:\/\/30th.ma\/fr\/produit-2\/huile-dargan-pure-100-ml-bio-et-pressee-a-froid\/\" \/>\n<meta property=\"og:locale\" content=\"fr_FR\" \/>\n<meta property=\"og:type\" content=\"article\" \/>\n<meta property=\"og:title\" content=\"Aceite Arg\u00e1n Biol\u00f3gico 250 ml - 3.0th Miel Pura, Polen y Prop\u00f3leo Online\" \/>\n<meta property=\"og:description\" content=\"Compra aceite de arg\u00e1n puro 100 ml. Certificado ecol\u00f3gico y prensado en fr\u00edo desde Marruecos. Hidrata y repara cabello y piel con nuestro formato ahorro.\" \/>\n<meta property=\"og:url\" content=\"https:\/\/30th.ma\/fr\/produit-2\/huile-dargan-pure-100-ml-bio-et-pressee-a-froid\/\" \/>\n<meta property=\"og:site_name\" content=\"3.0th Miel Pura, Polen y Prop\u00f3leo Online\" \/>\n<meta property=\"article:publisher\" content=\"https:\/\/www.facebook.com\/spanish.morocco.food\" \/>\n<meta property=\"article:modified_time\" content=\"2026-02-05T17:01:46+00:00\" \/>\n<meta property=\"og:image\" content=\"https:\/\/30th.ma\/wp-content\/uploads\/2026\/01\/Aceite-Argan-205-ml-1-e1770310853645.jpg\" \/>\n\t<meta property=\"og:image:width\" content=\"299\" \/>\n\t<meta property=\"og:image:height\" content=\"567\" \/>\n\t<meta property=\"og:image:type\" content=\"image\/jpeg\" \/>\n<meta name=\"twitter:card\" content=\"summary_large_image\" \/>\n<meta name=\"twitter:label1\" content=\"Dur\u00e9e de lecture estim\u00e9e\" \/>\n\t<meta name=\"twitter:data1\" content=\"2 minutes\" \/>\n<script type=\"application\/ld+json\" class=\"yoast-schema-graph\">{\"@context\":\"https:\/\/schema.org\",\"@graph\":[{\"@type\":\"WebPage\",\"@id\":\"https:\/\/30th.ma\/product\/aceite-de-argan-puro-100-ml-ecologico-y-prensado-en-frio\/\",\"url\":\"https:\/\/30th.ma\/product\/aceite-de-argan-puro-100-ml-ecologico-y-prensado-en-frio\/\",\"name\":\"Aceite Arg\u00e1n Biol\u00f3gico 250 ml - 3.0th Miel Pura, Polen y Prop\u00f3leo Online\",\"isPartOf\":{\"@id\":\"https:\/\/30th.ma\/#website\"},\"primaryImageOfPage\":{\"@id\":\"https:\/\/30th.ma\/product\/aceite-de-argan-puro-100-ml-ecologico-y-prensado-en-frio\/#primaryimage\"},\"image\":{\"@id\":\"https:\/\/30th.ma\/product\/aceite-de-argan-puro-100-ml-ecologico-y-prensado-en-frio\/#primaryimage\"},\"thumbnailUrl\":\"https:\/\/30th.ma\/wp-content\/uploads\/2026\/01\/Aceite-Argan-205-ml-1-e1770310853645.webp\",\"datePublished\":\"2026-01-26T19:33:36+00:00\",\"dateModified\":\"2026-02-05T17:01:46+00:00\",\"description\":\"Compra aceite de arg\u00e1n puro 100 ml. Certificado ecol\u00f3gico y prensado en fr\u00edo desde Marruecos. Hidrata y repara cabello y piel con nuestro formato ahorro.\",\"breadcrumb\":{\"@id\":\"https:\/\/30th.ma\/product\/aceite-de-argan-puro-100-ml-ecologico-y-prensado-en-frio\/#breadcrumb\"},\"inLanguage\":\"fr-FR\",\"potentialAction\":[{\"@type\":\"ReadAction\",\"target\":[\"https:\/\/30th.ma\/product\/aceite-de-argan-puro-100-ml-ecologico-y-prensado-en-frio\/\"]}]},{\"@type\":\"ImageObject\",\"inLanguage\":\"fr-FR\",\"@id\":\"https:\/\/30th.ma\/product\/aceite-de-argan-puro-100-ml-ecologico-y-prensado-en-frio\/#primaryimage\",\"url\":\"https:\/\/30th.ma\/wp-content\/uploads\/2026\/01\/Aceite-Argan-205-ml-1-e1770310853645.webp\",\"contentUrl\":\"https:\/\/30th.ma\/wp-content\/uploads\/2026\/01\/Aceite-Argan-205-ml-1-e1770310853645.webp\",\"width\":299,\"height\":567},{\"@type\":\"BreadcrumbList\",\"@id\":\"https:\/\/30th.ma\/product\/aceite-de-argan-puro-100-ml-ecologico-y-prensado-en-frio\/#breadcrumb\",\"itemListElement\":[{\"@type\":\"ListItem\",\"position\":1,\"name\":\"Home\",\"item\":\"https:\/\/30th.ma\/\"},{\"@type\":\"ListItem\",\"position\":2,\"name\":\"Ver todo\",\"item\":\"https:\/\/30th.ma\/ver-todo\/\"},{\"@type\":\"ListItem\",\"position\":3,\"name\":\"Aceite Arg\u00e1n Biol\u00f3gico 250 ml\"}]},{\"@type\":\"WebSite\",\"@id\":\"https:\/\/30th.ma\/#website\",\"url\":\"https:\/\/30th.ma\/\",\"name\":\"3.0th Miel Pura, Polen y Prop\u00f3leo Online\",\"description\":\"Miel, polen y prop\u00f3leo 100% naturales y artesanos. Descubre los beneficios de los tesoros de la colmena para tu salud y vitalidad\",\"publisher\":{\"@id\":\"https:\/\/30th.ma\/#organization\"},\"potentialAction\":[{\"@type\":\"SearchAction\",\"target\":{\"@type\":\"EntryPoint\",\"urlTemplate\":\"https:\/\/30th.ma\/?s={search_term_string}\"},\"query-input\":{\"@type\":\"PropertyValueSpecification\",\"valueRequired\":true,\"valueName\":\"search_term_string\"}}],\"inLanguage\":\"fr-FR\"},{\"@type\":\"Organization\",\"@id\":\"https:\/\/30th.ma\/#organization\",\"name\":\"3.0th Miel Pura, Polen y Prop\u00f3leo Online\",\"url\":\"https:\/\/30th.ma\/\",\"logo\":{\"@type\":\"ImageObject\",\"inLanguage\":\"fr-FR\",\"@id\":\"https:\/\/30th.ma\/#\/schema\/logo\/image\/\",\"url\":\"https:\/\/30th.ma\/wp-content\/uploads\/2025\/12\/cropped-82d0a305-434e-415f-9d9c-3867d4362c2b.png\",\"contentUrl\":\"https:\/\/30th.ma\/wp-content\/uploads\/2025\/12\/cropped-82d0a305-434e-415f-9d9c-3867d4362c2b.png\",\"width\":457,\"height\":296,\"caption\":\"3.0th Miel Pura, Polen y Prop\u00f3leo Online\"},\"image\":{\"@id\":\"https:\/\/30th.ma\/#\/schema\/logo\/image\/\"},\"sameAs\":[\"https:\/\/www.facebook.com\/spanish.morocco.food\"]}]}<\/script>\n<!-- \/ Yoast SEO plugin. -->","yoast_head_json":{"title":"Huile d'argan biologique 250 ml - 3.0th Miel pur, pollen et propolis en ligne","description":"Acheter de l'huile d'argan pure 100 ml. Certifi\u00e9e biologique et press\u00e9e \u00e0 froid du Maroc. Hydrate et r\u00e9pare les cheveux et la peau avec notre format \u00e9conomique.","robots":{"index":"index","follow":"follow","max-snippet":"max-snippet:-1","max-image-preview":"max-image-preview:large","max-video-preview":"max-video-preview:-1"},"canonical":"https:\/\/30th.ma\/fr\/produit-2\/huile-dargan-pure-100-ml-bio-et-pressee-a-froid\/","og_locale":"fr_FR","og_type":"article","og_title":"Aceite Arg\u00e1n Biol\u00f3gico 250 ml - 3.0th Miel Pura, Polen y Prop\u00f3leo Online","og_description":"Compra aceite de arg\u00e1n puro 100 ml. Certificado ecol\u00f3gico y prensado en fr\u00edo desde Marruecos. Hidrata y repara cabello y piel con nuestro formato ahorro.","og_url":"https:\/\/30th.ma\/fr\/produit-2\/huile-dargan-pure-100-ml-bio-et-pressee-a-froid\/","og_site_name":"3.0th Miel Pura, Polen y Prop\u00f3leo Online","article_publisher":"https:\/\/www.facebook.com\/spanish.morocco.food","article_modified_time":"2026-02-05T17:01:46+00:00","og_image":[{"width":299,"height":567,"url":"https:\/\/30th.ma\/wp-content\/uploads\/2026\/01\/Aceite-Argan-205-ml-1-e1770310853645.jpg","type":"image\/jpeg"}],"twitter_card":"summary_large_image","twitter_misc":{"Dur\u00e9e de lecture estim\u00e9e":"2 minutes"},"schema":{"@context":"https:\/\/schema.org","@graph":[{"@type":"WebPage","@id":"https:\/\/30th.ma\/product\/aceite-de-argan-puro-100-ml-ecologico-y-prensado-en-frio\/","url":"https:\/\/30th.ma\/product\/aceite-de-argan-puro-100-ml-ecologico-y-prensado-en-frio\/","name":"Huile d'argan biologique 250 ml - 3.0th Miel pur, pollen et propolis en ligne","isPartOf":{"@id":"https:\/\/30th.ma\/#website"},"primaryImageOfPage":{"@id":"https:\/\/30th.ma\/product\/aceite-de-argan-puro-100-ml-ecologico-y-prensado-en-frio\/#primaryimage"},"image":{"@id":"https:\/\/30th.ma\/product\/aceite-de-argan-puro-100-ml-ecologico-y-prensado-en-frio\/#primaryimage"},"thumbnailUrl":"https:\/\/30th.ma\/wp-content\/uploads\/2026\/01\/Aceite-Argan-205-ml-1-e1770310853645.webp","datePublished":"2026-01-26T19:33:36+00:00","dateModified":"2026-02-05T17:01:46+00:00","description":"Acheter de l'huile d'argan pure 100 ml. Certifi\u00e9e biologique et press\u00e9e \u00e0 froid du Maroc. Hydrate et r\u00e9pare les cheveux et la peau avec notre format \u00e9conomique.","breadcrumb":{"@id":"https:\/\/30th.ma\/product\/aceite-de-argan-puro-100-ml-ecologico-y-prensado-en-frio\/#breadcrumb"},"inLanguage":"fr-FR","potentialAction":[{"@type":"ReadAction","target":["https:\/\/30th.ma\/product\/aceite-de-argan-puro-100-ml-ecologico-y-prensado-en-frio\/"]}]},{"@type":"ImageObject","inLanguage":"fr-FR","@id":"https:\/\/30th.ma\/product\/aceite-de-argan-puro-100-ml-ecologico-y-prensado-en-frio\/#primaryimage","url":"https:\/\/30th.ma\/wp-content\/uploads\/2026\/01\/Aceite-Argan-205-ml-1-e1770310853645.webp","contentUrl":"https:\/\/30th.ma\/wp-content\/uploads\/2026\/01\/Aceite-Argan-205-ml-1-e1770310853645.webp","width":299,"height":567},{"@type":"BreadcrumbList","@id":"https:\/\/30th.ma\/product\/aceite-de-argan-puro-100-ml-ecologico-y-prensado-en-frio\/#breadcrumb","itemListElement":[{"@type":"ListItem","position":1,"name":"Home","item":"https:\/\/30th.ma\/"},{"@type":"ListItem","position":2,"name":"Ver todo","item":"https:\/\/30th.ma\/ver-todo\/"},{"@type":"ListItem","position":3,"name":"Aceite Arg\u00e1n Biol\u00f3gico 250 ml"}]},{"@type":"WebSite","@id":"https:\/\/30th.ma\/#website","url":"https:\/\/30th.ma\/","name":"3.0th Miel pur, pollen et propolis en ligne","description":"Miel naturel et artisanal, pollen et propolis 100%. D\u00e9couvrez les bienfaits des tr\u00e9sors de la ruche pour votre sant\u00e9 et votre vitalit\u00e9.","publisher":{"@id":"https:\/\/30th.ma\/#organization"},"potentialAction":[{"@type":"SearchAction","target":{"@type":"EntryPoint","urlTemplate":"https:\/\/30th.ma\/?s={search_term_string}"},"query-input":{"@type":"PropertyValueSpecification","valueRequired":true,"valueName":"search_term_string"}}],"inLanguage":"fr-FR"},{"@type":"Organization","@id":"https:\/\/30th.ma\/#organization","name":"3.0th Miel pur, pollen et propolis en ligne","url":"https:\/\/30th.ma\/","logo":{"@type":"ImageObject","inLanguage":"fr-FR","@id":"https:\/\/30th.ma\/#\/schema\/logo\/image\/","url":"https:\/\/30th.ma\/wp-content\/uploads\/2025\/12\/cropped-82d0a305-434e-415f-9d9c-3867d4362c2b.png","contentUrl":"https:\/\/30th.ma\/wp-content\/uploads\/2025\/12\/cropped-82d0a305-434e-415f-9d9c-3867d4362c2b.png","width":457,"height":296,"caption":"3.0th Miel Pura, Polen y Prop\u00f3leo Online"},"image":{"@id":"https:\/\/30th.ma\/#\/schema\/logo\/image\/"},"sameAs":["https:\/\/www.facebook.com\/spanish.morocco.food"]}]}},"_links":{"self":[{"href":"https:\/\/30th.ma\/fr\/wp-json\/wp\/v2\/product\/347","targetHints":{"allow":["GET"]}}],"collection":[{"href":"https:\/\/30th.ma\/fr\/wp-json\/wp\/v2\/product"}],"about":[{"href":"https:\/\/30th.ma\/fr\/wp-json\/wp\/v2\/types\/product"}],"replies":[{"embeddable":true,"href":"https:\/\/30th.ma\/fr\/wp-json\/wp\/v2\/comments?post=347"}],"wp:featuredmedia":[{"embeddable":true,"href":"https:\/\/30th.ma\/fr\/wp-json\/wp\/v2\/media\/353"}],"wp:attachment":[{"href":"https:\/\/30th.ma\/fr\/wp-json\/wp\/v2\/media?parent=347"}],"wp:term":[{"taxonomy":"product_brand","embeddable":true,"href":"https:\/\/30th.ma\/fr\/wp-json\/wp\/v2\/product_brand?post=347"},{"taxonomy":"product_cat","embeddable":true,"href":"https:\/\/30th.ma\/fr\/wp-json\/wp\/v2\/product_cat?post=347"},{"taxonomy":"product_tag","embeddable":true,"href":"https:\/\/30th.ma\/fr\/wp-json\/wp\/v2\/product_tag?post=347"}],"curies":[{"name":"wp","href":"https:\/\/api.w.org\/{rel}","templated":true}]}}