{"id":358,"date":"2026-02-05T17:32:39","date_gmt":"2026-02-05T17:32:39","guid":{"rendered":"https:\/\/30th.ma\/?post_type=product&#038;p=358"},"modified":"2026-02-05T17:36:44","modified_gmt":"2026-02-05T17:36:44","slug":"sultan-green-tea-fine-grain-pack-200-g","status":"publish","type":"product","link":"https:\/\/30th.ma\/fr\/product\/te-verde-sultan-grano-fino-envase-200-g\/","title":{"rendered":"Th\u00e9 vert Sultan - grain fin (paquet de 200 g)"},"content":{"rendered":"<h4 data-path-to-node=\"3\">Th\u00e9 vert Sultan (200 g) - Le c\u0153ur du rituel marocain<\/h4>\n<p data-path-to-node=\"4\">Apportez le go\u00fbt le plus embl\u00e9matique du Maroc \u00e0 votre table. Les <b data-path-to-node=\"4\" data-index-in-node=\"54\">Th\u00e9 vert Sultan<\/b> est r\u00e9put\u00e9 dans le monde entier pour \u00eatre la base parfaite d'un authentique th\u00e9 maure. Son format de 200 grammes \u00e0 grains fins garantit une infusion ambr\u00e9e propre et brillante, avec le corps n\u00e9cessaire pour s'\u00e9quilibrer parfaitement avec la fra\u00eecheur de la menthe.<\/p>\n<p>Pourquoi choisir Sultan Tea ?<\/p>\n<ul data-path-to-node=\"6\">\n<li>\n<p data-path-to-node=\"6,0,0\"><b data-path-to-node=\"6,0,0\" data-index-in-node=\"0\">Qualit\u00e9 sup\u00e9rieure :<\/b> S\u00e9lectionn\u00e9 selon les normes les plus strictes de la tradition marocaine pour garantir un grain uniforme sans impuret\u00e9s.<\/p>\n<\/li>\n<li>\n<p data-path-to-node=\"6,1,0\"><b data-path-to-node=\"6,1,0\" data-index-in-node=\"0\">Un go\u00fbt authentique :<\/b> Il poss\u00e8de la juste dose d'amertume qui, associ\u00e9e au sucre et \u00e0 la menthe, cr\u00e9e l'explosion de saveurs qui d\u00e9finit l'hospitalit\u00e9 maghr\u00e9bine.<\/p>\n<\/li>\n<li>\n<p data-path-to-node=\"6,2,0\"><b data-path-to-node=\"6,2,0\" data-index-in-node=\"0\">Performance sup\u00e9rieure :<\/b> Gr\u00e2ce \u00e0 l'intensit\u00e9 de son grain, une petite quantit\u00e9 suffit pour infuser une th\u00e9i\u00e8re enti\u00e8re, ce qui rend ce paquet de 200 g tr\u00e8s durable.<\/p>\n<\/li>\n<\/ul>\n<h4 data-path-to-node=\"7\">D\u00e9tails du produit :<\/h4>\n<ul data-path-to-node=\"8\">\n<li>\n<p data-path-to-node=\"8,0,0\"><b data-path-to-node=\"8,0,0\" data-index-in-node=\"0\">Type de th\u00e9 :<\/b> Th\u00e9 vert \u00e0 grains fins (poudre \u00e0 canon de haute qualit\u00e9).<\/p>\n<\/li>\n<li>\n<p data-path-to-node=\"8,1,0\"><b data-path-to-node=\"8,1,0\" data-index-in-node=\"0\">Contenu :<\/b> 200 grammes.<\/p>\n<\/li>\n<li>\n<p data-path-to-node=\"8,2,0\"><b data-path-to-node=\"8,2,0\" data-index-in-node=\"0\">Origine :<\/b> Maroc.<\/p>\n<\/li>\n<li>\n<p data-path-to-node=\"8,3,0\"><b data-path-to-node=\"8,3,0\" data-index-in-node=\"0\">Ingr\u00e9dients :<\/b> 100% th\u00e9 vert naturel, sans additif.<\/p>\n<\/li>\n<\/ul>\n<blockquote data-path-to-node=\"9\">\n<p data-path-to-node=\"9,0\"><b data-path-to-node=\"9,0\" data-index-in-node=\"0\">Conseils d'experts :<\/b> Avant d'infuser votre th\u00e9, n'oubliez pas de \u00ablaver\u00bb la f\u00e8ve avec un peu d'eau bouillante pour \u00e9liminer l'amertume excessive et r\u00e9veiller tout son ar\u00f4me.<\/p>\n<\/blockquote>\n<h4 data-path-to-node=\"3\">\ud83c\udf75 Le rituel de pr\u00e9paration : Le th\u00e9 marocain parfait<\/h4>\n<p data-path-to-node=\"4\">La pr\u00e9paration du th\u00e9 du Sultan est un art. Suivez les \u00e9tapes suivantes pour retrouver le go\u00fbt authentique des caf\u00e9s de Marrakech :<\/p>\n<ol start=\"1\" data-path-to-node=\"5\">\n<li>\n<p data-path-to-node=\"5,0,0\"><b data-path-to-node=\"5,0,0\" data-index-in-node=\"0\">Laver le th\u00e9 (Le secret) :<\/b> Ajouter deux cuill\u00e8res \u00e0 caf\u00e9 de <b data-path-to-node=\"5,0,0\" data-index-in-node=\"52\">Th\u00e9 Sultan<\/b> dans la bouilloire. Versez une tasse d'eau bouillante, laissez infuser pendant 30 secondes, puis jetez l'eau (mais conservez le marc). Cette op\u00e9ration permet d'\u00e9liminer l'amertume initiale et de \u00abnettoyer\u00bb le th\u00e9.<\/p>\n<\/li>\n<li>\n<p data-path-to-node=\"5,1,0\"><b data-path-to-node=\"5,1,0\" data-index-in-node=\"0\">Perfusion :<\/b> Remplir la bouilloire d'eau bouillante sur les haricots nettoy\u00e9s.<\/p>\n<\/li>\n<li>\n<p data-path-to-node=\"5,2,0\"><b data-path-to-node=\"5,2,0\" data-index-in-node=\"0\">La touche de fra\u00eecheur :<\/b> Introduire un bon groupe de <b data-path-to-node=\"5,2,0\" data-index-in-node=\"45\">menthe fra\u00eeche<\/b> (pr\u00e9alablement lav\u00e9s) et ajouter du sucre au go\u00fbt (traditionnellement, on en met assez, mais vous pouvez l'ajuster).<\/p>\n<\/li>\n<li>\n<p data-path-to-node=\"5,3,0\"><b data-path-to-node=\"5,3,0\" data-index-in-node=\"0\">El Reposo :<\/b> Mettez la bouilloire sur le feu pendant quelques minutes jusqu'\u00e0 \u00e9bullition ou laissez-la couverte pendant 5 minutes pour permettre \u00e0 la menthe de lib\u00e9rer son essence.<\/p>\n<\/li>\n<li>\n<p data-path-to-node=\"5,4,0\"><b data-path-to-node=\"5,4,0\" data-index-in-node=\"0\">M\u00e9langer et a\u00e9rer :<\/b> C'est l'\u00e9tape cl\u00e9. Versez une tasse et reversez-la dans la bouilloire. R\u00e9p\u00e9tez cette op\u00e9ration 2 ou 3 fois. Cela permet de m\u00e9langer le sucre et d'oxyg\u00e9ner le th\u00e9.<\/p>\n<\/li>\n<li>\n<p data-path-to-node=\"5,5,0\"><b data-path-to-node=\"5,5,0\" data-index-in-node=\"0\">El Escanciado :<\/b> Versez le th\u00e9 en tenant la th\u00e9i\u00e8re. <b data-path-to-node=\"5,5,0\" data-index-in-node=\"47\">depuis le sommet<\/b>. C'est ainsi que se forme la mousse caract\u00e9ristique (la \u00abtourbe\u00bb) qui maintient la chaleur et l'ar\u00f4me dans le verre.<\/p>\n<\/li>\n<\/ol>\n<blockquote data-path-to-node=\"9\">\n<p style=\"text-align: center;\" data-path-to-node=\"9,0\"><strong><i data-path-to-node=\"9,0\" data-index-in-node=\"0\">\u00abAvec ce paquet de 200 g de th\u00e9 Sultan, vous pouvez d\u00e9guster environ 40 \u00e0 50 th\u00e9i\u00e8res pleines de tradition.\u00bb<\/i><\/strong><\/p>\n<\/blockquote>","protected":false},"excerpt":{"rendered":"<p data-path-to-node=\"3,0\"><b data-path-to-node=\"3,0\" data-index-in-node=\"0\">Le th\u00e9 vert de pr\u00e9dilection des m\u00e9nages marocains.<\/b> L'emballage de <b data-path-to-node=\"3,0\" data-index-in-node=\"64\">200 g de Sultan<\/b> offre un grain fin de qualit\u00e9 sup\u00e9rieure, sp\u00e9cialement con\u00e7u pour se m\u00e9langer \u00e0 la menthe poivr\u00e9e et au sucre. C'est la base indispensable pour ceux qui recherchent le go\u00fbt doux et amer et l'ar\u00f4me authentique du th\u00e9 maure traditionnel.<\/p>\n<ul data-path-to-node=\"3,1\">\n<li>\n<p data-path-to-node=\"3,1,0,0\"><b data-path-to-node=\"3,1,0,0\" data-index-in-node=\"0\">Performance :<\/b> Id\u00e9al pour plus de 40 th\u00e9i\u00e8res.<\/p>\n<\/li>\n<li>\n<p data-path-to-node=\"3,1,1,0\"><b data-path-to-node=\"3,1,1,0\" data-index-in-node=\"0\">Qualit\u00e9 :<\/b> 100% naturel, grain s\u00e9lectionn\u00e9.<\/p>\n<\/li>\n<li>\n<p data-path-to-node=\"3,1,2,0\"><b data-path-to-node=\"3,1,2,0\" data-index-in-node=\"0\">Utiliser :<\/b> Parfait pour le rituel quotidien ou pour recevoir des invit\u00e9s.<\/p>\n<\/li>\n<\/ul>","protected":false},"featured_media":360,"comment_status":"open","ping_status":"closed","template":"","meta":{"_joinchat":[]},"product_brand":[],"product_cat":[16],"product_tag":[],"class_list":{"0":"post-358","1":"product","2":"type-product","3":"status-publish","4":"has-post-thumbnail","6":"product_cat-tienda-infusiones-tes-hierbas-marruecos","8":"first","9":"instock","10":"taxable","11":"shipping-taxable","12":"purchasable","13":"product-type-simple"},"yoast_head":"<!-- This site is optimized with the Yoast SEO plugin v27.1.1 - https:\/\/yoast.com\/product\/yoast-seo-wordpress\/ -->\n<title>T\u00e9 Verde Sultan - Grano Fino (Envase 200 g) - 3.0th Miel Pura, Polen y Prop\u00f3leo Online<\/title>\n<meta name=\"description\" content=\"Compra t\u00e9 verde Sultan 200g, el aut\u00e9ntico sabor de Marruecos. Grano fino ideal para preparar el mejor t\u00e9 moruno con menta. \u00a1Calidad premium al mejor precio!\" \/>\n<meta name=\"robots\" content=\"index, follow, max-snippet:-1, max-image-preview:large, max-video-preview:-1\" \/>\n<link rel=\"canonical\" href=\"https:\/\/30th.ma\/fr\/produit-2\/sultan-green-tea-fine-grain-pack-200-g\/\" \/>\n<meta property=\"og:locale\" content=\"fr_FR\" \/>\n<meta property=\"og:type\" content=\"article\" \/>\n<meta property=\"og:title\" content=\"T\u00e9 Verde Sultan - Grano Fino (Envase 200 g) - 3.0th Miel Pura, Polen y Prop\u00f3leo Online\" \/>\n<meta property=\"og:description\" content=\"Compra t\u00e9 verde Sultan 200g, el aut\u00e9ntico sabor de Marruecos. Grano fino ideal para preparar el mejor t\u00e9 moruno con menta. \u00a1Calidad premium al mejor precio!\" \/>\n<meta property=\"og:url\" content=\"https:\/\/30th.ma\/fr\/produit-2\/sultan-green-tea-fine-grain-pack-200-g\/\" \/>\n<meta property=\"og:site_name\" content=\"3.0th Miel Pura, Polen y Prop\u00f3leo Online\" \/>\n<meta property=\"article:publisher\" content=\"https:\/\/www.facebook.com\/spanish.morocco.food\" \/>\n<meta property=\"article:modified_time\" content=\"2026-02-05T17:36:44+00:00\" \/>\n<meta property=\"og:image\" content=\"https:\/\/30th.ma\/wp-content\/uploads\/2026\/02\/Te-sultan-200-g-grano.jpg\" \/>\n\t<meta property=\"og:image:width\" content=\"1111\" \/>\n\t<meta property=\"og:image:height\" content=\"1010\" \/>\n\t<meta property=\"og:image:type\" content=\"image\/jpeg\" \/>\n<meta name=\"twitter:card\" content=\"summary_large_image\" \/>\n<meta name=\"twitter:label1\" content=\"Dur\u00e9e de lecture estim\u00e9e\" \/>\n\t<meta name=\"twitter:data1\" content=\"2 minutes\" \/>\n<script type=\"application\/ld+json\" class=\"yoast-schema-graph\">{\"@context\":\"https:\/\/schema.org\",\"@graph\":[{\"@type\":\"WebPage\",\"@id\":\"https:\/\/30th.ma\/product\/te-verde-sultan-grano-fino-envase-200-g\/\",\"url\":\"https:\/\/30th.ma\/product\/te-verde-sultan-grano-fino-envase-200-g\/\",\"name\":\"T\u00e9 Verde Sultan - Grano Fino (Envase 200 g) - 3.0th Miel Pura, Polen y Prop\u00f3leo Online\",\"isPartOf\":{\"@id\":\"https:\/\/30th.ma\/#website\"},\"primaryImageOfPage\":{\"@id\":\"https:\/\/30th.ma\/product\/te-verde-sultan-grano-fino-envase-200-g\/#primaryimage\"},\"image\":{\"@id\":\"https:\/\/30th.ma\/product\/te-verde-sultan-grano-fino-envase-200-g\/#primaryimage\"},\"thumbnailUrl\":\"https:\/\/30th.ma\/wp-content\/uploads\/2026\/02\/Te-sultan-200-g-grano.webp\",\"datePublished\":\"2026-02-05T17:32:39+00:00\",\"dateModified\":\"2026-02-05T17:36:44+00:00\",\"description\":\"Compra t\u00e9 verde Sultan 200g, el aut\u00e9ntico sabor de Marruecos. Grano fino ideal para preparar el mejor t\u00e9 moruno con menta. \u00a1Calidad premium al mejor precio!\",\"breadcrumb\":{\"@id\":\"https:\/\/30th.ma\/product\/te-verde-sultan-grano-fino-envase-200-g\/#breadcrumb\"},\"inLanguage\":\"fr-FR\",\"potentialAction\":[{\"@type\":\"ReadAction\",\"target\":[\"https:\/\/30th.ma\/product\/te-verde-sultan-grano-fino-envase-200-g\/\"]}]},{\"@type\":\"ImageObject\",\"inLanguage\":\"fr-FR\",\"@id\":\"https:\/\/30th.ma\/product\/te-verde-sultan-grano-fino-envase-200-g\/#primaryimage\",\"url\":\"https:\/\/30th.ma\/wp-content\/uploads\/2026\/02\/Te-sultan-200-g-grano.webp\",\"contentUrl\":\"https:\/\/30th.ma\/wp-content\/uploads\/2026\/02\/Te-sultan-200-g-grano.webp\",\"width\":1111,\"height\":1010,\"caption\":\"T\u00e9 Sultan 200g: El sabor aut\u00e9ntico de la tradici\u00f3n marroqu\u00ed en cada taza.\"},{\"@type\":\"BreadcrumbList\",\"@id\":\"https:\/\/30th.ma\/product\/te-verde-sultan-grano-fino-envase-200-g\/#breadcrumb\",\"itemListElement\":[{\"@type\":\"ListItem\",\"position\":1,\"name\":\"Home\",\"item\":\"https:\/\/30th.ma\/\"},{\"@type\":\"ListItem\",\"position\":2,\"name\":\"Ver todo\",\"item\":\"https:\/\/30th.ma\/ver-todo\/\"},{\"@type\":\"ListItem\",\"position\":3,\"name\":\"T\u00e9 Verde Sultan &#8211; Grano Fino (Envase 200 g)\"}]},{\"@type\":\"WebSite\",\"@id\":\"https:\/\/30th.ma\/#website\",\"url\":\"https:\/\/30th.ma\/\",\"name\":\"3.0th Miel Pura, Polen y Prop\u00f3leo Online\",\"description\":\"Miel, polen y prop\u00f3leo 100% naturales y artesanos. Descubre los beneficios de los tesoros de la colmena para tu salud y vitalidad\",\"publisher\":{\"@id\":\"https:\/\/30th.ma\/#organization\"},\"potentialAction\":[{\"@type\":\"SearchAction\",\"target\":{\"@type\":\"EntryPoint\",\"urlTemplate\":\"https:\/\/30th.ma\/?s={search_term_string}\"},\"query-input\":{\"@type\":\"PropertyValueSpecification\",\"valueRequired\":true,\"valueName\":\"search_term_string\"}}],\"inLanguage\":\"fr-FR\"},{\"@type\":\"Organization\",\"@id\":\"https:\/\/30th.ma\/#organization\",\"name\":\"3.0th Miel Pura, Polen y Prop\u00f3leo Online\",\"url\":\"https:\/\/30th.ma\/\",\"logo\":{\"@type\":\"ImageObject\",\"inLanguage\":\"fr-FR\",\"@id\":\"https:\/\/30th.ma\/#\/schema\/logo\/image\/\",\"url\":\"https:\/\/30th.ma\/wp-content\/uploads\/2025\/12\/cropped-82d0a305-434e-415f-9d9c-3867d4362c2b.png\",\"contentUrl\":\"https:\/\/30th.ma\/wp-content\/uploads\/2025\/12\/cropped-82d0a305-434e-415f-9d9c-3867d4362c2b.png\",\"width\":457,\"height\":296,\"caption\":\"3.0th Miel Pura, Polen y Prop\u00f3leo Online\"},\"image\":{\"@id\":\"https:\/\/30th.ma\/#\/schema\/logo\/image\/\"},\"sameAs\":[\"https:\/\/www.facebook.com\/spanish.morocco.food\"]}]}<\/script>\n<!-- \/ Yoast SEO plugin. -->","yoast_head_json":{"title":"Sultan Green Tea - Fine Grain (Pack 200 g) - 3.0th Pure Honey, Pollen &amp; Propolis Online","description":"Acheter Sultan Th\u00e9 Vert 200g, le go\u00fbt authentique du Maroc. Grain fin id\u00e9al pour pr\u00e9parer le meilleur th\u00e9 maure \u00e0 la menthe, qualit\u00e9 premium au meilleur prix !","robots":{"index":"index","follow":"follow","max-snippet":"max-snippet:-1","max-image-preview":"max-image-preview:large","max-video-preview":"max-video-preview:-1"},"canonical":"https:\/\/30th.ma\/fr\/produit-2\/sultan-green-tea-fine-grain-pack-200-g\/","og_locale":"fr_FR","og_type":"article","og_title":"T\u00e9 Verde Sultan - Grano Fino (Envase 200 g) - 3.0th Miel Pura, Polen y Prop\u00f3leo Online","og_description":"Compra t\u00e9 verde Sultan 200g, el aut\u00e9ntico sabor de Marruecos. Grano fino ideal para preparar el mejor t\u00e9 moruno con menta. \u00a1Calidad premium al mejor precio!","og_url":"https:\/\/30th.ma\/fr\/produit-2\/sultan-green-tea-fine-grain-pack-200-g\/","og_site_name":"3.0th Miel Pura, Polen y Prop\u00f3leo Online","article_publisher":"https:\/\/www.facebook.com\/spanish.morocco.food","article_modified_time":"2026-02-05T17:36:44+00:00","og_image":[{"width":1111,"height":1010,"url":"https:\/\/30th.ma\/wp-content\/uploads\/2026\/02\/Te-sultan-200-g-grano.jpg","type":"image\/jpeg"}],"twitter_card":"summary_large_image","twitter_misc":{"Dur\u00e9e de lecture estim\u00e9e":"2 minutes"},"schema":{"@context":"https:\/\/schema.org","@graph":[{"@type":"WebPage","@id":"https:\/\/30th.ma\/product\/te-verde-sultan-grano-fino-envase-200-g\/","url":"https:\/\/30th.ma\/product\/te-verde-sultan-grano-fino-envase-200-g\/","name":"Sultan Green Tea - Fine Grain (Pack 200 g) - 3.0th Pure Honey, Pollen &amp; Propolis Online","isPartOf":{"@id":"https:\/\/30th.ma\/#website"},"primaryImageOfPage":{"@id":"https:\/\/30th.ma\/product\/te-verde-sultan-grano-fino-envase-200-g\/#primaryimage"},"image":{"@id":"https:\/\/30th.ma\/product\/te-verde-sultan-grano-fino-envase-200-g\/#primaryimage"},"thumbnailUrl":"https:\/\/30th.ma\/wp-content\/uploads\/2026\/02\/Te-sultan-200-g-grano.webp","datePublished":"2026-02-05T17:32:39+00:00","dateModified":"2026-02-05T17:36:44+00:00","description":"Acheter Sultan Th\u00e9 Vert 200g, le go\u00fbt authentique du Maroc. Grain fin id\u00e9al pour pr\u00e9parer le meilleur th\u00e9 maure \u00e0 la menthe, qualit\u00e9 premium au meilleur prix !","breadcrumb":{"@id":"https:\/\/30th.ma\/product\/te-verde-sultan-grano-fino-envase-200-g\/#breadcrumb"},"inLanguage":"fr-FR","potentialAction":[{"@type":"ReadAction","target":["https:\/\/30th.ma\/product\/te-verde-sultan-grano-fino-envase-200-g\/"]}]},{"@type":"ImageObject","inLanguage":"fr-FR","@id":"https:\/\/30th.ma\/product\/te-verde-sultan-grano-fino-envase-200-g\/#primaryimage","url":"https:\/\/30th.ma\/wp-content\/uploads\/2026\/02\/Te-sultan-200-g-grano.webp","contentUrl":"https:\/\/30th.ma\/wp-content\/uploads\/2026\/02\/Te-sultan-200-g-grano.webp","width":1111,"height":1010,"caption":"T\u00e9 Sultan 200g: El sabor aut\u00e9ntico de la tradici\u00f3n marroqu\u00ed en cada taza."},{"@type":"BreadcrumbList","@id":"https:\/\/30th.ma\/product\/te-verde-sultan-grano-fino-envase-200-g\/#breadcrumb","itemListElement":[{"@type":"ListItem","position":1,"name":"Home","item":"https:\/\/30th.ma\/"},{"@type":"ListItem","position":2,"name":"Ver todo","item":"https:\/\/30th.ma\/ver-todo\/"},{"@type":"ListItem","position":3,"name":"T\u00e9 Verde Sultan &#8211; Grano Fino (Envase 200 g)"}]},{"@type":"WebSite","@id":"https:\/\/30th.ma\/#website","url":"https:\/\/30th.ma\/","name":"3.0th Miel pur, pollen et propolis en ligne","description":"Miel naturel et artisanal, pollen et propolis 100%. D\u00e9couvrez les bienfaits des tr\u00e9sors de la ruche pour votre sant\u00e9 et votre vitalit\u00e9.","publisher":{"@id":"https:\/\/30th.ma\/#organization"},"potentialAction":[{"@type":"SearchAction","target":{"@type":"EntryPoint","urlTemplate":"https:\/\/30th.ma\/?s={search_term_string}"},"query-input":{"@type":"PropertyValueSpecification","valueRequired":true,"valueName":"search_term_string"}}],"inLanguage":"fr-FR"},{"@type":"Organization","@id":"https:\/\/30th.ma\/#organization","name":"3.0th Miel pur, pollen et propolis en ligne","url":"https:\/\/30th.ma\/","logo":{"@type":"ImageObject","inLanguage":"fr-FR","@id":"https:\/\/30th.ma\/#\/schema\/logo\/image\/","url":"https:\/\/30th.ma\/wp-content\/uploads\/2025\/12\/cropped-82d0a305-434e-415f-9d9c-3867d4362c2b.png","contentUrl":"https:\/\/30th.ma\/wp-content\/uploads\/2025\/12\/cropped-82d0a305-434e-415f-9d9c-3867d4362c2b.png","width":457,"height":296,"caption":"3.0th Miel Pura, Polen y Prop\u00f3leo Online"},"image":{"@id":"https:\/\/30th.ma\/#\/schema\/logo\/image\/"},"sameAs":["https:\/\/www.facebook.com\/spanish.morocco.food"]}]}},"_links":{"self":[{"href":"https:\/\/30th.ma\/fr\/wp-json\/wp\/v2\/product\/358","targetHints":{"allow":["GET"]}}],"collection":[{"href":"https:\/\/30th.ma\/fr\/wp-json\/wp\/v2\/product"}],"about":[{"href":"https:\/\/30th.ma\/fr\/wp-json\/wp\/v2\/types\/product"}],"replies":[{"embeddable":true,"href":"https:\/\/30th.ma\/fr\/wp-json\/wp\/v2\/comments?post=358"}],"wp:featuredmedia":[{"embeddable":true,"href":"https:\/\/30th.ma\/fr\/wp-json\/wp\/v2\/media\/360"}],"wp:attachment":[{"href":"https:\/\/30th.ma\/fr\/wp-json\/wp\/v2\/media?parent=358"}],"wp:term":[{"taxonomy":"product_brand","embeddable":true,"href":"https:\/\/30th.ma\/fr\/wp-json\/wp\/v2\/product_brand?post=358"},{"taxonomy":"product_cat","embeddable":true,"href":"https:\/\/30th.ma\/fr\/wp-json\/wp\/v2\/product_cat?post=358"},{"taxonomy":"product_tag","embeddable":true,"href":"https:\/\/30th.ma\/fr\/wp-json\/wp\/v2\/product_tag?post=358"}],"curies":[{"name":"wp","href":"https:\/\/api.w.org\/{rel}","templated":true}]}}