{"id":378,"date":"2026-03-14T09:32:49","date_gmt":"2026-03-14T09:32:49","guid":{"rendered":"https:\/\/30th.ma\/?post_type=product&#038;p=378"},"modified":"2026-03-14T12:03:40","modified_gmt":"2026-03-14T12:03:40","slug":"miel-naturel-epice-niveau-modere-%f0%9f%8c%b6%ef%b8%8f-miel-de-foret-3-0th","status":"publish","type":"product","link":"https:\/\/30th.ma\/fr\/product\/miel-picante-natural-nivel-moderado-%f0%9f%8c%b6%ef%b8%8f-miel-de-bosque-3-0th\/","title":{"rendered":"Miel \u00e9pic\u00e9 (mod\u00e9r\u00e9 - 1 piment) 255 g"},"content":{"rendered":"<p data-path-to-node=\"22\"><b data-path-to-node=\"22\" data-index-in-node=\"5\">Osez la r\u00e9volution des saveurs : Sweet &amp; Heat.<\/b><\/p>\n<p data-path-to-node=\"23\">Nous avons cr\u00e9\u00e9 une v\u00e9ritable \u0153uvre d'art gastronomique en r\u00e9unissant deux mondes oppos\u00e9s. Nous avons s\u00e9lectionn\u00e9 notre miel de for\u00eat le plus profond et le plus aromatique, r\u00e9colt\u00e9 en Espagne, et l'avons infus\u00e9 naturellement avec une s\u00e9lection de piments soigneusement choisis (dont le l\u00e9gendaire Carolina Reaper).<\/p>\n<p data-path-to-node=\"24\">En portant la marque de <b data-path-to-node=\"24\" data-index-in-node=\"22\">1 piment<\/b>, Cette version est destin\u00e9e \u00e0 tous. Lorsque vous le d\u00e9gusterez, vous sentirez d'abord la riche douceur du miel de for\u00eat et, quelques secondes plus tard, une agr\u00e9able sensation de picotement chaud s'emparera de votre palais, rehaussant chaque bouch\u00e9e.<\/p>\n<p data-path-to-node=\"25\"><b data-path-to-node=\"25\" data-index-in-node=\"0\">Comment d\u00e9guster notre miel mod\u00e9r\u00e9ment \u00e9pic\u00e9 ?<\/b> C'est le secret le mieux gard\u00e9 des chefs modernes. Essayez-le sur :<\/p>\n<ul data-path-to-node=\"26\">\n<li>\n<p data-path-to-node=\"26,0,0\">Les pizzas fra\u00eechement cuites (en particulier les pizzas au pepperoni ou aux quatre fromages).<\/p>\n<\/li>\n<li>\n<p data-path-to-node=\"26,1,0\">Planches de fromages affin\u00e9s et de charcuterie.<\/p>\n<\/li>\n<li>\n<p data-path-to-node=\"26,2,0\">C\u00f4tes lev\u00e9es au barbecue, ailes de poulet ou hamburgers gastronomiques.<\/p>\n<\/li>\n<li>\n<p data-path-to-node=\"26,3,0\">M\u00eame pour donner une touche audacieuse \u00e0 vos vinaigrettes.<\/p>\n<\/li>\n<\/ul>\n<p data-path-to-node=\"27\"><i data-path-to-node=\"27\" data-index-in-node=\"0\">100% naturel, sans conservateur chimique. Agiter l\u00e9g\u00e8rement avant utilisation.<\/i><\/p>","protected":false},"excerpt":{"rendered":"<p data-path-to-node=\"16\"><b data-path-to-node=\"16\" data-index-in-node=\"5\">L'\u00e9quilibre parfait entre la douceur de la for\u00eat et le feu contr\u00f4l\u00e9.<\/b> Miel de for\u00eat de premi\u00e8re qualit\u00e9 infus\u00e9 avec du piment \u00e0 haute intensit\u00e9.<\/p>\n<ul data-path-to-node=\"17\">\n<li>\n<p data-path-to-node=\"17,0,0\"><b data-path-to-node=\"17,0,0\" data-index-in-node=\"0\">Intensit\u00e9 mod\u00e9r\u00e9e (\ud83c\udf36\ufe0f) :<\/b> Une touche \u00e9pic\u00e9e et chaude qui r\u00e9veille le palais sans masquer la saveur des aliments. Id\u00e9al pour les d\u00e9butants.<\/p>\n<\/li>\n<li>\n<p data-path-to-node=\"17,1,0\"><b data-path-to-node=\"17,1,0\" data-index-in-node=\"0\">\u2713 Master Fusion :<\/b> Le meilleur miel noir d'Espagne combin\u00e9 \u00e0 l'essence du piquant le plus l\u00e9gendaire.<\/p>\n<\/li>\n<li>\n<p data-path-to-node=\"17,2,0\"><b data-path-to-node=\"17,2,0\" data-index-in-node=\"0\">\u2713 100% Naturel :<\/b> Sans sirops ni ar\u00f4mes artificiels. La garniture id\u00e9ale pour les pizzas, les fromages, les hamburgers et les c\u00f4tes.<\/p>\n<\/li>\n<\/ul>","protected":false},"featured_media":403,"comment_status":"open","ping_status":"closed","template":"","meta":{"_joinchat":[]},"product_brand":[37],"product_cat":[17],"product_tag":[73,38,72],"class_list":{"0":"post-378","1":"product","2":"type-product","3":"status-publish","4":"has-post-thumbnail","6":"product_brand-3-0th","7":"product_cat-miel-biologique-halal-espagne-maroc","8":"product_tag-casablanca","9":"product_tag-gourmet","10":"product_tag-picante","12":"first","13":"instock","14":"taxable","15":"shipping-taxable","16":"purchasable","17":"product-type-simple"},"yoast_head":"<!-- This site is optimized with the Yoast SEO plugin v27.1.1 - https:\/\/yoast.com\/product\/yoast-seo-wordpress\/ -->\n<title>Miel Picante (Moderada - 1 Guindilla) 255 g - 3.0th Miel Pura, Polen y Prop\u00f3leo Online<\/title>\n<meta name=\"description\" content=\"Descubre nuestra Miel Picante (Nivel Moderado). Miel de bosque espa\u00f1ola 100% natural infusionada con chile. El contraste perfecto. \u00a1Compra aqu\u00ed!\" \/>\n<meta name=\"robots\" content=\"index, follow, max-snippet:-1, max-image-preview:large, max-video-preview:-1\" \/>\n<link rel=\"canonical\" href=\"https:\/\/30th.ma\/fr\/produit-2\/miel-naturel-epice-niveau-modere-\ud83c\udf36\ufe0f-miel-de-foret-3-0th\/\" \/>\n<meta property=\"og:locale\" content=\"fr_FR\" \/>\n<meta property=\"og:type\" content=\"article\" \/>\n<meta property=\"og:title\" content=\"Miel Picante (Moderada - 1 Guindilla) 255 g - 3.0th Miel Pura, Polen y Prop\u00f3leo Online\" \/>\n<meta property=\"og:description\" content=\"Descubre nuestra Miel Picante (Nivel Moderado). Miel de bosque espa\u00f1ola 100% natural infusionada con chile. El contraste perfecto. \u00a1Compra aqu\u00ed!\" \/>\n<meta property=\"og:url\" content=\"https:\/\/30th.ma\/fr\/produit-2\/miel-naturel-epice-niveau-modere-\ud83c\udf36\ufe0f-miel-de-foret-3-0th\/\" \/>\n<meta property=\"og:site_name\" content=\"3.0th Miel Pura, Polen y Prop\u00f3leo Online\" \/>\n<meta property=\"article:publisher\" content=\"https:\/\/www.facebook.com\/spanish.morocco.food\" \/>\n<meta property=\"article:modified_time\" content=\"2026-03-14T12:03:40+00:00\" \/>\n<meta property=\"og:image\" content=\"https:\/\/30th.ma\/wp-content\/uploads\/2026\/02\/Miel-picante-para-web--768x1024.png\" \/>\n\t<meta property=\"og:image:width\" content=\"768\" \/>\n\t<meta property=\"og:image:height\" content=\"1024\" \/>\n\t<meta property=\"og:image:type\" content=\"image\/png\" \/>\n<meta name=\"twitter:card\" content=\"summary_large_image\" \/>\n<meta name=\"twitter:label1\" content=\"Dur\u00e9e de lecture estim\u00e9e\" \/>\n\t<meta name=\"twitter:data1\" content=\"1 minute\" \/>\n<script type=\"application\/ld+json\" class=\"yoast-schema-graph\">{\"@context\":\"https:\/\/schema.org\",\"@graph\":[{\"@type\":\"WebPage\",\"@id\":\"https:\/\/30th.ma\/product\/miel-picante-natural-nivel-moderado-%f0%9f%8c%b6%ef%b8%8f-miel-de-bosque-3-0th\/\",\"url\":\"https:\/\/30th.ma\/product\/miel-picante-natural-nivel-moderado-%f0%9f%8c%b6%ef%b8%8f-miel-de-bosque-3-0th\/\",\"name\":\"Miel Picante (Moderada - 1 Guindilla) 255 g - 3.0th Miel Pura, Polen y Prop\u00f3leo Online\",\"isPartOf\":{\"@id\":\"https:\/\/30th.ma\/#website\"},\"primaryImageOfPage\":{\"@id\":\"https:\/\/30th.ma\/product\/miel-picante-natural-nivel-moderado-%f0%9f%8c%b6%ef%b8%8f-miel-de-bosque-3-0th\/#primaryimage\"},\"image\":{\"@id\":\"https:\/\/30th.ma\/product\/miel-picante-natural-nivel-moderado-%f0%9f%8c%b6%ef%b8%8f-miel-de-bosque-3-0th\/#primaryimage\"},\"thumbnailUrl\":\"https:\/\/30th.ma\/wp-content\/uploads\/2026\/02\/Miel-picante-para-web-.webp\",\"datePublished\":\"2026-03-14T09:32:49+00:00\",\"dateModified\":\"2026-03-14T12:03:40+00:00\",\"description\":\"Descubre nuestra Miel Picante (Nivel Moderado). Miel de bosque espa\u00f1ola 100% natural infusionada con chile. El contraste perfecto. \u00a1Compra aqu\u00ed!\",\"breadcrumb\":{\"@id\":\"https:\/\/30th.ma\/product\/miel-picante-natural-nivel-moderado-%f0%9f%8c%b6%ef%b8%8f-miel-de-bosque-3-0th\/#breadcrumb\"},\"inLanguage\":\"fr-FR\",\"potentialAction\":[{\"@type\":\"ReadAction\",\"target\":[\"https:\/\/30th.ma\/product\/miel-picante-natural-nivel-moderado-%f0%9f%8c%b6%ef%b8%8f-miel-de-bosque-3-0th\/\"]}]},{\"@type\":\"ImageObject\",\"inLanguage\":\"fr-FR\",\"@id\":\"https:\/\/30th.ma\/product\/miel-picante-natural-nivel-moderado-%f0%9f%8c%b6%ef%b8%8f-miel-de-bosque-3-0th\/#primaryimage\",\"url\":\"https:\/\/30th.ma\/wp-content\/uploads\/2026\/02\/Miel-picante-para-web-.webp\",\"contentUrl\":\"https:\/\/30th.ma\/wp-content\/uploads\/2026\/02\/Miel-picante-para-web-.webp\",\"width\":1440,\"height\":1920},{\"@type\":\"BreadcrumbList\",\"@id\":\"https:\/\/30th.ma\/product\/miel-picante-natural-nivel-moderado-%f0%9f%8c%b6%ef%b8%8f-miel-de-bosque-3-0th\/#breadcrumb\",\"itemListElement\":[{\"@type\":\"ListItem\",\"position\":1,\"name\":\"Home\",\"item\":\"https:\/\/30th.ma\/\"},{\"@type\":\"ListItem\",\"position\":2,\"name\":\"Ver todo\",\"item\":\"https:\/\/30th.ma\/ver-todo\/\"},{\"@type\":\"ListItem\",\"position\":3,\"name\":\"Miel Picante (Moderada &#8211; 1 Guindilla) 255 g\"}]},{\"@type\":\"WebSite\",\"@id\":\"https:\/\/30th.ma\/#website\",\"url\":\"https:\/\/30th.ma\/\",\"name\":\"3.0th Miel Pura, Polen y Prop\u00f3leo Online\",\"description\":\"Miel, polen y prop\u00f3leo 100% naturales y artesanos. Descubre los beneficios de los tesoros de la colmena para tu salud y vitalidad\",\"publisher\":{\"@id\":\"https:\/\/30th.ma\/#organization\"},\"potentialAction\":[{\"@type\":\"SearchAction\",\"target\":{\"@type\":\"EntryPoint\",\"urlTemplate\":\"https:\/\/30th.ma\/?s={search_term_string}\"},\"query-input\":{\"@type\":\"PropertyValueSpecification\",\"valueRequired\":true,\"valueName\":\"search_term_string\"}}],\"inLanguage\":\"fr-FR\"},{\"@type\":\"Organization\",\"@id\":\"https:\/\/30th.ma\/#organization\",\"name\":\"3.0th Miel Pura, Polen y Prop\u00f3leo Online\",\"url\":\"https:\/\/30th.ma\/\",\"logo\":{\"@type\":\"ImageObject\",\"inLanguage\":\"fr-FR\",\"@id\":\"https:\/\/30th.ma\/#\/schema\/logo\/image\/\",\"url\":\"https:\/\/30th.ma\/wp-content\/uploads\/2025\/12\/cropped-82d0a305-434e-415f-9d9c-3867d4362c2b.png\",\"contentUrl\":\"https:\/\/30th.ma\/wp-content\/uploads\/2025\/12\/cropped-82d0a305-434e-415f-9d9c-3867d4362c2b.png\",\"width\":457,\"height\":296,\"caption\":\"3.0th Miel Pura, Polen y Prop\u00f3leo Online\"},\"image\":{\"@id\":\"https:\/\/30th.ma\/#\/schema\/logo\/image\/\"},\"sameAs\":[\"https:\/\/www.facebook.com\/spanish.morocco.food\"]}]}<\/script>\n<!-- \/ Yoast SEO plugin. -->","yoast_head_json":{"title":"Miel \u00e9pic\u00e9 (mod\u00e9r\u00e9 - 1 piment) 255 g - 3.0th Miel pur, pollen et propolis en ligne","description":"D\u00e9couvrez notre miel \u00e9pic\u00e9 (niveau mod\u00e9r\u00e9). Miel de for\u00eat espagnol 100% naturel infus\u00e9 au piment. Le contraste parfait - achetez-le ici !","robots":{"index":"index","follow":"follow","max-snippet":"max-snippet:-1","max-image-preview":"max-image-preview:large","max-video-preview":"max-video-preview:-1"},"canonical":"https:\/\/30th.ma\/fr\/produit-2\/miel-naturel-epice-niveau-modere-\ud83c\udf36\ufe0f-miel-de-foret-3-0th\/","og_locale":"fr_FR","og_type":"article","og_title":"Miel Picante (Moderada - 1 Guindilla) 255 g - 3.0th Miel Pura, Polen y Prop\u00f3leo Online","og_description":"Descubre nuestra Miel Picante (Nivel Moderado). Miel de bosque espa\u00f1ola 100% natural infusionada con chile. El contraste perfecto. \u00a1Compra aqu\u00ed!","og_url":"https:\/\/30th.ma\/fr\/produit-2\/miel-naturel-epice-niveau-modere-\ud83c\udf36\ufe0f-miel-de-foret-3-0th\/","og_site_name":"3.0th Miel Pura, Polen y Prop\u00f3leo Online","article_publisher":"https:\/\/www.facebook.com\/spanish.morocco.food","article_modified_time":"2026-03-14T12:03:40+00:00","og_image":[{"width":768,"height":1024,"url":"https:\/\/30th.ma\/wp-content\/uploads\/2026\/02\/Miel-picante-para-web--768x1024.png","type":"image\/png"}],"twitter_card":"summary_large_image","twitter_misc":{"Dur\u00e9e de lecture estim\u00e9e":"1 minute"},"schema":{"@context":"https:\/\/schema.org","@graph":[{"@type":"WebPage","@id":"https:\/\/30th.ma\/product\/miel-picante-natural-nivel-moderado-%f0%9f%8c%b6%ef%b8%8f-miel-de-bosque-3-0th\/","url":"https:\/\/30th.ma\/product\/miel-picante-natural-nivel-moderado-%f0%9f%8c%b6%ef%b8%8f-miel-de-bosque-3-0th\/","name":"Miel \u00e9pic\u00e9 (mod\u00e9r\u00e9 - 1 piment) 255 g - 3.0th Miel pur, pollen et propolis en ligne","isPartOf":{"@id":"https:\/\/30th.ma\/#website"},"primaryImageOfPage":{"@id":"https:\/\/30th.ma\/product\/miel-picante-natural-nivel-moderado-%f0%9f%8c%b6%ef%b8%8f-miel-de-bosque-3-0th\/#primaryimage"},"image":{"@id":"https:\/\/30th.ma\/product\/miel-picante-natural-nivel-moderado-%f0%9f%8c%b6%ef%b8%8f-miel-de-bosque-3-0th\/#primaryimage"},"thumbnailUrl":"https:\/\/30th.ma\/wp-content\/uploads\/2026\/02\/Miel-picante-para-web-.webp","datePublished":"2026-03-14T09:32:49+00:00","dateModified":"2026-03-14T12:03:40+00:00","description":"D\u00e9couvrez notre miel \u00e9pic\u00e9 (niveau mod\u00e9r\u00e9). Miel de for\u00eat espagnol 100% naturel infus\u00e9 au piment. Le contraste parfait - achetez-le ici !","breadcrumb":{"@id":"https:\/\/30th.ma\/product\/miel-picante-natural-nivel-moderado-%f0%9f%8c%b6%ef%b8%8f-miel-de-bosque-3-0th\/#breadcrumb"},"inLanguage":"fr-FR","potentialAction":[{"@type":"ReadAction","target":["https:\/\/30th.ma\/product\/miel-picante-natural-nivel-moderado-%f0%9f%8c%b6%ef%b8%8f-miel-de-bosque-3-0th\/"]}]},{"@type":"ImageObject","inLanguage":"fr-FR","@id":"https:\/\/30th.ma\/product\/miel-picante-natural-nivel-moderado-%f0%9f%8c%b6%ef%b8%8f-miel-de-bosque-3-0th\/#primaryimage","url":"https:\/\/30th.ma\/wp-content\/uploads\/2026\/02\/Miel-picante-para-web-.webp","contentUrl":"https:\/\/30th.ma\/wp-content\/uploads\/2026\/02\/Miel-picante-para-web-.webp","width":1440,"height":1920},{"@type":"BreadcrumbList","@id":"https:\/\/30th.ma\/product\/miel-picante-natural-nivel-moderado-%f0%9f%8c%b6%ef%b8%8f-miel-de-bosque-3-0th\/#breadcrumb","itemListElement":[{"@type":"ListItem","position":1,"name":"Home","item":"https:\/\/30th.ma\/"},{"@type":"ListItem","position":2,"name":"Ver todo","item":"https:\/\/30th.ma\/ver-todo\/"},{"@type":"ListItem","position":3,"name":"Miel Picante (Moderada &#8211; 1 Guindilla) 255 g"}]},{"@type":"WebSite","@id":"https:\/\/30th.ma\/#website","url":"https:\/\/30th.ma\/","name":"3.0th Miel pur, pollen et propolis en ligne","description":"Miel naturel et artisanal, pollen et propolis 100%. D\u00e9couvrez les bienfaits des tr\u00e9sors de la ruche pour votre sant\u00e9 et votre vitalit\u00e9.","publisher":{"@id":"https:\/\/30th.ma\/#organization"},"potentialAction":[{"@type":"SearchAction","target":{"@type":"EntryPoint","urlTemplate":"https:\/\/30th.ma\/?s={search_term_string}"},"query-input":{"@type":"PropertyValueSpecification","valueRequired":true,"valueName":"search_term_string"}}],"inLanguage":"fr-FR"},{"@type":"Organization","@id":"https:\/\/30th.ma\/#organization","name":"3.0th Miel pur, pollen et propolis en ligne","url":"https:\/\/30th.ma\/","logo":{"@type":"ImageObject","inLanguage":"fr-FR","@id":"https:\/\/30th.ma\/#\/schema\/logo\/image\/","url":"https:\/\/30th.ma\/wp-content\/uploads\/2025\/12\/cropped-82d0a305-434e-415f-9d9c-3867d4362c2b.png","contentUrl":"https:\/\/30th.ma\/wp-content\/uploads\/2025\/12\/cropped-82d0a305-434e-415f-9d9c-3867d4362c2b.png","width":457,"height":296,"caption":"3.0th Miel Pura, Polen y Prop\u00f3leo Online"},"image":{"@id":"https:\/\/30th.ma\/#\/schema\/logo\/image\/"},"sameAs":["https:\/\/www.facebook.com\/spanish.morocco.food"]}]}},"_links":{"self":[{"href":"https:\/\/30th.ma\/fr\/wp-json\/wp\/v2\/product\/378","targetHints":{"allow":["GET"]}}],"collection":[{"href":"https:\/\/30th.ma\/fr\/wp-json\/wp\/v2\/product"}],"about":[{"href":"https:\/\/30th.ma\/fr\/wp-json\/wp\/v2\/types\/product"}],"replies":[{"embeddable":true,"href":"https:\/\/30th.ma\/fr\/wp-json\/wp\/v2\/comments?post=378"}],"wp:featuredmedia":[{"embeddable":true,"href":"https:\/\/30th.ma\/fr\/wp-json\/wp\/v2\/media\/403"}],"wp:attachment":[{"href":"https:\/\/30th.ma\/fr\/wp-json\/wp\/v2\/media?parent=378"}],"wp:term":[{"taxonomy":"product_brand","embeddable":true,"href":"https:\/\/30th.ma\/fr\/wp-json\/wp\/v2\/product_brand?post=378"},{"taxonomy":"product_cat","embeddable":true,"href":"https:\/\/30th.ma\/fr\/wp-json\/wp\/v2\/product_cat?post=378"},{"taxonomy":"product_tag","embeddable":true,"href":"https:\/\/30th.ma\/fr\/wp-json\/wp\/v2\/product_tag?post=378"}],"curies":[{"name":"wp","href":"https:\/\/api.w.org\/{rel}","templated":true}]}}